{"id":6293,"date":"2021-08-27T11:24:10","date_gmt":"2021-08-27T09:24:10","guid":{"rendered":"https:\/\/landesrat.hu\/kapellensektion-fortbildungen\/"},"modified":"2021-09-22T15:45:06","modified_gmt":"2021-09-22T13:45:06","slug":"kapellensektion-fortbildungen","status":"publish","type":"page","link":"https:\/\/landesrat.hu\/de\/kapellensektion-fortbildungen\/","title":{"rendered":"Kapellensektion Fortbildungen"},"content":{"rendered":"<p>[et_pb_section fb_built=&#8221;1&#8243; _builder_version=&#8221;4.9.0&#8243; _module_preset=&#8221;default&#8221; background_color=&#8221;RGBA(0,0,0,0)&#8221; background_enable_image=&#8221;off&#8221; custom_margin=&#8221;0px||0px||false|false&#8221; custom_padding=&#8221;0px||0px||false|false&#8221;][et_pb_row use_custom_gutter=&#8221;on&#8221; gutter_width=&#8221;2&#8243; _builder_version=&#8221;4.9.0&#8243; _module_preset=&#8221;default&#8221; background_color=&#8221;RGBA(0,0,0,0)&#8221; width=&#8221;100%&#8221; custom_padding=&#8221;0px||||false|false&#8221;][et_pb_column type=&#8221;4_4&#8243; _builder_version=&#8221;4.9.0&#8243; _module_preset=&#8221;default&#8221; background_color=&#8221;RGBA(0,0,0,0)&#8221; border_radii=&#8221;on|10px|10px|10px|10px&#8221;][et_pb_text _builder_version=&#8221;4.9.10&#8243; _module_preset=&#8221;default&#8221; header_2_text_color=&#8221;#003978&#8243; background_color=&#8221;RGBA(0,0,0,0)&#8221; hover_enabled=&#8221;0&#8243; sticky_enabled=&#8221;0&#8243;]<\/p>\n<h2><strong>Fortbildungen<\/strong><\/h2>\n<ul class=\"ecs-event-list\"><li class=\"ecs-event kapellensektion-de_ecs_category kapellensektion-fortbildungen_ecs_category kapellensektion-fortbildungen-de_ecs_category landeskalender-de_ecs_category landesrat-de-2_ecs_category\"><span class=\"duration time\"><span class=\"tribe-event-date-start\">2026. Juli 5. | 09:00<\/span> - <span class=\"tribe-event-date-end\">2026. Juli 11. | 17:00<\/span><\/span><h4 class=\"entry-title summary\"><a href=\"https:\/\/landesrat.hu\/de\/event\/17-musikwoche-fuer-harmonikaspieler\/\" rel=\"bookmark\">17. Musikwoche f\u00fcr Harmonikaspieler<\/a><\/h4><\/li><li class=\"ecs-event kapellensektion-de_ecs_category kapellensektion-fortbildungen-de_ecs_category kapellensektion-fortbildungen_ecs_category kapellensektion-veranstaltungen_ecs_category landeskalender-de_ecs_category landesrat-de-2_ecs_category\"><span class=\"duration time\"><span class=\"tribe-event-date-start\">2026. Juli 27. | 09:00<\/span> - <span class=\"tribe-event-date-end\">2026. August 2. | 17:00<\/span><\/span><h4 class=\"entry-title summary\"><a href=\"https:\/\/landesrat.hu\/de\/event\/13-jao-blasmusikwoche\/\" rel=\"bookmark\">13. JAO &#8211; Blasmusikwoche<\/a><\/h4><\/li><li class=\"ecs-event kapellensektion-de_ecs_category kapellensektion-fortbildungen-de_ecs_category kapellensektion-fortbildungen_ecs_category kapellensektion-veranstaltungen_ecs_category landeskalender-de_ecs_category landesrat-de-2_ecs_category\"><span class=\"duration time\"><span class=\"tribe-event-date-start\">2027. Juni 27. | 09:00<\/span> - <span class=\"tribe-event-date-end\">2027. Juli 4. | 17:00<\/span><\/span><h4 class=\"entry-title summary\"><a href=\"https:\/\/landesrat.hu\/de\/event\/18-musikwoche-fuer-harmonikaspieler\/\" rel=\"bookmark\">18. Musikwoche f\u00fcr Harmonikaspieler<\/a><\/h4><\/li><li class=\"ecs-event kapellensektion-de_ecs_category kapellensektion-fortbildungen-de_ecs_category kapellensektion-fortbildungen_ecs_category kapellensektion-veranstaltungen_ecs_category landeskalender-de_ecs_category landesrat-de-2_ecs_category\"><span class=\"duration time\"><span class=\"tribe-event-date-start\">2027. Juli 26. | 09:00<\/span> - <span class=\"tribe-event-date-end\">2027. August 1. | 17:00<\/span><\/span><h4 class=\"entry-title summary\"><a href=\"https:\/\/landesrat.hu\/de\/event\/14-jao-musikwoche-blasmusiklager\/\" rel=\"bookmark\">14. JAO Musikwoche \/ Blasmusiklager<\/a><\/h4><\/li><li class=\"ecs-event kapellensektion-de_ecs_category kapellensektion-fortbildungen_ecs_category kapellensektion-fortbildungen-de_ecs_category landeskalender-de_ecs_category landesrat-de-2_ecs_category\"><span class=\"duration time\"><span class=\"tribe-event-date-start\">2027. November 6. | 09:00<\/span> - <span class=\"tribe-event-time\">17:00<\/span><\/span><h4 class=\"entry-title summary\"><a href=\"https:\/\/landesrat.hu\/de\/event\/fachtag-fuer-dirigenten-und-musiker-2\/\" rel=\"bookmark\">Fachtag f\u00fcr Dirigenten und Musiker<\/a><\/h4><\/li><\/ul><script type=\"application\/ld+json\">\r\n[{\"@context\":\"http:\/\/schema.org\",\"@type\":\"Event\",\"name\":\"17. Musikwoche f\\u00fcr Harmonikaspieler\",\"description\":\"&lt;p&gt;Im Rahmen des von der Harmonikasektion organisierten einw\\u00f6chigen Fachwoche k\\u00f6nnen die jungen Akkordeonspieler die authentischen ungarndeutschen Melodien erlernen. Das Ziel des Camps ist gleichzeitig das Formen des Musikgeschmackes der heranwachsenden [&hellip;]&lt;\/p&gt;\\\\n\",\"image\":\"https:\/\/landesrat.hu\/wp-content\/uploads\/2024\/07\/LAH24-50.jpg\",\"url\":\"https:\/\/landesrat.hu\/de\/event\/17-musikwoche-fuer-harmonikaspieler\/\",\"eventAttendanceMode\":\"https:\/\/schema.org\/OfflineEventAttendanceMode\",\"eventStatus\":\"https:\/\/schema.org\/EventScheduled\",\"startDate\":\"2026-07-05T09:00:00+02:00\",\"endDate\":\"2026-07-11T17:00:00+02:00\",\"location\":{\"@type\":\"Place\",\"name\":\"Bakony Panzi\\u00f3\",\"description\":\"\",\"url\":\"https:\/\/landesrat.hu\/veranstaltungsort\/totvazsony-2\/\",\"address\":{\"@type\":\"PostalAddress\",\"streetAddress\":\"Magyar u. 60.\",\"addressLocality\":\"T\\u00f3tv\\u00e1zsony\",\"addressRegion\":\"Veszpr\\u00e9m\",\"postalCode\":\"8246\"},\"geo\":{\"@type\":\"GeoCoordinates\",\"latitude\":47.03129630000000105383151094429194927215576171875,\"longitude\":17.791788100000001549005901324562728404998779296875},\"telephone\":\"\",\"sameAs\":\"\"},\"organizer\":{\"@type\":\"Person\",\"name\":\"Landesrat\",\"description\":\"\",\"url\":\"https:\/\/landesrat.hu\",\"telephone\":\"+36-20\/349-02-51\",\"email\":\"l&#97;nde&#115;&#114;&#97;&#116;&#64;&#108;andesr&#97;&#116;.h&#117;\",\"sameAs\":\"https:\/\/landesrat.hu\"},\"performer\":\"Organization\"},{\"@context\":\"http:\/\/schema.org\",\"@type\":\"Event\",\"name\":\"13. JAO &#8211; Blasmusikwoche\",\"description\":\"&lt;p&gt;13. Fachwoche des Jugendauswahlorchesters, ein Blasmusikcamp, um eine junge ungarndeutsche Musikergeneration heranzuziehen und fortzubilden.&lt;\/p&gt;\\\\n\",\"image\":\"https:\/\/landesrat.hu\/wp-content\/uploads\/2024\/11\/LJB24-34.jpg\",\"url\":\"https:\/\/landesrat.hu\/de\/event\/13-jao-blasmusikwoche\/\",\"eventAttendanceMode\":\"https:\/\/schema.org\/OfflineEventAttendanceMode\",\"eventStatus\":\"https:\/\/schema.org\/EventScheduled\",\"startDate\":\"2026-07-27T09:00:00+02:00\",\"endDate\":\"2026-08-02T17:00:00+02:00\",\"location\":{\"@type\":\"Place\",\"name\":\"Mecsekn\\u00e1dasd\",\"description\":\"&lt;p&gt;Bakancsos Vend\\u00e9gh\\u00e1z&lt;\/p&gt;\\\\n\",\"url\":\"https:\/\/landesrat.hu\/veranstaltungsort\/mecseknadasd\/\",\"address\":{\"@type\":\"PostalAddress\",\"streetAddress\":\"Liszt Ferenc u. 75\/3.\",\"addressLocality\":\"Mecsekn\\u00e1dasd\",\"addressRegion\":\"Baranya\",\"postalCode\":\"7695\"},\"geo\":{\"@type\":\"GeoCoordinates\",\"latitude\":46.224660000000000081854523159563541412353515625,\"longitude\":18.465385500000000007503331289626657962799072265625},\"telephone\":\"\",\"sameAs\":\"\"},\"organizer\":{\"@type\":\"Person\",\"name\":\"Landesrat\",\"description\":\"\",\"url\":\"https:\/\/landesrat.hu\",\"telephone\":\"+36-20\/349-02-51\",\"email\":\"l&#97;nde&#115;r&#97;t&#64;l&#97;&#110;d&#101;&#115;rat.&#104;&#117;\",\"sameAs\":\"https:\/\/landesrat.hu\"},\"performer\":\"Organization\"},{\"@context\":\"http:\/\/schema.org\",\"@type\":\"Event\",\"name\":\"18. Musikwoche f\\u00fcr Harmonikaspieler\",\"description\":\"&lt;p&gt;Im Rahmen des von der Harmonikasektion organisierten einw\\u00f6chigen Fachwoche k\\u00f6nnen die jungen Akkordeonspieler die authentischen ungarndeutschen Melodien erlernen. Das Ziel des Camps ist gleichzeitig das Formen des Musikgeschmackes der heranwachsenden [&hellip;]&lt;\/p&gt;\\\\n\",\"image\":\"https:\/\/landesrat.hu\/wp-content\/uploads\/2024\/07\/LAH24-01.jpg\",\"url\":\"https:\/\/landesrat.hu\/de\/event\/18-musikwoche-fuer-harmonikaspieler\/\",\"eventAttendanceMode\":\"https:\/\/schema.org\/OfflineEventAttendanceMode\",\"eventStatus\":\"https:\/\/schema.org\/EventScheduled\",\"startDate\":\"2027-06-27T09:00:00+02:00\",\"endDate\":\"2027-07-04T17:00:00+02:00\",\"location\":{\"@type\":\"Place\",\"name\":\"Sz\\u00e1lka\",\"description\":\"\",\"url\":\"https:\/\/landesrat.hu\/veranstaltungsort\/szalka\/\",\"address\":{\"@type\":\"PostalAddress\",\"addressLocality\":\"Sz\\u00e1lka\",\"addressRegion\":\"Tolna\",\"postalCode\":\"7121\",\"addressCountry\":\"Magyarorsz\\u00e1g\"},\"geo\":{\"@type\":\"GeoCoordinates\",\"latitude\":46.2888913000000030706360121257603168487548828125,\"longitude\":18.63782619999999923265932011418044567108154296875},\"telephone\":\"\",\"sameAs\":\"\"},\"organizer\":{\"@type\":\"Person\",\"name\":\"Landesrat\",\"description\":\"\",\"url\":\"https:\/\/landesrat.hu\",\"telephone\":\"+36-20\/349-02-51\",\"email\":\"&#108;&#97;&#110;d&#101;&#115;r&#97;&#116;&#64;&#108;&#97;&#110;&#100;&#101;sra&#116;&#46;hu\",\"sameAs\":\"https:\/\/landesrat.hu\"},\"performer\":\"Organization\"},{\"@context\":\"http:\/\/schema.org\",\"@type\":\"Event\",\"name\":\"14. JAO Musikwoche \/ Blasmusiklager\",\"description\":\"&lt;p&gt;14. Fachwoche des Jugendauswahlorchesters, ein Blasmusikcamp, um eine junge ungarndeutsche Musikergeneration heranzuziehen und fortzubilden.&lt;\/p&gt;\\\\n\",\"image\":\"https:\/\/landesrat.hu\/wp-content\/uploads\/2024\/10\/LKIS24-52.jpg\",\"url\":\"https:\/\/landesrat.hu\/de\/event\/14-jao-musikwoche-blasmusiklager\/\",\"eventAttendanceMode\":\"https:\/\/schema.org\/OfflineEventAttendanceMode\",\"eventStatus\":\"https:\/\/schema.org\/EventScheduled\",\"startDate\":\"2027-07-26T09:00:00+02:00\",\"endDate\":\"2027-08-01T17:00:00+02:00\",\"location\":{\"@type\":\"Place\",\"name\":\"G\\u00e1nt\",\"description\":\"\",\"url\":\"https:\/\/landesrat.hu\/veranstaltungsort\/gant\/\",\"address\":{\"@type\":\"PostalAddress\",\"streetAddress\":\"B\\u00e9ke t\\u00e9r 17.\",\"addressLocality\":\"G\\u00e1nt\",\"addressRegion\":\"Fej\\u00e9r\",\"postalCode\":\"8082\",\"addressCountry\":\"Magyarorsz\\u00e1g\"},\"geo\":{\"@type\":\"GeoCoordinates\",\"latitude\":47.39190800000000081126927398145198822021484375,\"longitude\":18.387775999999998788325683563016355037689208984375},\"telephone\":\"\",\"sameAs\":\"\"},\"organizer\":{\"@type\":\"Person\",\"name\":\"Landesrat\",\"description\":\"\",\"url\":\"https:\/\/landesrat.hu\",\"telephone\":\"+36-20\/349-02-51\",\"email\":\"la&#110;&#100;e&#115;rat&#64;&#108;&#97;n&#100;e&#115;ra&#116;&#46;&#104;u\",\"sameAs\":\"https:\/\/landesrat.hu\"},\"performer\":\"Organization\"},{\"@context\":\"http:\/\/schema.org\",\"@type\":\"Event\",\"name\":\"Fachtag f\\u00fcr Dirigenten und Musiker\",\"description\":\"&lt;p&gt;Die Fachveranstaltung der Kapellensektion ist eine Veranstaltung f\\u00fcr die Weiterentwicklung der F\\u00e4higkeiten der Dirigenten und Musiker. Sie bietet eine fachliche Unterst\\u00fctzung f\\u00fcr das Sammeln des ungarndeutschen muttersprachlichen Musikschatzes, dessen Pr\\u00e4sentation [&hellip;]&lt;\/p&gt;\\\\n\",\"image\":\"https:\/\/landesrat.hu\/wp-content\/uploads\/2025\/01\/DSC_4183-scaled.jpg\",\"url\":\"https:\/\/landesrat.hu\/de\/event\/fachtag-fuer-dirigenten-und-musiker-2\/\",\"eventAttendanceMode\":\"https:\/\/schema.org\/OfflineEventAttendanceMode\",\"eventStatus\":\"https:\/\/schema.org\/EventScheduled\",\"startDate\":\"2027-11-06T09:00:00+01:00\",\"endDate\":\"2027-11-06T17:00:00+01:00\",\"location\":{\"@type\":\"Place\",\"name\":\"S\\u00f3sk\\u00fati F\\u00fav\\u00f3s Zeneh\\u00e1z\",\"description\":\"\",\"url\":\"https:\/\/landesrat.hu\/veranstaltungsort\/soskuti-fuvos-zenehaz\/\",\"address\":{\"@type\":\"PostalAddress\",\"streetAddress\":\"Kossuth Lajos u. 25.\",\"addressLocality\":\"S\\u00f3sk\\u00fat\",\"addressRegion\":\"Pest\",\"postalCode\":\"2038\",\"addressCountry\":\"Magyarorsz\\u00e1g\"},\"geo\":{\"@type\":\"GeoCoordinates\",\"latitude\":47.40653019999999884248609305359423160552978515625,\"longitude\":18.824550800000000805312083684839308261871337890625},\"telephone\":\"\",\"sameAs\":\"\"},\"organizer\":{\"@type\":\"Person\",\"name\":\"Landesrat\",\"description\":\"\",\"url\":\"https:\/\/landesrat.hu\",\"telephone\":\"+36-20\/349-02-51\",\"email\":\"lan&#100;&#101;sra&#116;&#64;la&#110;d&#101;&#115;&#114;at&#46;&#104;&#117;\",\"sameAs\":\"https:\/\/landesrat.hu\"},\"performer\":\"Organization\"}]\r\n<\/script><!--\n Event listing powered by The Events Calendar Shortcode\n https:\/\/eventcalendarnewsletter.com\/the-events-calendar-shortcode\/ \n-->\n<p>Die auf Jahrzehnte zur\u00fcckzuf\u00fchrenden fachlichen Weiterbildungen der Kapellensektion fokussieren vor allem auf die Bildung der jungen Musiker, der heranwachsenden Generation.<\/p>\n<p><strong>Jugendauswahlorchester<\/strong><\/p>\n<p>Das<strong> Jugendauswahlo<\/strong><strong>r<\/strong><strong>chester <\/strong>ertr\u00e4umten und gr\u00fcndeten die zwei ikonischen Pers\u00f6nlichkeiten des Landesrates, <strong>Franz Heilig<\/strong>, der damalige Vorsitzende, und<strong> Johann F<\/strong><strong>\u00f3di<\/strong>, der Vorsitzende der Kapellensektion.<\/p>\n<p>Das Ziel der Kapelle ist <strong>das Heranziehen und die Fortbildung der ungarndeutschen jungen Musikergeneration<\/strong>. Die Mitglieder sind 10-24 Jahre alte talentierte junge Musikanten, die als ein repr\u00e4sentatives Orchester die Ungarndeutschen im In- und Ausland vertreten. Neben ungarndeutscher Blasmusik spielen sie auch donauschw\u00e4bische und tschechische St\u00fccke.<\/p>\n<p><strong>\u201e<\/strong><strong>JAO-Musikwoche<\/strong><strong>\u201d<\/strong><strong> &#8211; Fachwoche<\/strong><\/p>\n<p>Um das Repertoire des Orchesters zusammenzustellen, einzu\u00fcben und die unterschiedlichen musikalischen F\u00e4higkeiten der Musiker aufeinander abzustimmen, wird j\u00e4hrlich die <strong>JAO-Musikwoche, eine Fortbildungswoche <\/strong>veranstaltet.<\/p>\n<p>Die Fortbildung wurde mehrere Jahre lang mit gro\u00dfem Erfolg in den folgenden, von Ungarndeutschen bewohnten Ortschaften veranstaltet: V\u00e1rosl\u0151d\/Waschludt (2003), Dunabogd\u00e1ny\/Bogdan (2004), Fert\u0151r\u00e1kos\/Kroisbach (2005), P\u00e9csv\u00e1rad\/Petschwar (2006), Balatonf\u00fcred (2007), V\u00e1rgesztes\/Gestiz (2008).<\/p>\n<p>Nach fast ein Jahrzehnt langer Pause, nachdem sich in der Organisation ein <strong>Generationswechsel<\/strong> vollzogen hatte, <strong>organisierte die Sektion<\/strong> <strong>2019<\/strong> auf den wahren Bed\u00fcrfnissen basierend <strong>erneut die JAO-Musikwoche<\/strong>. <strong>Organisator und Vorsitzender der Kapellensektion S\u00e1ndor Kasz\u00e1s f\u00fchrt die Geistigkeit der Gr\u00fcnder fort. <\/strong>Das Ziel der Fortbildungswoche bleibt weiterhin die Entfaltung der F\u00e4higkeiten, die Talentf\u00f6rderung, das Aneignen der niveauvollen Vortragsweise, die <strong>Bewahrung der ungarndeutschen Blasmusikkultur und deren internationale Repr\u00e4sentation<\/strong>.<\/p>\n<p>Die Tradition fortsetzend versammelten sich die jungen Musiker des Jugendauswahlorchesters 2021 in Dunaszentmikl\u00f3s\/Niklo.<\/p>\n<p>Das in jungen Jahren angeeignete Wissen ist unsch\u00e4tzbar, auch deswegen ist die Bildung dieser Generation au\u00dferordentlich wichtig. Neben der individuellen Weiterentwicklung kann die durch die Gemeinschaftsarbeit erworbene Erfahrung in der Bewahrung der deutschen Traditionen in den Gemeinschaften n\u00fctzlich sein. Die Fortbildung erfolgt unter der Leitung von erfahrenen Fachleuten. Teilnahmevoraussetzung sind deutsche Sprachkenntnisse auf Grundstufe, um die Jugendlichen zu der Verwendung der Muttersprache zu motivieren. Das erlernen der Kirchenlieder und der musikalischen Begleitung der heiligen Messe unterst\u00fctzt das Wiederbeleben des deutschsprachigen Glaubenslebens.<\/p>\n<p><strong>\u201eHarmonikawoche\u201d<\/strong><\/p>\n<p>Die Kapellensektion gr\u00fcndete 2008 die <strong>Harmonikakapelle des Landesrates<\/strong>. Ebenfalls mit gemeinschaftsst\u00e4rkendem und fachlichem Charakter wird die <strong>Fortbildung<\/strong> namens <strong>Harmonikawoche<\/strong> organisiert, um Nachwuchsmusiker zu erziehen. Das einw\u00f6chige gemeinschaftliche Schaffen wurde bis heute schon zur Tradition im Kreise der Jugendlichen.<\/p>\n<p><strong>Die Ziele der<\/strong><strong>\u00a0\u201eHarmonikawoche\u201d:<\/strong><br \/>\u2013 F\u00e4higkeitsentwicklung, Talent- und Nachwuchsf\u00f6rderung;<br \/>\u2013 Bewahrung der Volksmusiktraditionen, Erweiterung der Kenntnisse dar\u00fcber;<br \/>\u2013 Vorstellen und Weitergabe der Besonderheiten der deutschen Volksmusik;<br \/>\u2013 fachlich begr\u00fcndete Instrumentenbenutzung, Stilkenntnisse;<br \/>\u2013 Volkskunde in ungebundener Form;<br \/>\u2013 Wiederbeleben des Glaubenslebens in der Muttersprache<em>.<\/em><\/p>\n<p>All dies erfolgt in muttersprachlicher Umgebung unter der Leitung von sachkundigen Fachleuten, jedoch auf spielerische Weise in der Sprache der Jugendlichen.<\/p>\n<p><strong>Die fachliche Bedeutung des Programms:<\/strong><strong><br \/><\/strong>In der Nachwuchsf\u00f6rderug ist neben der individuellen Weiterentwicklung auch die durch die Gemeinschaftsarbeit erworbene Erfahrung in der Bewahrung der deutschen Traditionen auf den verschiedenen Ebenen n\u00fctzlich. F\u00fcr die Ch\u00f6re ist die Akkordeonbegleitung hilfreich, f\u00fcr die Tanzgruppen die Kapellenbegleitung unerl\u00e4sslich. Im Qualifikationssystem der Tanzgruppen ist die Live-Kapellenbegleitung eine Grundvoraussetzung, auch damit wird eine aufeinander abgestimmte Schaffenst\u00e4tigkeit der beiden Fachgebiete angeregt.<\/p>\n<p><strong>Fachliche Weiterbildungen <\/strong><\/p>\n<p>Der Vorstand der Kapellensektion lud 2020 infolge der Einschr\u00e4nkungen wegen der Pandemie die Dirigenten und Leiter von Kapellen zu einer eint\u00e4gigen Fachfortbildung ein. Das Ziel der Fortbildung ist, ein f\u00fcr die <strong>Bewahrung<\/strong><strong> de<\/strong><strong>s<\/strong><strong> ungarndeutschen <\/strong><strong>musikalischen Kulturschatzes<\/strong> <strong>im Alltag verwendbare<\/strong><strong>s<\/strong><strong> praktische<\/strong><strong>s<\/strong><strong> Wissen<\/strong> anzueignen. Detaillierter k\u00f6nnen Sie \u00fcber die Fortbildung unter dem Men\u00fcpunkt Nachrichten der Sektion lesen.<\/p>\n<p>Der Fachtag plant man in diesem Oktober in M\u00e1ny\/Maan zu veranstalten.<\/p>\n<p>[\/et_pb_text][\/et_pb_column][\/et_pb_row][\/et_pb_section]<\/p>\n","protected":false},"excerpt":{"rendered":"<p>[et_pb_section fb_built=&#8221;1&#8243; _builder_version=&#8221;4.9.0&#8243; _module_preset=&#8221;default&#8221; background_color=&#8221;RGBA(0,0,0,0)&#8221; background_enable_image=&#8221;off&#8221; custom_margin=&#8221;0px||0px||false|false&#8221; custom_padding=&#8221;0px||0px||false|false&#8221;][et_pb_row use_custom_gutter=&#8221;on&#8221; gutter_width=&#8221;2&#8243; _builder_version=&#8221;4.9.0&#8243; _module_preset=&#8221;default&#8221; background_color=&#8221;RGBA(0,0,0,0)&#8221; width=&#8221;100%&#8221; custom_padding=&#8221;0px||||false|false&#8221;][et_pb_column type=&#8221;4_4&#8243; _builder_version=&#8221;4.9.0&#8243; _module_preset=&#8221;default&#8221; background_color=&#8221;RGBA(0,0,0,0)&#8221; border_radii=&#8221;on|10px|10px|10px|10px&#8221;][et_pb_text _builder_version=&#8221;4.9.10&#8243; _module_preset=&#8221;default&#8221; header_2_text_color=&#8221;#003978&#8243; background_color=&#8221;RGBA(0,0,0,0)&#8221; hover_enabled=&#8221;0&#8243; sticky_enabled=&#8221;0&#8243;] Fortbildungen Die auf Jahrzehnte [&hellip;]<\/p>\n","protected":false},"author":1,"featured_media":0,"parent":0,"menu_order":0,"comment_status":"closed","ping_status":"closed","template":"","meta":{"_et_pb_use_builder":"on","_et_pb_old_content":"","_et_gb_content_width":"","inline_featured_image":false,"footnotes":""},"_links":{"self":[{"href":"https:\/\/landesrat.hu\/de\/wp-json\/wp\/v2\/pages\/6293"}],"collection":[{"href":"https:\/\/landesrat.hu\/de\/wp-json\/wp\/v2\/pages"}],"about":[{"href":"https:\/\/landesrat.hu\/de\/wp-json\/wp\/v2\/types\/page"}],"author":[{"embeddable":true,"href":"https:\/\/landesrat.hu\/de\/wp-json\/wp\/v2\/users\/1"}],"replies":[{"embeddable":true,"href":"https:\/\/landesrat.hu\/de\/wp-json\/wp\/v2\/comments?post=6293"}],"version-history":[{"count":6,"href":"https:\/\/landesrat.hu\/de\/wp-json\/wp\/v2\/pages\/6293\/revisions"}],"predecessor-version":[{"id":6837,"href":"https:\/\/landesrat.hu\/de\/wp-json\/wp\/v2\/pages\/6293\/revisions\/6837"}],"wp:attachment":[{"href":"https:\/\/landesrat.hu\/de\/wp-json\/wp\/v2\/media?parent=6293"}],"curies":[{"name":"wp","href":"https:\/\/api.w.org\/{rel}","templated":true}]}}