{"id":6290,"date":"2021-08-27T11:16:56","date_gmt":"2021-08-27T09:16:56","guid":{"rendered":"https:\/\/landesrat.hu\/chorsektion-fortbildungen\/"},"modified":"2021-09-22T15:43:06","modified_gmt":"2021-09-22T13:43:06","slug":"chorsektion-fortbildungen","status":"publish","type":"page","link":"https:\/\/landesrat.hu\/de\/chorsektion-fortbildungen\/","title":{"rendered":"Chorsektion Fortbildungen"},"content":{"rendered":"<p>[et_pb_section fb_built=&#8221;1&#8243; _builder_version=&#8221;4.9.0&#8243; _module_preset=&#8221;default&#8221; background_color=&#8221;RGBA(0,0,0,0)&#8221; background_enable_image=&#8221;off&#8221; custom_margin=&#8221;0px||0px||false|false&#8221; custom_padding=&#8221;0px||0px||false|false&#8221;][et_pb_row use_custom_gutter=&#8221;on&#8221; gutter_width=&#8221;2&#8243; _builder_version=&#8221;4.9.0&#8243; _module_preset=&#8221;default&#8221; background_color=&#8221;RGBA(0,0,0,0)&#8221; width=&#8221;100%&#8221; custom_padding=&#8221;0px||0px||false|false&#8221;][et_pb_column type=&#8221;4_4&#8243; _builder_version=&#8221;4.9.0&#8243; _module_preset=&#8221;default&#8221; background_color=&#8221;RGBA(0,0,0,0)&#8221; border_radii=&#8221;on|10px|10px|10px|10px&#8221;][et_pb_text _builder_version=&#8221;4.9.10&#8243; _module_preset=&#8221;default&#8221; header_2_text_color=&#8221;#003978&#8243; header_3_text_color=&#8221;#003978&#8243; background_color=&#8221;RGBA(0,0,0,0)&#8221; hover_enabled=&#8221;0&#8243; sticky_enabled=&#8221;0&#8243;]<\/p>\n<h2><strong>Fortbildungen<br \/><\/strong><\/h2>\n<ul class=\"ecs-event-list\"><li class=\"ecs-event chorsektion-fortbildungen_ecs_category chorsektion-veranstaltungen_ecs_category fortbildungen-chorsektion_ecs_category kapellensektion_ecs_category kirchenmusiksektion_ecs_category kirchenmusiksektion-fortbildungen-de_ecs_category landeskalender-de_ecs_category landesrat-de-2_ecs_category\"><span class=\"duration time\"><span class=\"tribe-event-date-start\">2026. Juli 5. | 09:00<\/span> - <span class=\"tribe-event-date-end\">2026. Juli 11. | 17:00<\/span><\/span><h4 class=\"entry-title summary\"><a href=\"https:\/\/landesrat.hu\/de\/event\/13-singwoche-des-landesrates\/\" rel=\"bookmark\">13. Singwoche des Landesrates<\/a><\/h4><\/li><li class=\"ecs-event chorsektion-fortbildungen_ecs_category chorsektion-veranstaltungen_ecs_category fortbildungen-chorsektion_ecs_category kirchenmusiksektion_ecs_category kirchenmusiksektion-fortbildungen-de_ecs_category landeskalender-de_ecs_category landesrat-de-2_ecs_category\"><span class=\"duration time\"><span class=\"tribe-event-date-start\">2027. M\u00e4rz 20. | 09:00<\/span> - <span class=\"tribe-event-time\">17:00<\/span><\/span><h4 class=\"entry-title summary\"><a href=\"https:\/\/landesrat.hu\/de\/event\/3-fachtag-fuer-chorleiter-und-kantoren\/\" rel=\"bookmark\">3. Fachtag f\u00fcr Chorleiter und Kantoren<\/a><\/h4><\/li><li class=\"ecs-event chorsektion-fortbildungen_ecs_category chorsektion-veranstaltungen_ecs_category fortbildungen-chorsektion_ecs_category kirchenmusiksektion_ecs_category kirchenmusiksektion-fortbildungen-de_ecs_category landeskalender-de_ecs_category landesrat-de-2_ecs_category\"><span class=\"duration time\"><span class=\"tribe-event-date-start\">2027. Juni 4. | 09:00<\/span> - <span class=\"tribe-event-date-end\">2027. Juni 10. | 17:00<\/span><\/span><h4 class=\"entry-title summary\"><a href=\"https:\/\/landesrat.hu\/de\/event\/14-singwoche-des-landesrates\/\" rel=\"bookmark\">14. Singwoche des Landesrates<\/a><\/h4><\/li><\/ul><script type=\"application\/ld+json\">\r\n[{\"@context\":\"http:\/\/schema.org\",\"@type\":\"Event\",\"name\":\"13. Singwoche des Landesrates\",\"description\":\"&lt;p&gt;Die Fachwoche der Chorsektion ist eine Veranstaltung f\\u00fcr die Weiterentwicklung der F\\u00e4higkeiten der Ch\\u00f6re. Sie bietet eine fachliche Unterst\\u00fctzung f\\u00fcr das Sammeln des ungarndeutschen muttersprachlichen Liederschatzes, dessen Pr\\u00e4sentation auf hohem [&hellip;]&lt;\/p&gt;\\\\n\",\"image\":\"https:\/\/landesrat.hu\/wp-content\/uploads\/2024\/05\/LEM24-07.jpg\",\"url\":\"https:\/\/landesrat.hu\/de\/event\/13-singwoche-des-landesrates\/\",\"eventAttendanceMode\":\"https:\/\/schema.org\/OfflineEventAttendanceMode\",\"eventStatus\":\"https:\/\/schema.org\/EventScheduled\",\"startDate\":\"2026-07-05T09:00:00+02:00\",\"endDate\":\"2026-07-11T17:00:00+02:00\",\"location\":{\"@type\":\"Place\",\"name\":\"Deutsches Haus \/ N\\u00e9met H\\u00e1z\",\"description\":\"\",\"url\":\"https:\/\/landesrat.hu\/veranstaltungsort\/veszpremi-nemet-haz\/\",\"address\":{\"@type\":\"PostalAddress\",\"streetAddress\":\"Th\\u00f6k\\u00f6ly u. 11.\",\"addressLocality\":\"Veszpr\\u00e9m\",\"addressRegion\":\"Veszpr\\u00e9m\",\"postalCode\":\"8200\",\"addressCountry\":\"Magyarorsz\\u00e1g\"},\"geo\":{\"@type\":\"GeoCoordinates\",\"latitude\":47.1139486000000005105903255753219127655029296875,\"longitude\":17.902535799999998999965100665576756000518798828125},\"telephone\":\"\",\"sameAs\":\"\"},\"organizer\":{\"@type\":\"Person\",\"name\":\"Landesrat\",\"description\":\"\",\"url\":\"https:\/\/landesrat.hu\",\"telephone\":\"+36-20\/349-02-51\",\"email\":\"&#108;&#97;&#110;&#100;&#101;s&#114;&#97;&#116;&#64;l&#97;&#110;d&#101;sr&#97;t.hu\",\"sameAs\":\"https:\/\/landesrat.hu\"},\"performer\":\"Organization\"},{\"@context\":\"http:\/\/schema.org\",\"@type\":\"Event\",\"name\":\"3. Fachtag f\\u00fcr Chorleiter und Kantoren\",\"description\":\"&lt;p&gt;Die Fachveranstaltung der Chorsektion ist eine Veranstaltung f\\u00fcr die Weiterentwicklung der F\\u00e4higkeiten der Chorleiter und der Kantoren. Sie bietet eine fachliche Unterst\\u00fctzung f\\u00fcr das Sammeln des ungarndeutschen muttersprachlichen Liederschatzes, dessen [&hellip;]&lt;\/p&gt;\\\\n\",\"image\":\"https:\/\/landesrat.hu\/wp-content\/uploads\/2024\/07\/LAS24-51.jpg\",\"url\":\"https:\/\/landesrat.hu\/de\/event\/3-fachtag-fuer-chorleiter-und-kantoren\/\",\"eventAttendanceMode\":\"https:\/\/schema.org\/OfflineEventAttendanceMode\",\"eventStatus\":\"https:\/\/schema.org\/EventScheduled\",\"startDate\":\"2027-03-20T09:00:00+01:00\",\"endDate\":\"2027-03-20T17:00:00+01:00\",\"location\":{\"@type\":\"Place\",\"name\":\"V\\u00e1rosl\\u0151d\",\"description\":\"\",\"url\":\"https:\/\/landesrat.hu\/veranstaltungsort\/varoslod-2\/\",\"address\":{\"@type\":\"PostalAddress\",\"addressLocality\":\"V\\u00e1rosl\\u0151d\",\"addressRegion\":\"Veszpr\\u00e9m\",\"postalCode\":\"8445\",\"addressCountry\":\"Magyarorsz\\u00e1g\"},\"geo\":{\"@type\":\"GeoCoordinates\",\"latitude\":47.14385039999999804649633006192743778228759765625,\"longitude\":17.64992000000000160753188538365066051483154296875},\"telephone\":\"\",\"sameAs\":\"\"},\"organizer\":{\"@type\":\"Person\",\"name\":\"P\\u00e9csi Landesrat\",\"description\":\"\",\"url\":\"\",\"telephone\":\"12345\",\"email\":\"\",\"sameAs\":\"\"},\"performer\":\"Organization\"},{\"@context\":\"http:\/\/schema.org\",\"@type\":\"Event\",\"name\":\"14. Singwoche des Landesrates\",\"description\":\"&lt;p&gt;Die Fachwoche der Chorsektion ist eine Veranstaltung f\\u00fcr die Weiterentwicklung der F\\u00e4higkeiten der Ch\\u00f6re. Sie bietet eine fachliche Unterst\\u00fctzung f\\u00fcr das Sammeln des ungarndeutschen muttersprachlichen Liederschatzes, dessen Pr\\u00e4sentation auf hohem [&hellip;]&lt;\/p&gt;\\\\n\",\"image\":\"https:\/\/landesrat.hu\/wp-content\/uploads\/2024\/07\/Galeria-cover-Blaesertreffen-2023.jpg\",\"url\":\"https:\/\/landesrat.hu\/de\/event\/14-singwoche-des-landesrates\/\",\"eventAttendanceMode\":\"https:\/\/schema.org\/OfflineEventAttendanceMode\",\"eventStatus\":\"https:\/\/schema.org\/EventScheduled\",\"startDate\":\"2027-06-04T09:00:00+02:00\",\"endDate\":\"2027-06-10T17:00:00+02:00\",\"location\":{\"@type\":\"Place\",\"name\":\"Deutsches Haus \/ N\\u00e9met H\\u00e1z\",\"description\":\"\",\"url\":\"https:\/\/landesrat.hu\/veranstaltungsort\/veszpremi-nemet-haz\/\",\"address\":{\"@type\":\"PostalAddress\",\"streetAddress\":\"Th\\u00f6k\\u00f6ly u. 11.\",\"addressLocality\":\"Veszpr\\u00e9m\",\"addressRegion\":\"Veszpr\\u00e9m\",\"postalCode\":\"8200\",\"addressCountry\":\"Magyarorsz\\u00e1g\"},\"geo\":{\"@type\":\"GeoCoordinates\",\"latitude\":47.1139486000000005105903255753219127655029296875,\"longitude\":17.902535799999998999965100665576756000518798828125},\"telephone\":\"\",\"sameAs\":\"\"},\"organizer\":{\"@type\":\"Person\",\"name\":\"Landesrat\",\"description\":\"\",\"url\":\"https:\/\/landesrat.hu\",\"telephone\":\"+36-20\/349-02-51\",\"email\":\"lan&#100;e&#115;&#114;at&#64;la&#110;d&#101;sr&#97;t&#46;hu\",\"sameAs\":\"https:\/\/landesrat.hu\"},\"performer\":\"Organization\"}]\r\n<\/script><!--\n Event listing powered by The Events Calendar Shortcode\n https:\/\/eventcalendarnewsletter.com\/the-events-calendar-shortcode\/ \n-->\n<p>In der Reihe der Veranstaltungen des Landesrates sind neben den Programmen f\u00fcr die Pflege der kulturellen und religi\u00f6sen Traditionen auch solche zu finden, in deren Mittelpunkt die F\u00e4higkeitsentwicklung und die kontinuierliche fachliche Fortbildung stehen.<\/p>\n<p><strong>\u201eSi<\/strong><strong>ngwoche<\/strong><strong>\u201d \u2013 Fachwoche<\/strong><\/p>\n<p>Die Chorsektion veranstaltet seit 2011 mit Erfolg die <strong>\u201e<\/strong><strong>Singwoche<\/strong><strong>\u201d, eine fachliche Veranstaltung, die Fortbildungswoche f\u00fcr Ch\u00f6re.<\/strong><\/p>\n<p><strong>Das Ziel der Fortbildung: die gesangliche fachliche F<\/strong><strong>\u00e4higkeitsentwicklung neben der Traditions- und Wertbewahrung. <\/strong><strong>\u00a0<\/strong><\/p>\n<p><strong>Die fr\u00fcheren Veranstaltungsorte der immer beliebter werdenden <\/strong><strong>\u201e<\/strong><strong>Singwoche<\/strong><strong>\u201d waren<\/strong>: Pilisv\u00f6r\u00f6sv\u00e1r\/Werischwar (2012, 2013), V\u00e1rosl\u0151d\/Waschludt (2014), P\u00e9csv\u00e1rad\/Petschwar (2015), Pilisv\u00f6r\u00f6sv\u00e1r\/Werischwar (2016), P\u00e9csv\u00e1rad\/Petschwar (2017), Budapest (2018), Zirc\/Sirtz (2019).<\/p>\n<p>Die teilnehmenden Ch\u00f6re k\u00f6nnen w\u00e4hrend der n\u00fctzliche Programme beinhaltenden Woche ihre Kenntnisse auf zahlreichen Gebieten erweitern, welche das gemeinschaftliche Zusammensein und das Zusammengeh\u00f6rigkeitsgef\u00fchl noch wertvoller machen.<\/p>\n<p><strong>Die wichtigsten Themen und F\u00e4higkeits<\/strong><strong>bereiche <\/strong><strong>der thematischen Woche<\/strong><strong> sind<\/strong><strong>:<\/strong><\/p>\n<p>\u2013 \u00a0Begr\u00fcndung, Weiterentwicklung und Fortbildung der f\u00fcr das Singen n\u00f6tigen Vortragsweise und ortstypischen Kenntnisse sowie praktischen Fertigkeiten;<br \/>\u2013 Kennenlernen der Grundlage des heimischen deutschen Volksliedes, der Volksmusik, Kirchenmusik und des Kirchenliedes;<br \/>\u2013 Stilkenntnis;<br \/>\u2013 Chorweiterbildung, Stimmbildung, Aneignen vom Grundwissen im Dirigieren;<br \/>\u2013 St\u00fcckauswahl, Chorprobe, Organisationskenntnisse;<br \/>\u2013 Sprachpflege im Volkslied;<br \/>\u2013 Heimatkunde, Erweiterung der Kenntnisse \u00fcber regionaltypische Volksmusiktraditionen, Beleben von alten Br\u00e4uchen;<br \/>\u2013 Kennenlernen der Eigenartigkeiten der einzelnen Regionen und deren Weitergabe;<br \/>\u2013 Kennenlernen der regionaltypischen Trachten und Kleidungskultur.<\/p>\n<p><strong>Wer werden dazu erwartet?<\/strong><\/p>\n<p>\u2013 Chorleiter, die sich ein Grundwissen im Dirigieren aneignen oder ihre vorhandenen Kenntnisse weiterentwickeln m\u00f6chten;<br \/>\u2013 diejenigen, die gerne in deutscher Sprache singen sowie neue traditionspflegende Lieder kennenlernen m\u00f6chten;<br \/>\u2013 diejenigen, die deutsches kirchliches Wissen erwerben m\u00f6chten;<br \/>\u2013 diejenigen, denen die Pflege und der Erhalt der Muttersprache und der musikalischen Muttersprache wichtig sind;<br \/>\u2013 diejenigen, denen die Freude an der Arbeit in der Gemeinschaft und deren zusammenschmiedende Kraft wichtig sind.<\/p>\n<p><strong>Fachtag<\/strong><\/p>\n<p>Die Chorsektion startete 2020 unter dem Einfluss der\u00a0 Pandemiesituation ihren eint\u00e4gigen, in erster Linie f\u00fcr Chorleiter und Kantoren angebotenen Fachtag in Kleingruppen neu.<\/p>\n<p>Das Ziel der Fortbildung ist die <strong>Weitergabe der ungarndeutschen kulturellen Traditionen und des Liederschatzes ohne Wertverlust<\/strong> sowie das Wappnen der Ch\u00f6re mit praktischem und im Alltag verwendbarem Wissen.<\/p>\n<p>Nach der erfolgreichen <a href=\"https:\/\/landesrat.hu\/de\/fortbildung-der-choere-in-tscholnok\/\">Veranstaltung in Csolnok\/Tscholnok im vergangenen Jahr<\/a> wird der Fachtag im September 2021 in M\u00e1ny\/Maan stattfinden.<\/p>\n<p>[\/et_pb_text][\/et_pb_column][\/et_pb_row][\/et_pb_section]<\/p>\n","protected":false},"excerpt":{"rendered":"<p>[et_pb_section fb_built=&#8221;1&#8243; _builder_version=&#8221;4.9.0&#8243; _module_preset=&#8221;default&#8221; background_color=&#8221;RGBA(0,0,0,0)&#8221; background_enable_image=&#8221;off&#8221; custom_margin=&#8221;0px||0px||false|false&#8221; custom_padding=&#8221;0px||0px||false|false&#8221;][et_pb_row use_custom_gutter=&#8221;on&#8221; gutter_width=&#8221;2&#8243; _builder_version=&#8221;4.9.0&#8243; _module_preset=&#8221;default&#8221; background_color=&#8221;RGBA(0,0,0,0)&#8221; width=&#8221;100%&#8221; custom_padding=&#8221;0px||0px||false|false&#8221;][et_pb_column type=&#8221;4_4&#8243; _builder_version=&#8221;4.9.0&#8243; _module_preset=&#8221;default&#8221; background_color=&#8221;RGBA(0,0,0,0)&#8221; border_radii=&#8221;on|10px|10px|10px|10px&#8221;][et_pb_text _builder_version=&#8221;4.9.10&#8243; _module_preset=&#8221;default&#8221; header_2_text_color=&#8221;#003978&#8243; header_3_text_color=&#8221;#003978&#8243; background_color=&#8221;RGBA(0,0,0,0)&#8221; hover_enabled=&#8221;0&#8243; sticky_enabled=&#8221;0&#8243;] Fortbildungen In der [&hellip;]<\/p>\n","protected":false},"author":1,"featured_media":0,"parent":0,"menu_order":0,"comment_status":"closed","ping_status":"closed","template":"","meta":{"_et_pb_use_builder":"on","_et_pb_old_content":"","_et_gb_content_width":"","inline_featured_image":false,"footnotes":""},"_links":{"self":[{"href":"https:\/\/landesrat.hu\/de\/wp-json\/wp\/v2\/pages\/6290"}],"collection":[{"href":"https:\/\/landesrat.hu\/de\/wp-json\/wp\/v2\/pages"}],"about":[{"href":"https:\/\/landesrat.hu\/de\/wp-json\/wp\/v2\/types\/page"}],"author":[{"embeddable":true,"href":"https:\/\/landesrat.hu\/de\/wp-json\/wp\/v2\/users\/1"}],"replies":[{"embeddable":true,"href":"https:\/\/landesrat.hu\/de\/wp-json\/wp\/v2\/comments?post=6290"}],"version-history":[{"count":3,"href":"https:\/\/landesrat.hu\/de\/wp-json\/wp\/v2\/pages\/6290\/revisions"}],"predecessor-version":[{"id":6836,"href":"https:\/\/landesrat.hu\/de\/wp-json\/wp\/v2\/pages\/6290\/revisions\/6836"}],"wp:attachment":[{"href":"https:\/\/landesrat.hu\/de\/wp-json\/wp\/v2\/media?parent=6290"}],"curies":[{"name":"wp","href":"https:\/\/api.w.org\/{rel}","templated":true}]}}