{"id":5624,"date":"2021-07-19T23:06:51","date_gmt":"2021-07-19T21:06:51","guid":{"rendered":"https:\/\/landesrat.hu\/unsere-partner\/"},"modified":"2021-08-27T14:12:11","modified_gmt":"2021-08-27T12:12:11","slug":"unsere-partner","status":"publish","type":"page","link":"https:\/\/landesrat.hu\/de\/unsere-partner\/","title":{"rendered":"Unsere Partner"},"content":{"rendered":"<p>[et_pb_section fb_built=&#8221;1&#8243; _builder_version=&#8221;4.9.0&#8243; _module_preset=&#8221;default&#8221; background_color=&#8221;RGBA(0,0,0,0)&#8221; custom_padding=&#8221;0px||0px||false|false&#8221;][et_pb_row _builder_version=&#8221;4.9.0&#8243; _module_preset=&#8221;default&#8221; background_color=&#8221;RGBA(0,0,0,0)&#8221; width=&#8221;100%&#8221; max_width=&#8221;1206px&#8221; custom_margin=&#8221;0px|0px|0px|0px|false|false&#8221; custom_padding=&#8221;0px|0px|0px|0px|false|false&#8221;][et_pb_column type=&#8221;4_4&#8243; _builder_version=&#8221;4.9.0&#8243; _module_preset=&#8221;default&#8221;][et_pb_tabs active_tab_background_color=&#8221;#FCF7EB&#8221; inactive_tab_background_color=&#8221;RGBA(0,0,0,0)&#8221; active_tab_text_color=&#8221;#003978&#8243; _builder_version=&#8221;4.9.0&#8243; _module_preset=&#8221;default&#8221; tab_text_color=&#8221;#4D9859&#8243; background_color=&#8221;#FCF7EB&#8221; custom_css_tabs_controls=&#8221;background: rgba(0, 0, 0, 0) !important;||border: none !important;&#8221; custom_css_tab=&#8221;||border: none !important;&#8221; border_width_all=&#8221;0px&#8221;][et_pb_tab title=&#8221;Unsere Partner in Ungarn&#8221; _builder_version=&#8221;4.9.0&#8243; _module_preset=&#8221;default&#8221;]<\/p>\n<p>Der Landesrat ist in Ungarn sehr gut vernetzt und h\u00e4lt die enge Zusammenarbeit mit ungarndeutschen Organisationen und Institutionen f\u00fcr sehr wichtig.<\/p>\n<div class=\"divi-module-destination\">\u00a0<\/div>\n<p>[\/et_pb_tab][et_pb_tab title=&#8221;Unsere Partner im Ausland&#8221; _builder_version=&#8221;4.9.0&#8243; _module_preset=&#8221;default&#8221;]<\/p>\n<p>Die wichtigsten Partner des Landesrates im Ausland:<\/p>\n<p>&nbsp;<\/p>\n<div class=\"divi-module-destination2\">\u00a0<\/div>\n<p>[\/et_pb_tab][\/et_pb_tabs][et_pb_text module_class=&#8221;divi-portable-module&#8221; _builder_version=&#8221;4.9.0&#8243; _module_preset=&#8221;default&#8221;]<\/p>\n<h3>Institutionen<\/h3>\n<p>[\/et_pb_text][et_pb_blurb title=&#8221;Landesselbstverwaltung der Ungarndeutschen (LDU)&#8221; image=&#8221;https:\/\/landesrat.hu\/wp-content\/uploads\/2021\/05\/LdU-1.png&#8221; icon_placement=&#8221;left&#8221; content_max_width=&#8221;90%&#8221; module_class=&#8221;divi-portable-module&#8221; _builder_version=&#8221;4.9.4&#8243; _module_preset=&#8221;default&#8221; header_font=&#8221;Faustina|600|||||||&#8221; background_color=&#8221;#FCF7EB&#8221; width=&#8221;100%&#8221; link_option_url=&#8221;http:\/\/www.ldu.hu\/&#8221; link_option_url_new_window=&#8221;on&#8221; custom_css_blurb_image=&#8221;width:60px;||display: table-cell;||vertical-align: middle;||&#8221; custom_css_blurb_title=&#8221;padding-top: 20px;&#8221; border_radii=&#8221;on|10px|10px|10px|10px&#8221; box_shadow_style=&#8221;preset2&#8243;][\/et_pb_blurb][et_pb_blurb title=&#8221;Verban der deutschen Selbstverwaltungen in Nordungarn e.V.&#8221; image=&#8221;https:\/\/landesrat.hu\/wp-content\/uploads\/2021\/05\/E\u0301MNO\u0308SZ.png&#8221; icon_placement=&#8221;left&#8221; content_max_width=&#8221;90%&#8221; module_class=&#8221;divi-portable-module&#8221; _builder_version=&#8221;4.9.4&#8243; _module_preset=&#8221;default&#8221; header_font=&#8221;Faustina|600|||||||&#8221; background_color=&#8221;#FCF7EB&#8221; width=&#8221;100%&#8221; link_option_url=&#8221;http:\/\/emnosz.hu\/&#8221; link_option_url_new_window=&#8221;on&#8221; custom_css_blurb_image=&#8221;width:60px;||display: table-cell;||vertical-align: middle;&#8221; custom_css_blurb_title=&#8221;padding-top: 20px;&#8221; border_radii=&#8221;on|10px|10px|10px|10px&#8221; box_shadow_style=&#8221;preset2&#8243;][\/et_pb_blurb][et_pb_text module_class=&#8221;divi-portable-module&#8221; _builder_version=&#8221;4.9.0&#8243; _module_preset=&#8221;default&#8221; custom_padding=&#8221;||0px|||&#8221;]<\/p>\n<h3>Organisationen<\/h3>\n<p>[\/et_pb_text][et_pb_blurb title=&#8221;G\u00e1bor-Bethlen-Fondsverwalter AG.&#8221; image=&#8221;https:\/\/landesrat.hu\/wp-content\/uploads\/2021\/05\/Bethlen-Ga\u0301bor.png&#8221; icon_placement=&#8221;left&#8221; content_max_width=&#8221;90%&#8221; module_class=&#8221;divi-portable-module&#8221; _builder_version=&#8221;4.9.4&#8243; _module_preset=&#8221;default&#8221; header_font=&#8221;Faustina|600|||||||&#8221; background_color=&#8221;#FCF7EB&#8221; width=&#8221;100%&#8221; link_option_url=&#8221;http:\/\/www.szulofold.hu\/&#8221; link_option_url_new_window=&#8221;on&#8221; custom_css_blurb_image=&#8221;width:60px;||display: table-cell;||vertical-align: middle;&#8221; custom_css_blurb_title=&#8221;padding-top: 20px;&#8221; border_radii=&#8221;on|10px|10px|10px|10px&#8221; box_shadow_style=&#8221;preset2&#8243; locked=&#8221;off&#8221;][\/et_pb_blurb][et_pb_blurb title=&#8221;Gemeinschaft Junger Ungarndeutscher (GJU)&#8221; image=&#8221;https:\/\/landesrat.hu\/wp-content\/uploads\/2021\/05\/GJU.png&#8221; icon_placement=&#8221;left&#8221; content_max_width=&#8221;90%&#8221; module_class=&#8221;divi-portable-module&#8221; _builder_version=&#8221;4.9.4&#8243; _module_preset=&#8221;default&#8221; header_font=&#8221;Faustina|600|||||||&#8221; background_color=&#8221;#FCF7EB&#8221; width=&#8221;100%&#8221; link_option_url=&#8221;http:\/\/www.gju.hu\/&#8221; link_option_url_new_window=&#8221;on&#8221; custom_css_blurb_image=&#8221;width:60px;||display: table-cell;||vertical-align: middle;&#8221; custom_css_blurb_title=&#8221;padding-top: 20px;&#8221; border_radii=&#8221;on|10px|10px|10px|10px&#8221; box_shadow_style=&#8221;preset2&#8243; locked=&#8221;off&#8221;][\/et_pb_blurb][et_pb_blurb title=&#8221;Iglauer Park&#8221; image=&#8221;https:\/\/landesrat.hu\/wp-content\/uploads\/2021\/05\/Igaluer-Park.png&#8221; icon_placement=&#8221;left&#8221; content_max_width=&#8221;90%&#8221; module_class=&#8221;divi-portable-module&#8221; _builder_version=&#8221;4.9.4&#8243; _module_preset=&#8221;default&#8221; header_font=&#8221;Faustina|600|||||||&#8221; background_color=&#8221;#FCF7EB&#8221; width=&#8221;100%&#8221; link_option_url=&#8221;https:\/\/www.iglauerpark.hu\/&#8221; link_option_url_new_window=&#8221;on&#8221; custom_css_blurb_image=&#8221;width:60px;||display: table-cell;||vertical-align: middle;&#8221; custom_css_blurb_title=&#8221;padding-top: 20px;&#8221; border_radii=&#8221;on|10px|10px|10px|10px&#8221; box_shadow_style=&#8221;preset2&#8243; locked=&#8221;off&#8221;][\/et_pb_blurb][et_pb_text module_class=&#8221;divi-portable-module&#8221; _builder_version=&#8221;4.9.0&#8243; _module_preset=&#8221;default&#8221; custom_padding=&#8221;||0px|||&#8221; locked=&#8221;off&#8221;]<\/p>\n<h3>Medienkontakten<\/h3>\n<p>[\/et_pb_text][et_pb_blurb title=&#8221;Unser Bildschirm&#8221; image=&#8221;https:\/\/landesrat.hu\/wp-content\/uploads\/2021\/05\/Unser-Bildschirm.png&#8221; icon_placement=&#8221;left&#8221; content_max_width=&#8221;90%&#8221; module_class=&#8221;divi-portable-module&#8221; _builder_version=&#8221;4.9.4&#8243; _module_preset=&#8221;default&#8221; header_font=&#8221;Faustina|600|||||||&#8221; background_color=&#8221;#FCF7EB&#8221; width=&#8221;100%&#8221; link_option_url=&#8221;http:\/\/www.mediaklikk.hu\/musor\/unser-bildschirm\/&#8221; link_option_url_new_window=&#8221;on&#8221; custom_css_blurb_image=&#8221;width:60px;||display: table-cell;||vertical-align: middle;&#8221; custom_css_blurb_title=&#8221;padding-top: 20px;&#8221; border_radii=&#8221;on|10px|10px|10px|10px&#8221; box_shadow_style=&#8221;preset2&#8243; locked=&#8221;off&#8221;][\/et_pb_blurb][et_pb_blurb title=&#8221;Neue Zeitung Ungarndeutsches Wochenblatt&#8221; image=&#8221;https:\/\/landesrat.hu\/wp-content\/uploads\/2021\/05\/Neue-zeitung.png&#8221; icon_placement=&#8221;left&#8221; content_max_width=&#8221;90%&#8221; module_class=&#8221;divi-portable-module&#8221; _builder_version=&#8221;4.9.4&#8243; _module_preset=&#8221;default&#8221; header_font=&#8221;Faustina|600|||||||&#8221; background_color=&#8221;#FCF7EB&#8221; width=&#8221;100%&#8221; link_option_url=&#8221;http:\/\/www.neue-zeitung.hu\/&#8221; link_option_url_new_window=&#8221;on&#8221; custom_css_blurb_image=&#8221;width:60px;||display: table-cell;||vertical-align: middle;&#8221; custom_css_blurb_title=&#8221;padding-top: 20px;&#8221; border_radii=&#8221;on|10px|10px|10px|10px&#8221; box_shadow_style=&#8221;preset2&#8243; locked=&#8221;off&#8221;][\/et_pb_blurb][et_pb_blurb title=&#8221;Ungarndeutsches Kultur- und Informationszentrum&#8221; image=&#8221;https:\/\/landesrat.hu\/wp-content\/uploads\/2021\/05\/Zentrum.png&#8221; icon_placement=&#8221;left&#8221; content_max_width=&#8221;90%&#8221; module_class=&#8221;divi-portable-module&#8221; _builder_version=&#8221;4.9.4&#8243; _module_preset=&#8221;default&#8221; header_font=&#8221;Faustina|600|||||||&#8221; background_color=&#8221;#FCF7EB&#8221; width=&#8221;100%&#8221; link_option_url=&#8221;http:\/\/www.zentrum.hu\/hu\/&#8221; link_option_url_new_window=&#8221;on&#8221; custom_css_blurb_image=&#8221;width:60px;||display: table-cell;||vertical-align: middle;&#8221; custom_css_blurb_title=&#8221;padding-top: 20px;&#8221; border_radii=&#8221;on|10px|10px|10px|10px&#8221; box_shadow_style=&#8221;preset2&#8243; locked=&#8221;off&#8221;][\/et_pb_blurb][et_pb_blurb title=&#8221;MR4 Nationalit\u00e4ten-Programme&#8221; image=&#8221;https:\/\/landesrat.hu\/wp-content\/uploads\/2021\/05\/MR-4.png&#8221; icon_placement=&#8221;left&#8221; content_max_width=&#8221;90%&#8221; module_class=&#8221;divi-portable-module&#8221; _builder_version=&#8221;4.9.4&#8243; _module_preset=&#8221;default&#8221; header_font=&#8221;Faustina|600|||||||&#8221; background_color=&#8221;#FCF7EB&#8221; width=&#8221;100%&#8221; link_option_url=&#8221;http:\/\/www.hirado.hu\/&#8221; link_option_url_new_window=&#8221;on&#8221; custom_css_blurb_image=&#8221;width:60px;||display: table-cell;||vertical-align: middle;&#8221; custom_css_blurb_title=&#8221;padding-top: 20px;&#8221; border_radii=&#8221;on|10px|10px|10px|10px&#8221; box_shadow_style=&#8221;preset2&#8243; locked=&#8221;off&#8221;][\/et_pb_blurb][et_pb_text module_class=&#8221;divi-portable-module&#8221; _builder_version=&#8221;4.9.0&#8243; _module_preset=&#8221;default&#8221; custom_padding=&#8221;||0px|||&#8221; locked=&#8221;off&#8221;]<\/p>\n<h3>Bildungseinrichtungen<\/h3>\n<p>[\/et_pb_text][et_pb_blurb title=&#8221;Ungarndeutsches Bildungszentrum&#8221; image=&#8221;https:\/\/landesrat.hu\/wp-content\/uploads\/2021\/05\/MNA\u0301MK-Baja-1.png&#8221; icon_placement=&#8221;left&#8221; content_max_width=&#8221;90%&#8221; module_class=&#8221;divi-portable-module&#8221; _builder_version=&#8221;4.9.4&#8243; _module_preset=&#8221;default&#8221; header_font=&#8221;Faustina|600|||||||&#8221; background_color=&#8221;#FCF7EB&#8221; width=&#8221;100%&#8221; link_option_url=&#8221;https:\/\/mnamk.hu\/wp\/&#8221; link_option_url_new_window=&#8221;on&#8221; custom_css_blurb_image=&#8221;width:60px;||display: table-cell;||vertical-align: middle;&#8221; custom_css_blurb_title=&#8221;padding-top: 20px;&#8221; border_radii=&#8221;on|10px|10px|10px|10px&#8221; box_shadow_style=&#8221;preset2&#8243; locked=&#8221;off&#8221;][\/et_pb_blurb][et_pb_blurb title=&#8221;Friedrich Schiller Gymnasium&#8221; image=&#8221;https:\/\/landesrat.hu\/wp-content\/uploads\/2021\/05\/Schiller-Gim.png&#8221; icon_placement=&#8221;left&#8221; content_max_width=&#8221;90%&#8221; module_class=&#8221;divi-portable-module&#8221; _builder_version=&#8221;4.9.4&#8243; _module_preset=&#8221;default&#8221; header_font=&#8221;Faustina|600|||||||&#8221; background_color=&#8221;#FCF7EB&#8221; width=&#8221;100%&#8221; link_option_url=&#8221;http:\/\/www.schiller-gymnasium.hu\/&#8221; link_option_url_new_window=&#8221;on&#8221; custom_css_blurb_image=&#8221;width:60px;||display: table-cell;||vertical-align: middle;&#8221; custom_css_blurb_title=&#8221;padding-top: 20px;&#8221; border_radii=&#8221;on|10px|10px|10px|10px&#8221; box_shadow_style=&#8221;preset2&#8243; locked=&#8221;off&#8221;][\/et_pb_blurb][et_pb_code admin_label=&#8221;K\u00f3d egyes f\u00fcl&#8221; _builder_version=&#8221;4.9.0&#8243; _module_preset=&#8221;default&#8221;]<script><!-- [et_pb_line_break_holder] -->(function ($) {<!-- [et_pb_line_break_holder] -->  $(document).ready(function () {<!-- [et_pb_line_break_holder] --> <!-- [et_pb_line_break_holder] -->    \/\/ Option #1: Move Divi Module(s) into a Module<!-- [et_pb_line_break_holder] -->    \/\/ Limit: One Instance per Column<!-- [et_pb_line_break_holder] -->    \/\/ Use following code if you want to move <!-- [et_pb_line_break_holder] -->    \/\/ a module inside another module. Each column with the<!-- [et_pb_line_break_holder] -->    \/\/ class 'parent-column' will append any module(s)<!-- [et_pb_line_break_holder] -->    \/\/ with the class 'divi-portable-module' to the div<!-- [et_pb_line_break_holder] -->    \/\/ with the class 'divi-module-destination'.<!-- [et_pb_line_break_holder] -->    \/\/ Only one instance of 'divi-module-destination' should<!-- [et_pb_line_break_holder] -->    \/\/ be added per column.<!-- [et_pb_line_break_holder] -->    $('.divi-portable-module').each(function () {<!-- [et_pb_line_break_holder] -->      $(this).closest('.parent-column').find('.divi-module-destination').append($(this));<!-- [et_pb_line_break_holder] -->    });<!-- [et_pb_line_break_holder] -->     <!-- [et_pb_line_break_holder] -->    \/\/ Buttons: Insert Button Module(s) into a Module<!-- [et_pb_line_break_holder] -->    \/\/ Adding a custom CSS class to a button module<!-- [et_pb_line_break_holder] -->    \/\/ is applied to the 'a' tag which is a child element<!-- [et_pb_line_break_holder] -->    \/\/ of the module wrapper. This code makes sure to append<!-- [et_pb_line_break_holder] -->    \/\/ the entire button module wrapper (the parent element)<!-- [et_pb_line_break_holder] -->    \/\/ as well. This functionality is the same as option #3 above.<!-- [et_pb_line_break_holder] -->    \/\/ Siimply use the class 'divi-portable-button' on a button module<!-- [et_pb_line_break_holder] -->    \/\/ instead of 'divi-portable-module'.<!-- [et_pb_line_break_holder] -->    $('.divi-portable-button').parent().each(function () {<!-- [et_pb_line_break_holder] -->      $(this).closest('.parent-column').find('.divi-module-destination').append($(this));<!-- [et_pb_line_break_holder] -->    });<!-- [et_pb_line_break_holder] --> <!-- [et_pb_line_break_holder] -->    \/\/ Option #2: Move Divi Row(s) into a Module<!-- [et_pb_line_break_holder] -->    \/\/ Limit: One Instance per Section<!-- [et_pb_line_break_holder] -->    \/\/ Use the following code if you want to move <!-- [et_pb_line_break_holder] -->    \/\/ a row inside a module on more than one section<!-- [et_pb_line_break_holder] -->    \/\/ of a page. Each section with the<!-- [et_pb_line_break_holder] -->    \/\/ class 'parent-section' will append any row(s)<!-- [et_pb_line_break_holder] -->    \/\/ with the class 'divi-portable-row' to the div<!-- [et_pb_line_break_holder] -->    \/\/ with the class 'divi-row-destination'.<!-- [et_pb_line_break_holder] -->    \/\/ Only one instance of 'divi-row-destination' should<!-- [et_pb_line_break_holder] -->    \/\/ be added per section.<!-- [et_pb_line_break_holder] -->    $('.divi-portable-row').each(function () {<!-- [et_pb_line_break_holder] -->      $(this).closest('.parent-section').find('.divi-row-destination').append($(this));<!-- [et_pb_line_break_holder] -->    });<!-- [et_pb_line_break_holder] --> <!-- [et_pb_line_break_holder] -->  });<!-- [et_pb_line_break_holder] -->})(jQuery);<!-- [et_pb_line_break_holder] --><\/script>[\/et_pb_code][et_pb_blurb title=&#8221;Landsmannschaft der Deutschen aus Ungarn \u2013 Bundesverband e.V.&#8221; image=&#8221;https:\/\/landesrat.hu\/wp-content\/uploads\/2021\/05\/Lands.-der-Deutsche-aus-Ungarn-1.png&#8221; icon_placement=&#8221;left&#8221; content_max_width=&#8221;90%&#8221; module_class=&#8221;divi-portable-module2&#8243; _builder_version=&#8221;4.9.4&#8243; _module_preset=&#8221;default&#8221; header_font=&#8221;Faustina|600|||||||&#8221; background_color=&#8221;#FCF7EB&#8221; width=&#8221;100%&#8221; link_option_url=&#8221;https:\/\/ldu-online.de\/&#8221; link_option_url_new_window=&#8221;on&#8221; custom_css_blurb_image=&#8221;width:60px;||display: table-cell;||vertical-align: middle;&#8221; custom_css_blurb_title=&#8221;padding-top: 20px;&#8221; border_radii=&#8221;on|10px|10px|10px|10px&#8221; box_shadow_style=&#8221;preset2&#8243; locked=&#8221;off&#8221;][\/et_pb_blurb][et_pb_blurb title=&#8221;Weltdachverband der Donauschwaben&#8221; image=&#8221;https:\/\/landesrat.hu\/wp-content\/uploads\/2021\/05\/Weltdachverband.png&#8221; icon_placement=&#8221;left&#8221; content_max_width=&#8221;90%&#8221; module_class=&#8221;divi-portable-module2&#8243; _builder_version=&#8221;4.9.4&#8243; _module_preset=&#8221;default&#8221; header_font=&#8221;Faustina|600|||||||&#8221; background_color=&#8221;#FCF7EB&#8221; width=&#8221;100%&#8221; custom_padding=&#8221;0px|||||&#8221; link_option_url=&#8221;https:\/\/donauschwaben-weltweit.org\/wp-content\/uploads\/2020\/11\/wdv-ds-2020-03.pdf&#8221; link_option_url_new_window=&#8221;on&#8221; custom_css_blurb_image=&#8221;width:60px;||display: table-cell;||vertical-align: middle;&#8221; custom_css_blurb_title=&#8221;padding-top: 20px;&#8221; border_radii=&#8221;on|10px|10px|10px|10px&#8221; box_shadow_style=&#8221;preset2&#8243; locked=&#8221;off&#8221;][\/et_pb_blurb][et_pb_blurb title=&#8221;Freundeskreis Donauschw\u00e4bische Blasmusik e.V.&#8221; image=&#8221;https:\/\/landesrat.hu\/wp-content\/uploads\/2021\/05\/Donauschwabische-Blasmusik-1.png&#8221; icon_placement=&#8221;left&#8221; content_max_width=&#8221;90%&#8221; module_class=&#8221;divi-portable-module2&#8243; _builder_version=&#8221;4.9.4&#8243; _module_preset=&#8221;default&#8221; header_font=&#8221;Faustina|600|||||||&#8221; background_color=&#8221;#FCF7EB&#8221; width=&#8221;100%&#8221; link_option_url=&#8221;https:\/\/donauschwaebische-blasmusik.hpage.com\/&#8221; link_option_url_new_window=&#8221;on&#8221; custom_css_blurb_image=&#8221;width:60px;||display: table-cell;||vertical-align: middle;&#8221; custom_css_blurb_title=&#8221;padding-top: 20px;&#8221; border_radii=&#8221;on|10px|10px|10px|10px&#8221; box_shadow_style=&#8221;preset2&#8243; locked=&#8221;off&#8221;][\/et_pb_blurb][et_pb_blurb title=&#8221;\u00d6sterreichische Landsmannschaft (\u00d6LM)&#8221; image=&#8221;https:\/\/landesrat.hu\/wp-content\/uploads\/2021\/05\/O\u0308sterreichische-Lands.png&#8221; icon_placement=&#8221;left&#8221; content_max_width=&#8221;90%&#8221; module_class=&#8221;divi-portable-module2&#8243; _builder_version=&#8221;4.9.4&#8243; _module_preset=&#8221;default&#8221; header_font=&#8221;Faustina|600|||||||&#8221; background_color=&#8221;#FCF7EB&#8221; width=&#8221;100%&#8221; link_option_url=&#8221;https:\/\/www.oelm.at\/&#8221; link_option_url_new_window=&#8221;on&#8221; custom_css_blurb_image=&#8221;width:60px;||display: table-cell;||vertical-align: middle;&#8221; custom_css_blurb_title=&#8221;padding-top: 20px;&#8221; border_radii=&#8221;on|10px|10px|10px|10px&#8221; box_shadow_style=&#8221;preset2&#8243; locked=&#8221;off&#8221;][\/et_pb_blurb][et_pb_blurb title=&#8221;Verband der deutschen alt\u00f6sterreichischen Landsmannschaften in \u00d6sterreich (VL\u00d6)&#8221; icon_placement=&#8221;left&#8221; content_max_width=&#8221;90%&#8221; module_class=&#8221;divi-portable-module2&#8243; _builder_version=&#8221;4.9.4&#8243; _module_preset=&#8221;default&#8221; header_font=&#8221;Faustina|600|||||||&#8221; background_color=&#8221;#FCF7EB&#8221; width=&#8221;100%&#8221; link_option_url=&#8221;http:\/\/www.vloe.at\/&#8221; link_option_url_new_window=&#8221;on&#8221; hover_enabled=&#8221;0&#8243; custom_css_blurb_image=&#8221;width:60px;||display: table-cell;||vertical-align: middle;&#8221; custom_css_blurb_title=&#8221;padding-top: 20px;&#8221; border_radii=&#8221;on|10px|10px|10px|10px&#8221; box_shadow_style=&#8221;preset2&#8243; locked=&#8221;off&#8221; title_text=&#8221;VL\u00d6&#8221; image=&#8221;https:\/\/landesrat.hu\/wp-content\/uploads\/2021\/05\/VLO.png&#8221; sticky_enabled=&#8221;0&#8243;][\/et_pb_blurb][et_pb_code admin_label=&#8221;K\u00f3d kettes f\u00fcl&#8221; _builder_version=&#8221;4.9.0&#8243; _module_preset=&#8221;default&#8221;]<script><!-- [et_pb_line_break_holder] -->(function ($) {<!-- [et_pb_line_break_holder] -->  $(document).ready(function () {<!-- [et_pb_line_break_holder] --> <!-- [et_pb_line_break_holder] -->    \/\/ Option #1: Move Divi Module(s) into a Module<!-- [et_pb_line_break_holder] -->    \/\/ Limit: One Instance per Column<!-- [et_pb_line_break_holder] -->    \/\/ Use following code if you want to move <!-- [et_pb_line_break_holder] -->    \/\/ a module inside another module. Each column with the<!-- [et_pb_line_break_holder] -->    \/\/ class 'parent-column' will append any module(s)<!-- [et_pb_line_break_holder] -->    \/\/ with the class 'divi-portable-module' to the div<!-- [et_pb_line_break_holder] -->    \/\/ with the class 'divi-module-destination'.<!-- [et_pb_line_break_holder] -->    \/\/ Only one instance of 'divi-module-destination' should<!-- [et_pb_line_break_holder] -->    \/\/ be added per column.<!-- [et_pb_line_break_holder] -->    $('.divi-portable-module2').each(function () {<!-- [et_pb_line_break_holder] -->      $(this).closest('.parent-column').find('.divi-module-destination2').append($(this));<!-- [et_pb_line_break_holder] -->    });<!-- [et_pb_line_break_holder] -->     <!-- [et_pb_line_break_holder] -->    \/\/ Buttons: Insert Button Module(s) into a Module<!-- [et_pb_line_break_holder] -->    \/\/ Adding a custom CSS class to a button module<!-- [et_pb_line_break_holder] -->    \/\/ is applied to the 'a' tag which is a child element<!-- [et_pb_line_break_holder] -->    \/\/ of the module wrapper. This code makes sure to append<!-- [et_pb_line_break_holder] -->    \/\/ the entire button module wrapper (the parent element)<!-- [et_pb_line_break_holder] -->    \/\/ as well. This functionality is the same as option #3 above.<!-- [et_pb_line_break_holder] -->    \/\/ Siimply use the class 'divi-portable-button' on a button module<!-- [et_pb_line_break_holder] -->    \/\/ instead of 'divi-portable-module'.<!-- [et_pb_line_break_holder] -->    $('.divi-portable-button2').parent().each(function () {<!-- [et_pb_line_break_holder] -->      $(this).closest('.parent-column').find('.divi-module-destination2').append($(this));<!-- [et_pb_line_break_holder] -->    });<!-- [et_pb_line_break_holder] --> <!-- [et_pb_line_break_holder] -->    \/\/ Option #2: Move Divi Row(s) into a Module<!-- [et_pb_line_break_holder] -->    \/\/ Limit: One Instance per Section<!-- [et_pb_line_break_holder] -->    \/\/ Use the following code if you want to move <!-- [et_pb_line_break_holder] -->    \/\/ a row inside a module on more than one section<!-- [et_pb_line_break_holder] -->    \/\/ of a page. Each section with the<!-- [et_pb_line_break_holder] -->    \/\/ class 'parent-section' will append any row(s)<!-- [et_pb_line_break_holder] -->    \/\/ with the class 'divi-portable-row' to the div<!-- [et_pb_line_break_holder] -->    \/\/ with the class 'divi-row-destination'.<!-- [et_pb_line_break_holder] -->    \/\/ Only one instance of 'divi-row-destination' should<!-- [et_pb_line_break_holder] -->    \/\/ be added per section.<!-- [et_pb_line_break_holder] -->    $('.divi-portable-row2').each(function () {<!-- [et_pb_line_break_holder] -->      $(this).closest('.parent-section').find('.divi-row-destination2').append($(this));<!-- [et_pb_line_break_holder] -->    });<!-- [et_pb_line_break_holder] --> <!-- [et_pb_line_break_holder] -->  });<!-- [et_pb_line_break_holder] -->})(jQuery);<!-- [et_pb_line_break_holder] --><\/script>[\/et_pb_code][\/et_pb_column][\/et_pb_row][\/et_pb_section]<\/p>\n","protected":false},"excerpt":{"rendered":"<p>Der Landesrat ist in Ungarn sehr gut vernetzt und h\u00e4lt die enge Zusammenarbeit mit ungarndeutschen Organisationen und Institutionen f\u00fcr sehr wichtig. \u00a0Die wichtigsten Partner des Landesrates im Ausland: &nbsp; \u00a0InstitutionenOrganisationenMedienkontaktenBildungseinrichtungen<\/p>\n","protected":false},"author":1,"featured_media":0,"parent":0,"menu_order":0,"comment_status":"closed","ping_status":"closed","template":"","meta":{"_et_pb_use_builder":"on","_et_pb_old_content":"","_et_gb_content_width":"","inline_featured_image":false,"footnotes":""},"_links":{"self":[{"href":"https:\/\/landesrat.hu\/de\/wp-json\/wp\/v2\/pages\/5624"}],"collection":[{"href":"https:\/\/landesrat.hu\/de\/wp-json\/wp\/v2\/pages"}],"about":[{"href":"https:\/\/landesrat.hu\/de\/wp-json\/wp\/v2\/types\/page"}],"author":[{"embeddable":true,"href":"https:\/\/landesrat.hu\/de\/wp-json\/wp\/v2\/users\/1"}],"replies":[{"embeddable":true,"href":"https:\/\/landesrat.hu\/de\/wp-json\/wp\/v2\/comments?post=5624"}],"version-history":[{"count":5,"href":"https:\/\/landesrat.hu\/de\/wp-json\/wp\/v2\/pages\/5624\/revisions"}],"predecessor-version":[{"id":6345,"href":"https:\/\/landesrat.hu\/de\/wp-json\/wp\/v2\/pages\/5624\/revisions\/6345"}],"wp:attachment":[{"href":"https:\/\/landesrat.hu\/de\/wp-json\/wp\/v2\/media?parent=5624"}],"curies":[{"name":"wp","href":"https:\/\/api.w.org\/{rel}","templated":true}]}}