{"id":5613,"date":"2021-07-19T20:59:36","date_gmt":"2021-07-19T18:59:36","guid":{"rendered":"https:\/\/landesrat.hu\/kapellensektion-veranstaltungen\/"},"modified":"2026-02-27T10:37:34","modified_gmt":"2026-02-27T09:37:34","slug":"kapellensektion-veranstaltungen","status":"publish","type":"page","link":"https:\/\/landesrat.hu\/de\/kapellensektion-veranstaltungen\/","title":{"rendered":"Kapellensektion Veranstaltungen"},"content":{"rendered":"<p>[et_pb_section fb_built=&#8221;1&#8243; _builder_version=&#8221;4.16&#8243; _module_preset=&#8221;default&#8221; background_color=&#8221;RGBA(0,0,0,0)&#8221; background_enable_image=&#8221;off&#8221; custom_margin=&#8221;0px||0px||false|false&#8221; custom_padding=&#8221;0px||0px||false|false&#8221; global_colors_info=&#8221;{}&#8221; theme_builder_area=&#8221;post_content&#8221;][et_pb_row use_custom_gutter=&#8221;on&#8221; gutter_width=&#8221;2&#8243; _builder_version=&#8221;4.16&#8243; _module_preset=&#8221;default&#8221; background_color=&#8221;RGBA(0,0,0,0)&#8221; width=&#8221;100%&#8221; custom_padding=&#8221;0px||||false|false&#8221; global_colors_info=&#8221;{}&#8221; theme_builder_area=&#8221;post_content&#8221;][et_pb_column type=&#8221;4_4&#8243; _builder_version=&#8221;4.16&#8243; _module_preset=&#8221;default&#8221; background_color=&#8221;RGBA(0,0,0,0)&#8221; border_radii=&#8221;on|10px|10px|10px|10px&#8221; global_colors_info=&#8221;{}&#8221; theme_builder_area=&#8221;post_content&#8221;][et_pb_text _builder_version=&#8221;4.17.6&#8243; _module_preset=&#8221;default&#8221; header_2_text_color=&#8221;#003978&#8243; background_color=&#8221;RGBA(0,0,0,0)&#8221; hover_enabled=&#8221;0&#8243; global_colors_info=&#8221;{}&#8221; theme_builder_area=&#8221;post_content&#8221; sticky_enabled=&#8221;0&#8243;]<\/p>\n<h2><strong>Veranstaltungen<\/strong><\/h2>\n<ul class=\"ecs-event-list\"><li class=\"ecs-event kapellensektion-de_ecs_category kapellensektion-veranstaltungen_ecs_category landeskalender-de_ecs_category landesrat-de-2_ecs_category\"><span class=\"duration time\"><span class=\"tribe-event-date-start\">2026. Mai 15. | 09:00<\/span> - <span class=\"tribe-event-date-end\">2026. Mai 17. | 17:00<\/span><\/span><h4 class=\"entry-title summary\"><a href=\"https:\/\/landesrat.hu\/de\/event\/22-landestreffen-der-musiker-mit-traditionelle-instrumenten\/\" rel=\"bookmark\">22. Landestreffen der Musiker mit traditionelle Instrumenten<\/a><\/h4><\/li><li class=\"ecs-event kapellensektion-de_ecs_category kapellensektion-fortbildungen-de_ecs_category kapellensektion-fortbildungen_ecs_category kapellensektion-veranstaltungen_ecs_category landeskalender-de_ecs_category landesrat-de-2_ecs_category\"><span class=\"duration time\"><span class=\"tribe-event-date-start\">2026. Juli 27. | 09:00<\/span> - <span class=\"tribe-event-date-end\">2026. August 2. | 17:00<\/span><\/span><h4 class=\"entry-title summary\"><a href=\"https:\/\/landesrat.hu\/de\/event\/13-jao-blasmusikwoche\/\" rel=\"bookmark\">13. JAO &#8211; Blasmusikwoche<\/a><\/h4><\/li><li class=\"ecs-event kapellensektion-de_ecs_category kapellensektion-veranstaltungen_ecs_category landeskalender-de_ecs_category landesrat-de-2_ecs_category\"><span class=\"duration time\"><span class=\"tribe-event-date-start\">2026. Oktober 10. | 09:00<\/span> - <span class=\"tribe-event-time\">17:00<\/span><\/span><h4 class=\"entry-title summary\"><a href=\"https:\/\/landesrat.hu\/de\/event\/17-treffen-der-ungarndeutschen-familienmusiker\/\" rel=\"bookmark\">17. Treffen der ungarndeutschen Familienmusiker<\/a><\/h4><\/li><li class=\"ecs-event kapellensektion-de_ecs_category kapellensektion-veranstaltungen_ecs_category landeskalender-de_ecs_category landesrat-de-2_ecs_category\"><span class=\"duration time\"><span class=\"tribe-event-date-start\">2026. Oktober 18. | 09:00<\/span> - <span class=\"tribe-event-time\">17:00<\/span><\/span><h4 class=\"entry-title summary\"><a href=\"https:\/\/landesrat.hu\/de\/event\/10-landestreffen-der-ungarndeutschen-schwabenkapellen-2\/\" rel=\"bookmark\">10. Landestreffen der ungarndeutschen Schwabenkapellen<\/a><\/h4><\/li><li class=\"ecs-event kapellensektion-de_ecs_category kapellensektion-veranstaltungen_ecs_category landeskalender-de_ecs_category landesrat-de-2_ecs_category\"><span class=\"duration time\"><span class=\"tribe-event-date-start\">2026. November 7. | 09:00<\/span> - <span class=\"tribe-event-time\">17:00<\/span><\/span><h4 class=\"entry-title summary\"><a href=\"https:\/\/landesrat.hu\/de\/event\/10-landesfestival-der-ungarndeutschen-blaskapellen\/\" rel=\"bookmark\">10. Landesfestival der ungarndeutschen Blaskapellen<\/a><\/h4><\/li><li class=\"ecs-event kapellensektion-de_ecs_category kapellensektion-veranstaltungen_ecs_category landeskalender-de_ecs_category landesrat-de-2_ecs_category\"><span class=\"duration time\"><span class=\"tribe-event-date-start\">2027. April 25. | 09:00<\/span> - <span class=\"tribe-event-time\">17:00<\/span><\/span><h4 class=\"entry-title summary\"><a href=\"https:\/\/landesrat.hu\/de\/event\/wertungsspiel-und-10-landesfest-der-jugendblaskapellen\/\" rel=\"bookmark\">Wertungsspiel und 10. Landesfest der Jugendblaskapellen<\/a><\/h4><\/li><li class=\"ecs-event kapellensektion-de_ecs_category kapellensektion-veranstaltungen_ecs_category landeskalender-de_ecs_category landesrat-de-2_ecs_category\"><span class=\"duration time\"><span class=\"tribe-event-date-start\">2027. Juni 4. | 09:00<\/span> - <span class=\"tribe-event-date-end\">2027. Juni 6. | 17:00<\/span><\/span><h4 class=\"entry-title summary\"><a href=\"https:\/\/landesrat.hu\/de\/event\/23-landestreffen-der-musiker-mit-traditionelle-instrumenten\/\" rel=\"bookmark\">23. Landestreffen der Musiker mit traditionelle Instrumenten<\/a><\/h4><\/li><li class=\"ecs-event kapellensektion-de_ecs_category kapellensektion-fortbildungen-de_ecs_category kapellensektion-fortbildungen_ecs_category kapellensektion-veranstaltungen_ecs_category landeskalender-de_ecs_category landesrat-de-2_ecs_category\"><span class=\"duration time\"><span class=\"tribe-event-date-start\">2027. Juni 27. | 09:00<\/span> - <span class=\"tribe-event-date-end\">2027. Juli 4. | 17:00<\/span><\/span><h4 class=\"entry-title summary\"><a href=\"https:\/\/landesrat.hu\/de\/event\/18-musikwoche-fuer-harmonikaspieler\/\" rel=\"bookmark\">18. Musikwoche f\u00fcr Harmonikaspieler<\/a><\/h4><\/li><li class=\"ecs-event kapellensektion-de_ecs_category kapellensektion-fortbildungen-de_ecs_category kapellensektion-fortbildungen_ecs_category kapellensektion-veranstaltungen_ecs_category landeskalender-de_ecs_category landesrat-de-2_ecs_category\"><span class=\"duration time\"><span class=\"tribe-event-date-start\">2027. Juli 26. | 09:00<\/span> - <span class=\"tribe-event-date-end\">2027. August 1. | 17:00<\/span><\/span><h4 class=\"entry-title summary\"><a href=\"https:\/\/landesrat.hu\/de\/event\/14-jao-musikwoche-blasmusiklager\/\" rel=\"bookmark\">14. JAO Musikwoche \/ Blasmusiklager<\/a><\/h4><\/li><\/ul><script type=\"application\/ld+json\">\r\n[{\"@context\":\"http:\/\/schema.org\",\"@type\":\"Event\",\"name\":\"22. Landestreffen der Musiker mit traditionelle Instrumenten\",\"description\":\"&lt;p&gt;22. Landestreffen der Musiker, die die typisch ungarndeutschen Instrumente ert\\u00f6nen lassen k\\u00f6nnen, um ihr Wissen kennenzulernen und zu bewahren.&lt;\/p&gt;\\\\n\",\"image\":\"https:\/\/landesrat.hu\/wp-content\/uploads\/2024\/06\/LAM24-48.jpg\",\"url\":\"https:\/\/landesrat.hu\/de\/event\/22-landestreffen-der-musiker-mit-traditionelle-instrumenten\/\",\"eventAttendanceMode\":\"https:\/\/schema.org\/OfflineEventAttendanceMode\",\"eventStatus\":\"https:\/\/schema.org\/EventScheduled\",\"startDate\":\"2026-05-15T09:00:00+02:00\",\"endDate\":\"2026-05-17T17:00:00+02:00\",\"location\":{\"@type\":\"Place\",\"name\":\"Sz\\u00e1lka\",\"description\":\"\",\"url\":\"https:\/\/landesrat.hu\/veranstaltungsort\/szalka\/\",\"address\":{\"@type\":\"PostalAddress\",\"addressLocality\":\"Sz\\u00e1lka\",\"addressRegion\":\"Tolna\",\"postalCode\":\"7121\",\"addressCountry\":\"Magyarorsz\\u00e1g\"},\"geo\":{\"@type\":\"GeoCoordinates\",\"latitude\":46.2888913000000030706360121257603168487548828125,\"longitude\":18.63782619999999923265932011418044567108154296875},\"telephone\":\"\",\"sameAs\":\"\"},\"organizer\":{\"@type\":\"Person\",\"name\":\"Landesrat\",\"description\":\"\",\"url\":\"https:\/\/landesrat.hu\",\"telephone\":\"+36-20\/349-02-51\",\"email\":\"&#108;a&#110;des&#114;&#97;t&#64;lan&#100;es&#114;a&#116;&#46;&#104;u\",\"sameAs\":\"https:\/\/landesrat.hu\"},\"performer\":\"Organization\"},{\"@context\":\"http:\/\/schema.org\",\"@type\":\"Event\",\"name\":\"13. JAO &#8211; Blasmusikwoche\",\"description\":\"&lt;p&gt;13. Fachwoche des Jugendauswahlorchesters, ein Blasmusikcamp, um eine junge ungarndeutsche Musikergeneration heranzuziehen und fortzubilden.&lt;\/p&gt;\\\\n\",\"image\":\"https:\/\/landesrat.hu\/wp-content\/uploads\/2024\/11\/LJB24-34.jpg\",\"url\":\"https:\/\/landesrat.hu\/de\/event\/13-jao-blasmusikwoche\/\",\"eventAttendanceMode\":\"https:\/\/schema.org\/OfflineEventAttendanceMode\",\"eventStatus\":\"https:\/\/schema.org\/EventScheduled\",\"startDate\":\"2026-07-27T09:00:00+02:00\",\"endDate\":\"2026-08-02T17:00:00+02:00\",\"location\":{\"@type\":\"Place\",\"name\":\"Mecsekn\\u00e1dasd\",\"description\":\"&lt;p&gt;Bakancsos Vend\\u00e9gh\\u00e1z&lt;\/p&gt;\\\\n\",\"url\":\"https:\/\/landesrat.hu\/veranstaltungsort\/mecseknadasd\/\",\"address\":{\"@type\":\"PostalAddress\",\"streetAddress\":\"Liszt Ferenc u. 75\/3.\",\"addressLocality\":\"Mecsekn\\u00e1dasd\",\"addressRegion\":\"Baranya\",\"postalCode\":\"7695\"},\"geo\":{\"@type\":\"GeoCoordinates\",\"latitude\":46.224660000000000081854523159563541412353515625,\"longitude\":18.465385500000000007503331289626657962799072265625},\"telephone\":\"\",\"sameAs\":\"\"},\"organizer\":{\"@type\":\"Person\",\"name\":\"Landesrat\",\"description\":\"\",\"url\":\"https:\/\/landesrat.hu\",\"telephone\":\"+36-20\/349-02-51\",\"email\":\"l&#97;&#110;d&#101;s&#114;&#97;&#116;&#64;&#108;&#97;nd&#101;srat.&#104;&#117;\",\"sameAs\":\"https:\/\/landesrat.hu\"},\"performer\":\"Organization\"},{\"@context\":\"http:\/\/schema.org\",\"@type\":\"Event\",\"name\":\"17. Treffen der ungarndeutschen Familienmusiker\",\"description\":\"&lt;p&gt;17. Landestreffen der Familienkapellen, um das noch in den Familien auffindbare musikalische Wissen durch das gemeinsame Musizieren noch mehr zu vertiefen bzw. das zusammenhaltende Gef\\u00fchl der Familien zu erleben.&lt;\/p&gt;\\\\n\",\"image\":\"https:\/\/landesrat.hu\/wp-content\/uploads\/2024\/10\/25-1-scaled.jpg\",\"url\":\"https:\/\/landesrat.hu\/de\/event\/17-treffen-der-ungarndeutschen-familienmusiker\/\",\"eventAttendanceMode\":\"https:\/\/schema.org\/OfflineEventAttendanceMode\",\"eventStatus\":\"https:\/\/schema.org\/EventScheduled\",\"startDate\":\"2026-10-10T09:00:00+02:00\",\"endDate\":\"2026-10-10T17:00:00+02:00\",\"location\":{\"@type\":\"Place\",\"name\":\"Mecsekn\\u00e1dasd\",\"description\":\"&lt;p&gt;Bakancsos Vend\\u00e9gh\\u00e1z&lt;\/p&gt;\\\\n\",\"url\":\"https:\/\/landesrat.hu\/veranstaltungsort\/mecseknadasd\/\",\"address\":{\"@type\":\"PostalAddress\",\"streetAddress\":\"Liszt Ferenc u. 75\/3.\",\"addressLocality\":\"Mecsekn\\u00e1dasd\",\"addressRegion\":\"Baranya\",\"postalCode\":\"7695\"},\"geo\":{\"@type\":\"GeoCoordinates\",\"latitude\":46.224660000000000081854523159563541412353515625,\"longitude\":18.465385500000000007503331289626657962799072265625},\"telephone\":\"\",\"sameAs\":\"\"},\"organizer\":{\"@type\":\"Person\",\"name\":\"Landesrat\",\"description\":\"\",\"url\":\"https:\/\/landesrat.hu\",\"telephone\":\"+36-20\/349-02-51\",\"email\":\"&#108;a&#110;&#100;&#101;s&#114;a&#116;&#64;&#108;&#97;&#110;&#100;e&#115;r&#97;t&#46;&#104;u\",\"sameAs\":\"https:\/\/landesrat.hu\"},\"performer\":\"Organization\"},{\"@context\":\"http:\/\/schema.org\",\"@type\":\"Event\",\"name\":\"10. Landestreffen der ungarndeutschen Schwabenkapellen\",\"description\":\"&lt;p&gt;Das Treffen der ungarndeutschen traditionspflegenden Schwabenkapellen hat das Ziel, den Kapellen, die \\u00fcberwiegend bei Tanzveranstaltungen auftreten und das Publikum hier treffen, zu erm\\u00f6glichen, sich an anderen Foren vorzustellen.\\u00a0&lt;\/p&gt;\\\\n\",\"image\":\"https:\/\/landesrat.hu\/wp-content\/uploads\/2024\/10\/LKIS24-57.jpg\",\"url\":\"https:\/\/landesrat.hu\/de\/event\/10-landestreffen-der-ungarndeutschen-schwabenkapellen-2\/\",\"eventAttendanceMode\":\"https:\/\/schema.org\/OfflineEventAttendanceMode\",\"eventStatus\":\"https:\/\/schema.org\/EventScheduled\",\"startDate\":\"2026-10-18T09:00:00+02:00\",\"endDate\":\"2026-10-18T17:00:00+02:00\",\"location\":{\"@type\":\"Place\",\"name\":\"M\\u0171vel\\u0151d\\u00e9si H\\u00e1z Babarc\",\"description\":\"\",\"url\":\"https:\/\/landesrat.hu\/veranstaltungsort\/babarc\/\",\"address\":{\"@type\":\"PostalAddress\",\"streetAddress\":\"Ady E u. 12.\",\"addressLocality\":\"Babarc\",\"addressRegion\":\"Baranya\",\"postalCode\":\"7757\",\"addressCountry\":\"Magyarorsz\\u00e1g\"},\"geo\":{\"@type\":\"GeoCoordinates\",\"latitude\":46.00422290000000202780938707292079925537109375,\"longitude\":18.552751099999998274370227591134607791900634765625},\"telephone\":\"\",\"sameAs\":\"\"},\"organizer\":{\"@type\":\"Person\",\"name\":\"Landesrat\",\"description\":\"\",\"url\":\"https:\/\/landesrat.hu\",\"telephone\":\"+36-20\/349-02-51\",\"email\":\"la&#110;&#100;e&#115;&#114;at&#64;&#108;&#97;n&#100;e&#115;&#114;&#97;t&#46;&#104;u\",\"sameAs\":\"https:\/\/landesrat.hu\"},\"performer\":\"Organization\"},{\"@context\":\"http:\/\/schema.org\",\"@type\":\"Event\",\"name\":\"10. Landesfestival der ungarndeutschen Blaskapellen\",\"description\":\"&lt;p&gt;Der Landesrat veranstaltet j\\u00e4hrlich in Rotationssystem ein Landesfestival so f\\u00fcr die Jugend- wie f\\u00fcr Erwachsenengruppen, jedes Jahr f\\u00fcr eine andere Sektion. Die hervorgehobene Veranstaltung der Kapellensektion ist\\u00a0das Landesfestival der ungarndeutschen [&hellip;]&lt;\/p&gt;\\\\n\",\"image\":\"https:\/\/landesrat.hu\/wp-content\/uploads\/2024\/11\/LJB24-07-1.jpg\",\"url\":\"https:\/\/landesrat.hu\/de\/event\/10-landesfestival-der-ungarndeutschen-blaskapellen\/\",\"eventAttendanceMode\":\"https:\/\/schema.org\/OfflineEventAttendanceMode\",\"eventStatus\":\"https:\/\/schema.org\/EventScheduled\",\"startDate\":\"2026-11-07T09:00:00+01:00\",\"endDate\":\"2026-11-07T17:00:00+01:00\",\"location\":{\"@type\":\"Place\",\"name\":\"Pilisv\\u00f6r\\u00f6sv\\u00e1r M\\u0171v\\u00e9szetek H\\u00e1za\",\"description\":\"\",\"url\":\"https:\/\/landesrat.hu\/veranstaltungsort\/pilisvorosvar-muveszetek-haza\/\",\"address\":{\"@type\":\"PostalAddress\",\"streetAddress\":\"F\\u0151 utca 127.\",\"addressLocality\":\"Pilisv\\u00f6r\\u00f6sv\\u00e1r\",\"addressRegion\":\"Pest\",\"postalCode\":\"2085\",\"addressCountry\":\"Magyarorsz\\u00e1g\"},\"geo\":{\"@type\":\"GeoCoordinates\",\"latitude\":47.61881840000000210011421586386859416961669921875,\"longitude\":18.90513419999999911169652477838099002838134765625},\"telephone\":\"\",\"sameAs\":\"\"},\"organizer\":{\"@type\":\"Person\",\"name\":\"Landesrat\",\"description\":\"\",\"url\":\"https:\/\/landesrat.hu\",\"telephone\":\"+36-20\/349-02-51\",\"email\":\"la&#110;&#100;&#101;s&#114;at&#64;&#108;an&#100;e&#115;&#114;&#97;&#116;&#46;h&#117;\",\"sameAs\":\"https:\/\/landesrat.hu\"},\"performer\":\"Organization\"},{\"@context\":\"http:\/\/schema.org\",\"@type\":\"Event\",\"name\":\"Wertungsspiel und 10. Landesfest der Jugendblaskapellen\",\"description\":\"&lt;p&gt;Der Landesrat veranstaltet j\\u00e4hrlich in Rotationssystem ein Landesfestival so f\\u00fcr die Jugend- wie f\\u00fcr Erwachsenengruppen, jedes Jahr f\\u00fcr eine andere Sektion. Die hervorgehobene Veranstaltung der Kapellensektion ist das Landesfestival der [&hellip;]&lt;\/p&gt;\\\\n\",\"image\":\"https:\/\/landesrat.hu\/wp-content\/uploads\/2024\/11\/LJB24-31-1.jpg\",\"url\":\"https:\/\/landesrat.hu\/de\/event\/wertungsspiel-und-10-landesfest-der-jugendblaskapellen\/\",\"eventAttendanceMode\":\"https:\/\/schema.org\/OfflineEventAttendanceMode\",\"eventStatus\":\"https:\/\/schema.org\/EventScheduled\",\"startDate\":\"2027-04-25T09:00:00+02:00\",\"endDate\":\"2027-04-25T17:00:00+02:00\",\"location\":{\"@type\":\"Place\",\"name\":\"Vill\\u00e1ny\",\"description\":\"\",\"url\":\"https:\/\/landesrat.hu\/veranstaltungsort\/villany\/\",\"address\":{\"@type\":\"PostalAddress\",\"addressLocality\":\"Vill\\u00e1ny\",\"addressRegion\":\"Baranya\",\"postalCode\":\"7773\",\"addressCountry\":\"Magyarorsz\\u00e1g\"},\"geo\":{\"@type\":\"GeoCoordinates\",\"latitude\":45.87003990000000186455508810468018054962158203125,\"longitude\":18.45320099999999996498445398174226284027099609375},\"telephone\":\"\",\"sameAs\":\"\"},\"organizer\":{\"@type\":\"Person\",\"name\":\"Landesrat\",\"description\":\"\",\"url\":\"https:\/\/landesrat.hu\",\"telephone\":\"+36-20\/349-02-51\",\"email\":\"la&#110;d&#101;s&#114;a&#116;&#64;&#108;&#97;n&#100;e&#115;&#114;&#97;&#116;.h&#117;\",\"sameAs\":\"https:\/\/landesrat.hu\"},\"performer\":\"Organization\"},{\"@context\":\"http:\/\/schema.org\",\"@type\":\"Event\",\"name\":\"23. Landestreffen der Musiker mit traditionelle Instrumenten\",\"description\":\"&lt;p&gt;23. Landestreffen der Musiker, die die typisch ungarndeutschen Instrumente ert\\u00f6nen lassen k\\u00f6nnen, um ihr Wissen kennenzulernen und zu bewahren.&lt;\/p&gt;\\\\n\",\"image\":\"https:\/\/landesrat.hu\/wp-content\/uploads\/2025\/01\/LAM24-26.jpg\",\"url\":\"https:\/\/landesrat.hu\/de\/event\/23-landestreffen-der-musiker-mit-traditionelle-instrumenten\/\",\"eventAttendanceMode\":\"https:\/\/schema.org\/OfflineEventAttendanceMode\",\"eventStatus\":\"https:\/\/schema.org\/EventScheduled\",\"startDate\":\"2027-06-04T09:00:00+02:00\",\"endDate\":\"2027-06-06T17:00:00+02:00\",\"location\":{\"@type\":\"Place\",\"name\":\"Klebelsberg Kult\\u00fark\\u00faria &#8211; (Solym\\u00e1r)\",\"description\":\"\",\"url\":\"https:\/\/landesrat.hu\/veranstaltungsort\/solymar\/\",\"address\":{\"@type\":\"PostalAddress\",\"streetAddress\":\"Templom u. 2.\",\"addressLocality\":\"Budapest\",\"addressRegion\":\"Pest\",\"postalCode\":\"1028\",\"addressCountry\":\"Magyarorsz\\u00e1g\"},\"geo\":{\"@type\":\"GeoCoordinates\",\"latitude\":47.58921959999999984347596182487905025482177734375,\"longitude\":18.929606199999998494831743300892412662506103515625},\"telephone\":\"\",\"sameAs\":\"\"},\"organizer\":{\"@type\":\"Person\",\"name\":\"Landesrat\",\"description\":\"\",\"url\":\"https:\/\/landesrat.hu\",\"telephone\":\"+36-20\/349-02-51\",\"email\":\"landes&#114;at&#64;landesr&#97;&#116;&#46;hu\",\"sameAs\":\"https:\/\/landesrat.hu\"},\"performer\":\"Organization\"},{\"@context\":\"http:\/\/schema.org\",\"@type\":\"Event\",\"name\":\"18. Musikwoche f\\u00fcr Harmonikaspieler\",\"description\":\"&lt;p&gt;Im Rahmen des von der Harmonikasektion organisierten einw\\u00f6chigen Fachwoche k\\u00f6nnen die jungen Akkordeonspieler die authentischen ungarndeutschen Melodien erlernen. Das Ziel des Camps ist gleichzeitig das Formen des Musikgeschmackes der heranwachsenden [&hellip;]&lt;\/p&gt;\\\\n\",\"image\":\"https:\/\/landesrat.hu\/wp-content\/uploads\/2024\/07\/LAH24-01.jpg\",\"url\":\"https:\/\/landesrat.hu\/de\/event\/18-musikwoche-fuer-harmonikaspieler\/\",\"eventAttendanceMode\":\"https:\/\/schema.org\/OfflineEventAttendanceMode\",\"eventStatus\":\"https:\/\/schema.org\/EventScheduled\",\"startDate\":\"2027-06-27T09:00:00+02:00\",\"endDate\":\"2027-07-04T17:00:00+02:00\",\"location\":{\"@type\":\"Place\",\"name\":\"Sz\\u00e1lka\",\"description\":\"\",\"url\":\"https:\/\/landesrat.hu\/veranstaltungsort\/szalka\/\",\"address\":{\"@type\":\"PostalAddress\",\"addressLocality\":\"Sz\\u00e1lka\",\"addressRegion\":\"Tolna\",\"postalCode\":\"7121\",\"addressCountry\":\"Magyarorsz\\u00e1g\"},\"geo\":{\"@type\":\"GeoCoordinates\",\"latitude\":46.2888913000000030706360121257603168487548828125,\"longitude\":18.63782619999999923265932011418044567108154296875},\"telephone\":\"\",\"sameAs\":\"\"},\"organizer\":{\"@type\":\"Person\",\"name\":\"Landesrat\",\"description\":\"\",\"url\":\"https:\/\/landesrat.hu\",\"telephone\":\"+36-20\/349-02-51\",\"email\":\"la&#110;desr&#97;&#116;&#64;&#108;&#97;&#110;des&#114;&#97;&#116;.&#104;u\",\"sameAs\":\"https:\/\/landesrat.hu\"},\"performer\":\"Organization\"},{\"@context\":\"http:\/\/schema.org\",\"@type\":\"Event\",\"name\":\"14. JAO Musikwoche \/ Blasmusiklager\",\"description\":\"&lt;p&gt;14. Fachwoche des Jugendauswahlorchesters, ein Blasmusikcamp, um eine junge ungarndeutsche Musikergeneration heranzuziehen und fortzubilden.&lt;\/p&gt;\\\\n\",\"image\":\"https:\/\/landesrat.hu\/wp-content\/uploads\/2024\/10\/LKIS24-52.jpg\",\"url\":\"https:\/\/landesrat.hu\/de\/event\/14-jao-musikwoche-blasmusiklager\/\",\"eventAttendanceMode\":\"https:\/\/schema.org\/OfflineEventAttendanceMode\",\"eventStatus\":\"https:\/\/schema.org\/EventScheduled\",\"startDate\":\"2027-07-26T09:00:00+02:00\",\"endDate\":\"2027-08-01T17:00:00+02:00\",\"location\":{\"@type\":\"Place\",\"name\":\"G\\u00e1nt\",\"description\":\"\",\"url\":\"https:\/\/landesrat.hu\/veranstaltungsort\/gant\/\",\"address\":{\"@type\":\"PostalAddress\",\"streetAddress\":\"B\\u00e9ke t\\u00e9r 17.\",\"addressLocality\":\"G\\u00e1nt\",\"addressRegion\":\"Fej\\u00e9r\",\"postalCode\":\"8082\",\"addressCountry\":\"Magyarorsz\\u00e1g\"},\"geo\":{\"@type\":\"GeoCoordinates\",\"latitude\":47.39190800000000081126927398145198822021484375,\"longitude\":18.387775999999998788325683563016355037689208984375},\"telephone\":\"\",\"sameAs\":\"\"},\"organizer\":{\"@type\":\"Person\",\"name\":\"Landesrat\",\"description\":\"\",\"url\":\"https:\/\/landesrat.hu\",\"telephone\":\"+36-20\/349-02-51\",\"email\":\"l&#97;n&#100;esrat&#64;&#108;&#97;&#110;de&#115;&#114;&#97;t.h&#117;\",\"sameAs\":\"https:\/\/landesrat.hu\"},\"performer\":\"Organization\"}]\r\n<\/script><!--\n Event listing powered by The Events Calendar Shortcode\n https:\/\/eventcalendarnewsletter.com\/the-events-calendar-shortcode\/ \n-->\n<p>Die Musik ist eine Quelle der Freude, die mit einer besonderen Sprache die Menschen anspricht, sie entspannt und bringt den Zuh\u00f6rern Frohsinn. Die Musiker erzeugen mit ihrem Spiel ein k\u00fcnstlerisches Erlebnis, das die ganze Seele der Menschen durchdringt. Das schaffende und erhebende Gef\u00fchl des Musizierens in der Gemeinschaft zu erleben, das Gemeinschaftsgef\u00fchl, das Erleben der Identit\u00e4t bereichern und vervollkommen unsere Pers\u00f6nlichkeit.<\/p>\n<p>Die Veranstaltungen der Kapellensektion des Landesrates bieten f\u00fcr das ausgelassene Erleben und Str\u00f6men dieses erhebenden Gef\u00fchls ein ideales Umfeld.<\/p>\n<p>Die Veranstaltungsthematik kn\u00fcpft sich an die Grunds\u00e4tze des Landesrates. Es wird gro\u00dfes Wert auf <strong>die<\/strong> <strong>Wertrettung, das Sammeln, die Aufarbeitung von ungarndeutschen musikalischen Motiven<\/strong> beziehungsweise auf <strong>das<\/strong> <strong>gemeinsame Musizieren<\/strong> gelegt.<\/p>\n<p>Um die Produktionen der Kapellen bewerten zu k\u00f6nnen, wurde ein <strong>Qualifikationssystem<\/strong> erarbeitet. Die Kapellen bereiten sich nach bestimmten Kriterien vor und zeigen dreij\u00e4hrig ihr K\u00f6nnen. Neben dem k\u00fcnstlerischen Drang werden sie durch diese Wettbewerbe zur <strong>qualitativen k\u00fcnstlerischen Arbeit <\/strong>motiviert.<\/p>\n<p><strong>Landestreffen der ungarndeutschen Blaskapellen<\/strong><\/p>\n<p>Die hervorgehobene Veranstaltung der Kapellensektion ist das Landesfestival der ungarndeutschen Blaskapellen, an dem\u00a0 die Kapellen aus 13 Regionen, die die h\u00f6chste Qualifikationsstufe erreichten, ihr Repertoire zeigen k\u00f6nnen.<\/p>\n<h3><strong>J\u00e4hrlich stattfindende Veranstaltungen f\u00fcr die Bewahrung des ungarndeutschen Kulturschatzes:<\/strong><\/h3>\n<h3><\/h3>\n<p><strong>Treffen der Musiker mit alten Instrumenten<\/strong><\/p>\n<p>Seit 2003 findet jedes Jahr das <strong>Treffen der Musik<\/strong><strong>er<\/strong><strong> mit alten Instrumenten<\/strong> statt. Die Sektion h\u00e4lt es f\u00fcr wichtig, dass die \u00e4lteren Musiker mit umfangreichem Wissen, die noch <strong>auf<\/strong> <strong>alten schw\u00e4bischen Instrumenten<\/strong> wie Knopfharmonika, Mundharmonika, Hackbrett<strong> spielen k\u00f6nnen<\/strong>, <strong>ihr <\/strong><strong>Wissen und <\/strong><strong>K\u00f6nnen zum Gemeingut<\/strong><strong> machen.<\/strong> Durch das Ausfindigmachen \u201ealter Musiker\u201d und das Kennenlernen ihres K\u00f6nnens k\u00f6nnten die jungen Musiker Lust bekommen das Musizieren auf alten Instrumenten zu erlernen.<\/p>\n<p><strong>Familienmusik <\/strong><strong>\u2013 <\/strong><strong>Treffen der ungarndeutschen Familienmusiker<\/strong><\/p>\n<p>Seit 2009 findet jedes Jahr das \u201eFamilienmusik\u201d genannte Treffen der ungarndeutschen Familienkapellen und Musikerdynastien statt. Sie tragen mit dem Erbe ihrer Vorfahren zur Bereicherung und Weitergabe der ungarndeutschen Musikkultur bei. Die Sektion h\u00e4lt es f\u00fcr wichtig, dass die j\u00fcngeren Generationen das \u201eFamiliengold\u201d von ihren Vorfahren \u00fcbernehmen und bewahren.<\/p>\n<p>[\/et_pb_text][\/et_pb_column][\/et_pb_row][\/et_pb_section]<\/p>\n","protected":false},"excerpt":{"rendered":"<p>[et_pb_section fb_built=&#8221;1&#8243; _builder_version=&#8221;4.16&#8243; _module_preset=&#8221;default&#8221; background_color=&#8221;RGBA(0,0,0,0)&#8221; background_enable_image=&#8221;off&#8221; custom_margin=&#8221;0px||0px||false|false&#8221; custom_padding=&#8221;0px||0px||false|false&#8221; global_colors_info=&#8221;{}&#8221; theme_builder_area=&#8221;post_content&#8221;][et_pb_row use_custom_gutter=&#8221;on&#8221; gutter_width=&#8221;2&#8243; _builder_version=&#8221;4.16&#8243; _module_preset=&#8221;default&#8221; background_color=&#8221;RGBA(0,0,0,0)&#8221; width=&#8221;100%&#8221; custom_padding=&#8221;0px||||false|false&#8221; global_colors_info=&#8221;{}&#8221; theme_builder_area=&#8221;post_content&#8221;][et_pb_column type=&#8221;4_4&#8243; _builder_version=&#8221;4.16&#8243; _module_preset=&#8221;default&#8221; background_color=&#8221;RGBA(0,0,0,0)&#8221; border_radii=&#8221;on|10px|10px|10px|10px&#8221; global_colors_info=&#8221;{}&#8221; theme_builder_area=&#8221;post_content&#8221;][et_pb_text _builder_version=&#8221;4.17.6&#8243; _module_preset=&#8221;default&#8221; header_2_text_color=&#8221;#003978&#8243; background_color=&#8221;RGBA(0,0,0,0)&#8221; [&hellip;]<\/p>\n","protected":false},"author":1,"featured_media":0,"parent":0,"menu_order":0,"comment_status":"closed","ping_status":"closed","template":"","meta":{"_et_pb_use_builder":"on","_et_pb_old_content":"","_et_gb_content_width":"","inline_featured_image":false,"footnotes":""},"_links":{"self":[{"href":"https:\/\/landesrat.hu\/de\/wp-json\/wp\/v2\/pages\/5613"}],"collection":[{"href":"https:\/\/landesrat.hu\/de\/wp-json\/wp\/v2\/pages"}],"about":[{"href":"https:\/\/landesrat.hu\/de\/wp-json\/wp\/v2\/types\/page"}],"author":[{"embeddable":true,"href":"https:\/\/landesrat.hu\/de\/wp-json\/wp\/v2\/users\/1"}],"replies":[{"embeddable":true,"href":"https:\/\/landesrat.hu\/de\/wp-json\/wp\/v2\/comments?post=5613"}],"version-history":[{"count":12,"href":"https:\/\/landesrat.hu\/de\/wp-json\/wp\/v2\/pages\/5613\/revisions"}],"predecessor-version":[{"id":20415,"href":"https:\/\/landesrat.hu\/de\/wp-json\/wp\/v2\/pages\/5613\/revisions\/20415"}],"wp:attachment":[{"href":"https:\/\/landesrat.hu\/de\/wp-json\/wp\/v2\/media?parent=5613"}],"curies":[{"name":"wp","href":"https:\/\/api.w.org\/{rel}","templated":true}]}}