{"id":5607,"date":"2021-07-19T20:52:59","date_gmt":"2021-07-19T18:52:59","guid":{"rendered":"https:\/\/landesrat.hu\/kapellensektion\/"},"modified":"2023-12-14T22:38:22","modified_gmt":"2023-12-14T21:38:22","slug":"kapellensektion","status":"publish","type":"page","link":"https:\/\/landesrat.hu\/de\/kapellensektion\/","title":{"rendered":"Kapellensektion"},"content":{"rendered":"<p>[et_pb_section fb_built=&#8221;1&#8243; _builder_version=&#8221;4.16&#8243; _module_preset=&#8221;default&#8221; background_color=&#8221;RGBA(0,0,0,0)&#8221; background_enable_image=&#8221;off&#8221; custom_margin=&#8221;0px||0px||false|false&#8221; custom_padding=&#8221;0px||0px||false|false&#8221; global_colors_info=&#8221;{}&#8221; theme_builder_area=&#8221;post_content&#8221;][et_pb_row use_custom_gutter=&#8221;on&#8221; gutter_width=&#8221;2&#8243; _builder_version=&#8221;4.16&#8243; _module_preset=&#8221;default&#8221; background_color=&#8221;RGBA(0,0,0,0)&#8221; width=&#8221;100%&#8221; custom_padding=&#8221;0px||||false|false&#8221; global_colors_info=&#8221;{}&#8221; theme_builder_area=&#8221;post_content&#8221;][et_pb_column type=&#8221;4_4&#8243; _builder_version=&#8221;4.16&#8243; _module_preset=&#8221;default&#8221; background_color=&#8221;RGBA(0,0,0,0)&#8221; border_radii=&#8221;on|10px|10px|10px|10px&#8221; global_colors_info=&#8221;{}&#8221; theme_builder_area=&#8221;post_content&#8221;][et_pb_tabs active_tab_background_color=&#8221;#FCF7EB&#8221; inactive_tab_background_color=&#8221;rgba(252,247,235,0)&#8221; active_tab_text_color=&#8221;#003978&#8243; _builder_version=&#8221;4.17.6&#8243; _module_preset=&#8221;default&#8221; tab_text_color=&#8221;#4D9859&#8243; background_color=&#8221;#FCF7EB&#8221; custom_padding=&#8221;|||30px||&#8221; hover_enabled=&#8221;0&#8243; custom_css_tabs_controls=&#8221;background: rgba(0,0,0,0);||border: none !important;&#8221; custom_css_tab=&#8221;border: none !important;&#8221; border_width_all=&#8221;0px&#8221; global_colors_info=&#8221;{}&#8221; theme_builder_area=&#8221;post_content&#8221; sticky_enabled=&#8221;0&#8243;][et_pb_tab title=&#8221;\u00dcber uns&#8221; _builder_version=&#8221;4.16&#8243; _module_preset=&#8221;default&#8221; global_colors_info=&#8221;{}&#8221; theme_builder_area=&#8221;post_content&#8221;]<\/p>\n<h3><strong>Unser Erbe &#8211; unsere musikalische Muttersprache.<\/p>\n<p><\/strong><\/h3>\n<p>Das Motto der Kapellensektion bringt das grundlegende Wert zum Ausdruck, <strong>an dem festhaltend sich die Sektion f\u00fcr die ungarndeutsche Musik pflegende und bewahrende Kapellen landesweit engagiert.<\/strong><\/p>\n<p>Im Leben der Ungarndeutschen spielen die Musik und das ausgelassene Feiern eine zentrale Rolle. Anfang des 20. Jahrhunderts hatte noch fast jede ungarndeutsche Ortschaft eine Kapelle oder zumindest einen Musik liebenden Freundeskreis. Es kam oft vor, dass es in diesen Gemeinschaften ein Akkordeonist ein Zimbalspieler, ein Klarinettist, ein Kontrabass- oder Tubaspieler angefangen hatte zu spielen, und ihm schlossen sich die Musikerfreunde an. Schnell bildete sich eine kleine Kapelle, die auf den Schwabenb\u00e4llen und Veranstaltungen der Gegend f\u00fcr gute Stimmung sorgte.<\/p>\n<p>So bildeten sich aus den Musik liebenden Familien Musikerdynastien aus, in denen <strong>die Liebe zur Musik vom Vater an den Sohn weitergegeben wurde.<\/strong><\/p>\n<p>Die Mitglieder dieser Musikerdynastien \u00fcbernahmen nicht nur das musikalische Erbe ihrer Vorfahren, sondern bereicherten mit ihren eigenen Kompositionen die schw\u00e4bische Musikkultur und trugen dadurch zu deren Entwicklung bei. Sie brachten\u00a0 nicht nur die Pflege der schw\u00e4bischen Musik voran, sondern <strong>machten auch die kirchliche und weltliche Musikliteratur bekannter.<\/strong><\/p>\n<p>Die Kapellensektion verf\u00fcgt \u00fcber zwei Untersektionen: die <strong>Sektion f\u00fcr Kleinkapellen <\/strong>und die <strong>Harmonikasektion<\/strong>.<\/p>\n<p><strong>\u00a0<\/strong><\/p>\n<h3><strong>Die T<\/strong><strong>\u00e4tigkeiten der<\/strong><strong> Kapellensektion:<\/strong><\/h3>\n<p>\u2013 Sie legt gro\u00dfen Wert auf die Wertrettung, das Sammeln, die Aufarbeitung und das Archivieren alter musikalischer Motive.<\/p>\n<h3><strong><br \/>Treffen der Musiker mit alten Instrumenten<\/strong><\/h3>\n<p>\u2013 <strong>Seit 2003<\/strong> findet jedes Jahr das <strong>\u201eTreffen der Musiker mit alten Instrumenten\u201d<\/strong> statt. Die Sektion h\u00e4lt es f\u00fcr wichtig, dass die \u00e4lteren Musiker mit umfangreichem Wissen, die noch auf alten schw\u00e4bischen Instrumenten wie Knopfharmonika, Mundharmonika, Hackbrett spielen k\u00f6nnen, ihr Wissen und K\u00f6nnen zum Gemeingut machen. Durch das Ausfindigmachen \u201ealter Musiker\u201d und das Kennenlernen ihres K\u00f6nnens k\u00f6nnten die jungen Musiker Lust bekommen das Musizieren auf alten Instrumenten zu erlernen.<\/p>\n<h3><strong><br \/>Harmonikawoche \u2013 Fachcamp des Harmonikaorchesters des Landesrates<\/strong><\/h3>\n<p>\u2013 Die Sektion <strong>gr\u00fcndete 2008 das Harmonikaorchester des Landesrates,<\/strong> um den ungarndeutschen Musikernachwuchs heranzuziehen. Die Formation wirkt als eine repr\u00e4sentative Kapelle. Die Sektion organisiert jedes Jahr die <strong>\u201eHarmonikawoche\u201d<\/strong>, damit die jungen Musiker \u00fcber die Traditionspflege hinaus auch auf das Kn\u00fcpfen von Kontakten und die Gemeinschaftsbildung viel Wert legen k\u00f6nnen.<\/p>\n<h3><strong><br \/>Familienmusik \u2013 Treffen der ungarndeutschen Familienmusiker<\/strong><\/h3>\n<p>\u2013 Seit 2009 findet jedes Jahr das <strong>\u201eFamilienmusik\u201d genannte Treffen der ungarndeutschen Familienkapellen und Musikerdynastien<\/strong> statt. Die famili\u00e4ren Bindungen und die Freude an dem gemeinsamen Musizieren helfen die Musikkultur der Vorfahren zu eigen zu machen und zu bewahren. Es ist eine einzigartige M\u00f6glichkeit das \u201eFamiliengold\u201d von unseren Vorfahren zu \u00fcbernehmen. Diesen Wert muss man hochheben und den j\u00fcngeren Generationen bewusst machen, wie wichtig es ist, diesen Musikschatz zu bewahren und ihn ihren Kindern vorzustellen.<\/p>\n<p>\u2013 Die Sektion bem\u00fcht sich kontinuierlich die ungarndeutsche musikalische Muttersprache in breiten Kreisen vorzustellen, sie zu bewahren und beliebt zu machen.<\/p>\n<p>\u2013 Die Schwabenkapellen unterst\u00fctzen auch das Wiederbeleben des Glaubenslebens in der deutschen Muttersprache durch ihre Beteiligung an kirchenmusikalischen Veranstaltungen.<\/p>\n<p>\u2013 Die Sektion f\u00f6rdert mit Weiterbildungen das musikalische K\u00f6nnen und Wissen der Kleinkapellen.<\/p>\n<p>\u2013 Das Starten einer Steirerzither-Schulung steht im Strategieplan der Sektion f\u00fcr die Zukunft.<\/p>\n<h3><strong><br \/>Mit Qualifikationssystem f\u00fcr die kontinuierliche Entwicklung<\/strong><\/h3>\n<p>\u00c4hnlich wie in den anderen Sektionen sichert auch die Kapellensektion durch das vom Landesrat erarbeitete<span style=\"text-decoration: line-through;\">n<\/span> <strong>Qualifikationssystem die kontinuierliche Entwicklung der Kapellen und regt sie zur niveauvollen fachlichen Arbeit an.<\/strong><\/p>\n<p>F\u00fcr die Qualifikationsveranstaltungen k\u00f6nnen sich die Kapellen f\u00fcr drei Kategorien anmelden:<\/p>\n<p><strong>Dorfmusik:<\/strong> Die Kategorie der Kapellen, die die traditionelle schw\u00e4bische Blasmusik spielen. Die Kapellen pr\u00e4sentieren f\u00fcr ihre Region charakteristische St\u00fccke auf f\u00fcr die Region typischen Instrumenten und in stilgerechter Bearbeitung beziehungsweise stilgem\u00e4\u00dfem Vortrag.<\/p>\n<p><strong>Blasmusik:<\/strong> Die Kategorie der Kapellen, die f\u00fcr Blaskapellen bearbeitete traditionelle schw\u00e4bische Musik spielen.<\/p>\n<p><strong>K\u00fcnstlerstufe:<\/strong> Die Kategorie der Kapellen, in denen die \u00fcberwiegende Mehrheit der Mitglieder junge professionelle Musiker sind. Die Kategorie wurde gegr\u00fcndet, damit auch die Amateurkapellen eine M\u00f6glichkeit erhalten, bei der Qualifikation anzutreten.<\/p>\n<p>&nbsp;<\/p>\n<h3><strong>Landestreffen der ungarndeutschen Blaskapellen<\/strong><\/h3>\n<p>Der Landesrat veranstaltet j\u00e4hrlich in Rotationssystem ein Landesfestival so f\u00fcr die Jugend- wie f\u00fcr Erwachsenengruppen, jedes Jahr f\u00fcr eine andere Sektion. Die hervorgehobene Veranstaltung der Kapellensektion ist <strong>das Landesfestival der ungarndeutschen Blaskapellen<\/strong>, an dem die Kapellen aus 13 Regionen, die die h\u00f6chste Qualifikationsstufe erreichten, ihr Repertoire zeigen k\u00f6nnen.<\/p>\n<p>[\/et_pb_tab][et_pb_tab title=&#8221;W\u00fcrdentr\u00e4ger&#8221; _builder_version=&#8221;4.16&#8243; _module_preset=&#8221;default&#8221; global_colors_info=&#8221;{}&#8221; theme_builder_area=&#8221;post_content&#8221;]<\/p>\n<div class=\"divi-module-destination\">\u00a0<\/div>\n<p>[\/et_pb_tab][et_pb_tab title=&#8221;Preistr\u00e4ger&#8221; _builder_version=&#8221;4.17.6&#8243; _module_preset=&#8221;default&#8221; background_color=&#8221;RGBA(0,0,0,0)&#8221; background_enable_color=&#8221;on&#8221; hover_enabled=&#8221;0&#8243; global_colors_info=&#8221;{}&#8221; theme_builder_area=&#8221;post_content&#8221; sticky_enabled=&#8221;0&#8243;]<\/p>\n<h2><strong>Josef-Gungl<\/strong><strong>-Preis<\/strong><\/h2>\n<p>Die Kapellensektion des Landesrates gr\u00fcndete einen Preis als Anerkennung f\u00fcr talentierte Musiker und Vorbilder der Ungarndeutschen. Der Preis wurde nach dem Komponisten Josef Gungl benannt.<\/p>\n<p>Die Auszeichnung k\u00f6nnen solche anerkannten Musiker erhalten, die <strong>mit ihrem Schaffen au\u00dfergew\u00f6hnliche Erfolge in der Pflege und Bewahrung der musikalischen Muttersprache der Ungarndeutschen beziehungsweise in der Fortbildung der Fachpersonen der ungarndeutschen Musikszene erzielten.<\/strong><\/p>\n<p>Der Preis \u2013 der in au\u00dfergew\u00f6hnlichen F\u00e4llen auch nicht ungarischen Staatsb\u00fcrgern verliehen werden kann \u2013 wird dreij\u00e4hrig beim Landesfestival \u00fcberreicht.<\/p>\n<p><strong>Der Namensgeber des Preises: Josef Gungl, Komponist<\/strong><\/p>\n<p>Der ungarndeutsche Musiker, Chefdirigent und Komponist wurde in Berlin, Bayern, Russland und in den USA <strong>als der donauschw\u00e4bische Johann Strauss gefeiert.<\/strong> Er ist 1809 in Zs\u00e1mb\u00e9k\/Schambek geboren und 1889 in Weimar verstorben. Gungl komponierte mehr als 400 Werke &#8211; Tanz- und Unterhaltungsmusik -, die bis heute nichts von ihrem Charme verloren haben. Sein fruchtbringendes musikalisches Talent und seine zahlreichen Kompositionen brachten ihm den Titel Musikdirektor des Preu\u00dfischen K\u00f6nigs und das Eiserne Kreuz \u00d6sterreichs ein.<\/p>\n<p><strong>Die Preistr\u00e4ger der Kapellensektion:<\/strong><strong><\/strong><\/p>\n<p><strong>2023<br \/><\/strong>J\u00f3zsef Schwartz \/ Bogdan<br \/>Istv\u00e1n Geiger \/ Madaras<br \/>Tam\u00e1s Farkas \/ Sz\u00e1rliget<\/p>\n<p><strong>2018<br \/><\/strong>J\u00f3zsef K\u00e1roly Wennesz \/ J\u00e1nossomorja<br \/>J\u00f3zsef Fritz \/ Paks<\/p>\n<p><strong>2015<br \/><\/strong>J\u00e1nos Feldhoffer \/ Pilisv\u00f6r\u00f6sv\u00e1r\u30fbWerischwar<br \/>Istv\u00e1n Czehmann \/ Mecsekn\u00e1dasd\u30fbNadasch<\/p>\n<p>Istv\u00e1n Bagoly \/ Vecs\u00e9s\u30fbWetschesch<br \/>Ferenc Csincsi \/ Balatonf\u00fcred (posthum)<\/p>\n<p><strong>2012<br \/><\/strong>J\u00f3zsef Fazekas sen. \/ Vecs\u00e9s\u30fbWetschesch<br \/>J\u00f3zsef Kov\u00e1cs \/ Vecs\u00e9s\u30fbWetschesch<br \/>Andr\u00e1s W\u00f6lfling \/ Babarc\u30fbBawaz<br \/>Anton Mausz\u00a0 \/ Majs\u30fbMaisch<br \/>Chefdirigent: Tibor Hoffer, Imre Szab\u00f3 \/ Vecs\u00e9s\u30fbWetschesch<\/p>\n<p><strong>2009<br \/><\/strong>J\u00f3zsef Apaceller \/ P\u00e9csv\u00e1rad\u30fbPetschwar<br \/>G\u00e1bor Pecze\u00a0 \/ M\u00e1za\u30fbMase<br \/>Vilmos Auth \/ P\u00e9cs\u30fbF\u00fcnfkirchen<br \/>L\u00e1szl\u00f3 B\u00e1n \/ T\u00f6r\u00f6kb\u00e1lint\u30fbGro\u00dfturwall<\/p>\n<p><strong>2006<br \/><\/strong>J\u00e1nos F\u00f3di \/ Csolnok\u30fbTscholnok<br \/>\u00c1rp\u00e1d Ap\u00e1thy \/ Nagy\u00e1rp\u00e1d\u30fbGro\u00dfarpad<br \/>Dr. Erich Sepp \/ H\u00f6henkirchen-Siegertsbrunn<br \/>Siegfried Rundel \/ M\u00fcnchen<br \/>Robert Rohr \/ M\u00fcnchen<\/p>\n<p><strong>2003<br \/><\/strong>Martin Schadt \/ Nagym\u00e1nyok\u30fbGro\u00dfmanok<br \/>Ferenc Gasteiger \/ P\u00e9csv\u00e1rad\u30fbPetschwar<br \/>P\u00e1l Par\u00f3kai \/ \u00d3buda\u30fbAltofen<br \/>Istv\u00e1n Nick \/\u00a0 Pilisv\u00f6r\u00f6sv\u00e1r\u30fbWerischwar<br \/>Ferenc Horv\u00e1th \/ Sopron\u30fb\u00d6denburg<br \/>Chefdirigent: S\u00e1ndor Acsai \/ M\u00f3r\u30fbMoor<\/p>\n<p><strong>2000<br \/><\/strong>Gy\u00f6rgy Ahmann \/ Babarc\u30fbBawaz<br \/>J\u00e1nos Brundhuber \/ Pilisszentiv\u00e1n\u30fbSanktiwan bei Ofen<br \/>Mih\u00e1ly Son \/ Moh\u00e1cs\u30fbMohatsch<br \/>Martin Peregin \/ Pilisv\u00f6r\u00f6sv\u00e1r\u30fbWerischwar<br \/>J\u00f3zsef Selmeci \/ Csolnok\u30fbTscholnok<br \/>Henrik Bechtl \/ M\u00e1za\u30fbMase<br \/>Chefdirigent: L\u00e1szl\u00f3 B\u00e1n \/ T\u00f6r\u00f6kb\u00e1lint\u30fbGro\u00dfturwall<\/p>\n<p><strong>1997<br \/><\/strong>Anton Farkas \/ Soroks\u00e1r\u30fbSchorokschar<br \/>Konrad Freitag \/ H\u00e1ss\u00e1gy\u30fbHaschad<br \/>Sebastian Krachenfelser \/ Hetvehely\u30fbHetfel<br \/>Ern\u0151 B\u00e1ldi-Grosz \/ Dorog\u30fbDaurog<br \/>Ern\u0151 Maros \/ Sopron-\u00c1gfalva\u30fb\u00d6denburg-Agendorf<br \/>Chefdirigent: J\u00e1nos F\u00f3di \/ Csolnok\u30fbTscholnok<\/p>\n<p>[\/et_pb_tab][\/et_pb_tabs][dgbm_blog_module type=&#8221;3&#8243; include_categories=&#8221;55&#8243; orderby=&#8221;2&#8243; use_post_excerpt=&#8221;on&#8221; show_categories=&#8221;off&#8221; show_author=&#8221;off&#8221; show_date=&#8221;off&#8221; show_pagination=&#8221;off&#8221; item_in_desktop=&#8221;2&#8243; image_size=&#8221;default_image&#8221; content_padding=&#8221;10px|10px|10px|10px|false|false&#8221; module_class=&#8221;divi-portable-module&#8221; _builder_version=&#8221;4.16&#8243; _module_preset=&#8221;default&#8221; title_text_color=&#8221;#003978&#8243; title_font_size=&#8221;22px&#8221; meta_text_color=&#8221;#4D9859&#8243; content_text_color=&#8221;#666666&#8243; border_radii_post_item=&#8221;on|10px|10px|10px|10px&#8221; box_shadow_style_container=&#8221;preset2&#8243; global_colors_info=&#8221;{}&#8221; theme_builder_area=&#8221;post_content&#8221;][\/dgbm_blog_module][et_pb_code _builder_version=&#8221;4.16&#8243; _module_preset=&#8221;default&#8221; global_colors_info=&#8221;{}&#8221; theme_builder_area=&#8221;post_content&#8221;]<script><!-- [et_pb_line_break_holder] -->(function ($) {<!-- [et_pb_line_break_holder] -->  $(document).ready(function () {<!-- [et_pb_line_break_holder] --> <!-- [et_pb_line_break_holder] -->    \/\/ Option #1: Move Divi Module(s) into a Module<!-- [et_pb_line_break_holder] -->    \/\/ Limit: One Instance per Column<!-- [et_pb_line_break_holder] -->    \/\/ Use following code if you want to move <!-- [et_pb_line_break_holder] -->    \/\/ a module inside another module. Each column with the<!-- [et_pb_line_break_holder] -->    \/\/ class 'parent-column' will append any module(s)<!-- [et_pb_line_break_holder] -->    \/\/ with the class 'divi-portable-module' to the div<!-- [et_pb_line_break_holder] -->    \/\/ with the class 'divi-module-destination'.<!-- [et_pb_line_break_holder] -->    \/\/ Only one instance of 'divi-module-destination' should<!-- [et_pb_line_break_holder] -->    \/\/ be added per column.<!-- [et_pb_line_break_holder] -->    $('.divi-portable-module').each(function () {<!-- [et_pb_line_break_holder] -->      $(this).closest('.parent-column').find('.divi-module-destination').append($(this));<!-- [et_pb_line_break_holder] -->    });<!-- [et_pb_line_break_holder] -->     <!-- [et_pb_line_break_holder] -->    \/\/ Buttons: Insert Button Module(s) into a Module<!-- [et_pb_line_break_holder] -->    \/\/ Adding a custom CSS class to a button module<!-- [et_pb_line_break_holder] -->    \/\/ is applied to the 'a' tag which is a child element<!-- [et_pb_line_break_holder] -->    \/\/ of the module wrapper. This code makes sure to append<!-- [et_pb_line_break_holder] -->    \/\/ the entire button module wrapper (the parent element)<!-- [et_pb_line_break_holder] -->    \/\/ as well. This functionality is the same as option #3 above.<!-- [et_pb_line_break_holder] -->    \/\/ Siimply use the class 'divi-portable-button' on a button module<!-- [et_pb_line_break_holder] -->    \/\/ instead of 'divi-portable-module'.<!-- [et_pb_line_break_holder] -->    $('.divi-portable-button').parent().each(function () {<!-- [et_pb_line_break_holder] -->      $(this).closest('.parent-column').find('.divi-module-destination').append($(this));<!-- [et_pb_line_break_holder] -->    });<!-- [et_pb_line_break_holder] --> <!-- [et_pb_line_break_holder] -->    \/\/ Option #2: Move Divi Row(s) into a Module<!-- [et_pb_line_break_holder] -->    \/\/ Limit: One Instance per Section<!-- [et_pb_line_break_holder] -->    \/\/ Use the following code if you want to move <!-- [et_pb_line_break_holder] -->    \/\/ a row inside a module on more than one section<!-- [et_pb_line_break_holder] -->    \/\/ of a page. Each section with the<!-- [et_pb_line_break_holder] -->    \/\/ class 'parent-section' will append any row(s)<!-- [et_pb_line_break_holder] -->    \/\/ with the class 'divi-portable-row' to the div<!-- [et_pb_line_break_holder] -->    \/\/ with the class 'divi-row-destination'.<!-- [et_pb_line_break_holder] -->    \/\/ Only one instance of 'divi-row-destination' should<!-- [et_pb_line_break_holder] -->    \/\/ be added per section.<!-- [et_pb_line_break_holder] -->    $('.divi-portable-row').each(function () {<!-- [et_pb_line_break_holder] -->      $(this).closest('.parent-section').find('.divi-row-destination').append($(this));<!-- [et_pb_line_break_holder] -->    });<!-- [et_pb_line_break_holder] --> <!-- [et_pb_line_break_holder] -->  });<!-- [et_pb_line_break_holder] -->})(jQuery);<!-- [et_pb_line_break_holder] --><\/script><!-- [et_pb_line_break_holder] --><!-- [et_pb_line_break_holder] --><script><!-- [et_pb_line_break_holder] -->(function ($) {<!-- [et_pb_line_break_holder] -->  $(document).ready(function () {<!-- [et_pb_line_break_holder] --> <!-- [et_pb_line_break_holder] -->    \/\/ Option #1: Move Divi Module(s) into a Module<!-- [et_pb_line_break_holder] -->    \/\/ Limit: One Instance per Column<!-- [et_pb_line_break_holder] -->    \/\/ Use following code if you want to move <!-- [et_pb_line_break_holder] -->    \/\/ a module inside another module. Each column with the<!-- [et_pb_line_break_holder] -->    \/\/ class 'parent-column' will append any module(s)<!-- [et_pb_line_break_holder] -->    \/\/ with the class 'divi-portable-module' to the div<!-- [et_pb_line_break_holder] -->    \/\/ with the class 'divi-module-destination'.<!-- [et_pb_line_break_holder] -->    \/\/ Only one instance of 'divi-module-destination' should<!-- [et_pb_line_break_holder] -->    \/\/ be added per column.<!-- [et_pb_line_break_holder] -->    $('.divi-portable-module2').each(function () {<!-- [et_pb_line_break_holder] -->      $(this).closest('.parent-column').find('.divi-module-destination2').append($(this));<!-- [et_pb_line_break_holder] -->    });<!-- [et_pb_line_break_holder] -->     <!-- [et_pb_line_break_holder] -->    \/\/ Buttons: Insert Button Module(s) into a Module<!-- [et_pb_line_break_holder] -->    \/\/ Adding a custom CSS class to a button module<!-- [et_pb_line_break_holder] -->    \/\/ is applied to the 'a' tag which is a child element<!-- [et_pb_line_break_holder] -->    \/\/ of the module wrapper. This code makes sure to append<!-- [et_pb_line_break_holder] -->    \/\/ the entire button module wrapper (the parent element)<!-- [et_pb_line_break_holder] -->    \/\/ as well. This functionality is the same as option #3 above.<!-- [et_pb_line_break_holder] -->    \/\/ Siimply use the class 'divi-portable-button' on a button module<!-- [et_pb_line_break_holder] -->    \/\/ instead of 'divi-portable-module'.<!-- [et_pb_line_break_holder] -->    $('.divi-portable-button2').parent().each(function () {<!-- [et_pb_line_break_holder] -->      $(this).closest('.parent-column').find('.divi-module-destination2').append($(this));<!-- [et_pb_line_break_holder] -->    });<!-- [et_pb_line_break_holder] --> <!-- [et_pb_line_break_holder] -->    \/\/ Option #2: Move Divi Row(s) into a Module<!-- [et_pb_line_break_holder] -->    \/\/ Limit: One Instance per Section<!-- [et_pb_line_break_holder] -->    \/\/ Use the following code if you want to move <!-- [et_pb_line_break_holder] -->    \/\/ a row inside a module on more than one section<!-- [et_pb_line_break_holder] -->    \/\/ of a page. Each section with the<!-- [et_pb_line_break_holder] -->    \/\/ class 'parent-section' will append any row(s)<!-- [et_pb_line_break_holder] -->    \/\/ with the class 'divi-portable-row' to the div<!-- [et_pb_line_break_holder] -->    \/\/ with the class 'divi-row-destination'.<!-- [et_pb_line_break_holder] -->    \/\/ Only one instance of 'divi-row-destination' should<!-- [et_pb_line_break_holder] -->    \/\/ be added per section.<!-- [et_pb_line_break_holder] -->    $('.divi-portable-row2').each(function () {<!-- [et_pb_line_break_holder] -->      $(this).closest('.parent-section').find('.divi-row-destination2').append($(this));<!-- [et_pb_line_break_holder] -->    });<!-- [et_pb_line_break_holder] --> <!-- [et_pb_line_break_holder] -->  });<!-- [et_pb_line_break_holder] -->})(jQuery);<!-- [et_pb_line_break_holder] --><\/script>[\/et_pb_code][\/et_pb_column][\/et_pb_row][\/et_pb_section]<\/p>\n","protected":false},"excerpt":{"rendered":"<p>Unser Erbe &#8211; unsere musikalische Muttersprache. Das Motto der Kapellensektion bringt das grundlegende Wert zum Ausdruck, an dem festhaltend sich die Sektion f\u00fcr die ungarndeutsche Musik pflegende und bewahrende Kapellen [&hellip;]<\/p>\n","protected":false},"author":1,"featured_media":0,"parent":0,"menu_order":0,"comment_status":"closed","ping_status":"closed","template":"","meta":{"_et_pb_use_builder":"on","_et_pb_old_content":"","_et_gb_content_width":"","inline_featured_image":false,"footnotes":""},"_links":{"self":[{"href":"https:\/\/landesrat.hu\/de\/wp-json\/wp\/v2\/pages\/5607"}],"collection":[{"href":"https:\/\/landesrat.hu\/de\/wp-json\/wp\/v2\/pages"}],"about":[{"href":"https:\/\/landesrat.hu\/de\/wp-json\/wp\/v2\/types\/page"}],"author":[{"embeddable":true,"href":"https:\/\/landesrat.hu\/de\/wp-json\/wp\/v2\/users\/1"}],"replies":[{"embeddable":true,"href":"https:\/\/landesrat.hu\/de\/wp-json\/wp\/v2\/comments?post=5607"}],"version-history":[{"count":24,"href":"https:\/\/landesrat.hu\/de\/wp-json\/wp\/v2\/pages\/5607\/revisions"}],"predecessor-version":[{"id":13293,"href":"https:\/\/landesrat.hu\/de\/wp-json\/wp\/v2\/pages\/5607\/revisions\/13293"}],"wp:attachment":[{"href":"https:\/\/landesrat.hu\/de\/wp-json\/wp\/v2\/media?parent=5607"}],"curies":[{"name":"wp","href":"https:\/\/api.w.org\/{rel}","templated":true}]}}