{"id":5604,"date":"2021-07-19T20:44:55","date_gmt":"2021-07-19T18:44:55","guid":{"rendered":"https:\/\/landesrat.hu\/tanzwoche-anmeldung\/"},"modified":"2021-07-19T20:44:55","modified_gmt":"2021-07-19T18:44:55","slug":"tanzwoche-anmeldung","status":"publish","type":"page","link":"https:\/\/landesrat.hu\/de\/tanzwoche-anmeldung\/","title":{"rendered":"Tanzwoche Anmeldung"},"content":{"rendered":"<p>[et_pb_section fb_built=&#8221;1&#8243; _builder_version=&#8221;4.9.4&#8243; _module_preset=&#8221;default&#8221;][et_pb_row _builder_version=&#8221;4.9.4&#8243; _module_preset=&#8221;default&#8221;][et_pb_column type=&#8221;4_4&#8243; _builder_version=&#8221;4.9.4&#8243; _module_preset=&#8221;default&#8221;][et_pb_text _builder_version=&#8221;4.9.4&#8243; _module_preset=&#8221;default&#8221; hover_enabled=&#8221;0&#8243; sticky_enabled=&#8221;0&#8243;]<\/p>\n<h1 style=\"text-align: center;\"><b>Volkstanzwoche<\/b><\/h1>\n<p style=\"text-align: center;\"><span style=\"font-weight: 400;\">VI.Landestreffen und Weiterbildung der ungarndeutschen Volkst\u00e4nzer zur St\u00e4rkung der Identit\u00e4t und Traditionspflege im Interesse der fachlichen Weiterentwicklung der Tanzgruppen<\/span><\/p>\n<p style=\"text-align: center;\"><span style=\"font-weight: 400;\">V\u00e1rosl\u0151d<\/span><\/p>\n<p style=\"text-align: center;\"><span style=\"font-weight: 400;\">25-31 Juli 2021.<\/span><\/p>\n<p style=\"text-align: center;\">Anmeldefrist: 15 Juli 2021<\/p>\n<p>&nbsp;<\/p>\n<p>&nbsp;<\/p>\n<div class=\"caldera-grid\" id=\"caldera_form_1\" data-cf-ver=\"1.9.4\" data-cf-form-id=\"CF60d5813bbc708\"><div id=\"caldera_notices_1\" data-spinner=\"https:\/\/landesrat.hu\/wp-admin\/images\/spinner.gif\"><\/div><form data-instance=\"1\" class=\"CF60d5813bbc708 caldera_forms_form cfajax-trigger\" method=\"POST\" enctype=\"multipart\/form-data\" id=\"CF60d5813bbc708_1\" data-form-id=\"CF60d5813bbc708\" aria-label=\"Tanzwoche jelentkez&eacute;s\" data-target=\"#caldera_notices_1\" data-template=\"#cfajax_CF60d5813bbc708-tmpl\" data-cfajax=\"CF60d5813bbc708\" data-load-element=\"_parent\" data-load-class=\"cf_processing\" data-post-disable=\"0\" data-action=\"cf_process_ajax_submit\" data-request=\"https:\/\/landesrat.hu\/de\/\/cf-api\/CF60d5813bbc708\" data-hiderows=\"true\">\r\n<input type=\"hidden\" id=\"_cf_verify_CF60d5813bbc708\" name=\"_cf_verify\" value=\"4e7e0c6d37\"  data-nonce-time=\"1777154094\" \/><input type=\"hidden\" name=\"_wp_http_referer\" value=\"\/de\/wp-json\/wp\/v2\/pages\/5604\" \/><div id=\"cf2-CF60d5813bbc708_1\"><\/div><input type=\"hidden\" name=\"_cf_frm_id\" value=\"CF60d5813bbc708\">\r\n<input type=\"hidden\" name=\"_cf_frm_ct\" value=\"1\">\r\n<input type=\"hidden\" name=\"cfajax\" value=\"CF60d5813bbc708\">\r\n<input type=\"hidden\" name=\"_cf_cr_pst\" value=\"5604\">\r\n<div class=\"hide\" style=\"display:none; overflow:hidden;height:0;width:0;\">\r\n<label>Phone<\/label><input type=\"text\" name=\"phone\" value=\"\" autocomplete=\"off\">\r\n<\/div><div id=\"CF60d5813bbc708_1-row-1\"  class=\"row  first_row\"><div  class=\"col-sm-12  single\"><div class=\"\"><p>JELENTKEZ\u00c9SI LAP \/ ANMELDEFORMULAR<\/p>\n<\/div><div data-field-wrapper=\"fld_4643415\" class=\"form-group\" id=\"fld_4643415_1-wrap\">\r\n<label id=\"fld_4643415Label\" for=\"fld_4643415_1\" class=\"control-label\">Landesrat Tag \/ Landesrat Mitglieder <span aria-hidden=\"true\" role=\"presentation\" class=\"field_required\" style=\"color:#ee0000;\">*<\/span><\/label>\r\n<div class=\"\">\r\n\t\t\t\t<label class=\"radio-inline\" data-label=\"Igen\" for=\"fld_4643415_1_opt2087029\"><input type=\"radio\" id=\"fld_4643415_1_opt2087029\" data-field=\"fld_4643415\" class=\"fld_4643415_1 option-required\" name=\"fld_4643415\" value=\"Igen\"   required=\"required\" data-radio-field=\"fld_4643415_1\" data-type=\"radio\" data-calc-value=\"Igen\" \/>\n\t\t\tIgen\t\t<\/label>\n\t\t\t\t\t\t\t\t<label class=\"radio-inline\" data-label=\"Nem\" for=\"fld_4643415_1_opt1956789\"><input type=\"radio\" id=\"fld_4643415_1_opt1956789\" data-field=\"fld_4643415\" class=\"fld_4643415_1 option-required\" name=\"fld_4643415\" value=\"Nem\"   required=\"required\" data-radio-field=\"fld_4643415_1\" data-type=\"radio\" data-calc-value=\"Nem\" \/>\n\t\t\tNem\t\t<\/label>\n\t\t\t\t<\/div>\r\n<\/div>\r\n<div data-field-wrapper=\"fld_6131027\" class=\"form-group\" id=\"fld_6131027_1-wrap\">\r\n\t<label id=\"fld_6131027Label\" for=\"fld_6131027_1\" class=\"control-label\">N\u00e9v \/ Name: <span aria-hidden=\"true\" role=\"presentation\" class=\"field_required\" style=\"color:#ee0000;\">*<\/span><\/label>\r\n\t<div class=\"\">\r\n\t\t<input   required type=\"text\" data-field=\"fld_6131027\" class=\" form-control\" id=\"fld_6131027_1\" name=\"fld_6131027\" value=\"\" data-type=\"text\" aria-required=\"true\"   aria-labelledby=\"fld_6131027Label\" >\t\t\t<\/div>\r\n<\/div>\r\n<div data-field-wrapper=\"fld_9290202\" class=\"form-group\" id=\"fld_9290202_1-wrap\">\r\n\t<label id=\"fld_9290202Label\" for=\"fld_9290202_1\" class=\"control-label\">Sz\u00fclet\u00e9si \u00e9v \/ Geburtsjahr: <span aria-hidden=\"true\" role=\"presentation\" class=\"field_required\" style=\"color:#ee0000;\">*<\/span><\/label>\r\n\t<div class=\"\">\r\n\t\t<input placeholder=\"\u00e9vsz\u00e1m\" data-inputmask=\"'mask': '9999'\"  required type=\"text\" data-field=\"fld_9290202\" class=\" form-control\" id=\"fld_9290202_1\" name=\"fld_9290202\" value=\"\" data-type=\"text\" aria-required=\"true\"   aria-labelledby=\"fld_9290202Label\" >\t\t\t<\/div>\r\n<\/div>\r\n<div data-field-wrapper=\"fld_8551259\" class=\"form-group\" id=\"fld_8551259_1-wrap\">\r\n\t<label id=\"fld_8551259Label\" for=\"fld_8551259_1\" class=\"control-label\">Foglalkoz\u00e1s \/ Beruf: <span aria-hidden=\"true\" role=\"presentation\" class=\"field_required\" style=\"color:#ee0000;\">*<\/span><\/label>\r\n\t<div class=\"\">\r\n\t\t<input   required type=\"text\" data-field=\"fld_8551259\" class=\" form-control\" id=\"fld_8551259_1\" name=\"fld_8551259\" value=\"\" data-type=\"text\" aria-required=\"true\"   aria-labelledby=\"fld_8551259Label\" >\t\t\t<\/div>\r\n<\/div>\r\n<div data-field-wrapper=\"fld_5072735\" class=\"form-group\" id=\"fld_5072735_1-wrap\">\r\n\t<label id=\"fld_5072735Label\" for=\"fld_5072735_1\" class=\"control-label\">Telefon: <span aria-hidden=\"true\" role=\"presentation\" class=\"field_required\" style=\"color:#ee0000;\">*<\/span><\/label>\r\n\t<div class=\"\">\r\n\t\t<input  data-inputmask=\"'mask': '(99) 999 99 99'\"  required type=\"phone\" data-field=\"fld_5072735\" class=\" form-control\" id=\"fld_5072735_1\" name=\"fld_5072735\" value=\"\" data-type=\"phone\" aria-required=\"true\"   aria-labelledby=\"fld_5072735Label\" >\t\t\t<\/div>\r\n<\/div>\r\n<div data-field-wrapper=\"fld_2449246\" class=\"form-group\" id=\"fld_2449246_1-wrap\">\r\n\t<label id=\"fld_2449246Label\" for=\"fld_2449246_1\" class=\"control-label\">E-mail: <span aria-hidden=\"true\" role=\"presentation\" class=\"field_required\" style=\"color:#ee0000;\">*<\/span><\/label>\r\n\t<div class=\"\">\r\n\t\t<input   required type=\"email\" data-field=\"fld_2449246\" class=\" form-control\" id=\"fld_2449246_1\" name=\"fld_2449246\" value=\"\" data-type=\"email\" aria-required=\"true\"   aria-labelledby=\"fld_2449246Label\" >\t\t\t<\/div>\r\n<\/div>\r\n<div data-field-wrapper=\"fld_9988902\" class=\"form-group\" id=\"fld_9988902_1-wrap\">\r\n\t<label id=\"fld_9988902Label\" for=\"fld_9988902_1\" class=\"control-label\">Mi\u00f3ta t\u00e1ncol? \/ Wie viele Jahre Tanzpraxis? <span aria-hidden=\"true\" role=\"presentation\" class=\"field_required\" style=\"color:#ee0000;\">*<\/span><\/label>\r\n\t<div class=\"\">\r\n\t\t<input placeholder=\"\u00e9vsz\u00e1m\" data-inputmask=\"'mask': '9999'\"  required type=\"text\" data-field=\"fld_9988902\" class=\" form-control\" id=\"fld_9988902_1\" name=\"fld_9988902\" value=\"\" data-type=\"text\" aria-required=\"true\"   aria-labelledby=\"fld_9988902Label\" >\t\t\t<\/div>\r\n<\/div>\r\n<div data-field-wrapper=\"fld_6093228\" class=\"form-group\" id=\"fld_6093228_1-wrap\">\r\n\t<label id=\"fld_6093228Label\" for=\"fld_6093228_1\" class=\"control-label\">Milyen ell\u00e1t\u00e1st k\u00e9r? \/ Verpflegung <span aria-hidden=\"true\" role=\"presentation\" class=\"field_required\" style=\"color:#ee0000;\">*<\/span><\/label>\r\n\t<div class=\"\">\r\n\t\t\t\t\t\t\n                <label  class=\"checkbox-inline\"                        for=\"fld_6093228_1_opt1413227\"\n                >\n                            <input\n                                data-parsley-required=\"true\" data-parsley-group=\"fld_6093228_1\" data-parsley-multiple=\"fld_6093228_1\"                                type=\"checkbox\"\n                                data-label=\"Norm\u00e1l\"\n                                data-field=\"fld_6093228\"\n                                id=\"fld_6093228_1_opt1413227\"\n                                class=\"fld_6093228_1 option-required\"\n                                name=\"fld_6093228[opt1413227]\"\n                                value=\"Norm\u00e1l\"\n                                                                data-type=\"checkbox\"\n                                data-checkbox-field=\"fld_6093228_1\"\n                                                                data-calc-value=\"Norm\u00e1l\"\n                            >\n                    Norm\u00e1l                <\/label>\n\n                \t\t\t\t\t\t\t\t\n                <label  class=\"checkbox-inline\"                        for=\"fld_6093228_1_opt1242818\"\n                >\n                            <input\n                                data-parsley-required=\"true\" data-parsley-group=\"fld_6093228_1\" data-parsley-multiple=\"fld_6093228_1\"                                type=\"checkbox\"\n                                data-label=\"Vega\"\n                                data-field=\"fld_6093228\"\n                                id=\"fld_6093228_1_opt1242818\"\n                                class=\"fld_6093228_1 option-required\"\n                                name=\"fld_6093228[opt1242818]\"\n                                value=\"Vega\"\n                                                                data-type=\"checkbox\"\n                                data-checkbox-field=\"fld_6093228_1\"\n                                                                data-calc-value=\"Vega\"\n                            >\n                    Vega                <\/label>\n\n                \t\t\t\t\t\t\t<\/div>\r\n<\/div>\r\n<div data-field-wrapper=\"fld_734030\" class=\"form-group\" id=\"fld_734030_1-wrap\">\r\n\t<label id=\"fld_734030Label\" for=\"fld_734030_1\" class=\"control-label\">\u00c9telallergia \/ Allergie:<\/label>\r\n\t<div class=\"\">\r\n\t\t<input    type=\"text\" data-field=\"fld_734030\" class=\" form-control\" id=\"fld_734030_1\" name=\"fld_734030\" value=\"\" data-type=\"text\"   aria-labelledby=\"fld_734030Label\" >\t\t\t<\/div>\r\n<\/div>\r\n<\/div><\/div><div id=\"CF60d5813bbc708_1-row-2\"  class=\"row \"><div  class=\"col-sm-12  single\"><div class=\"\"><h2>R\u00e9szv\u00e9teli d\u00edj \/ Teilnahmegeb\u00fchr<\/h2>\n<\/div><span class=\"caldera-forms-conditional-field\" role=\"region\" aria-live=\"polite\" id=\"conditional_fld_7463343_1\" data-field-id=\"fld_7463343_1\"><\/span><span class=\"caldera-forms-conditional-field\" role=\"region\" aria-live=\"polite\" id=\"conditional_fld_6955430_1\" data-field-id=\"fld_6955430_1\"><\/span><div class=\"\"><h2>Sz\u00e1ml\u00e1z\u00e1s \/ Rechnungsstellung<\/h2>\n<\/div><div data-field-wrapper=\"fld_5147421\" class=\"form-group\" id=\"fld_5147421_1-wrap\">\r\n<label id=\"fld_5147421Label\" for=\"fld_5147421_1\" class=\"control-label screen-reader-text sr-only\">Szla<\/label>\r\n<div class=\"\">\r\n\t\t\t\t\t<div class=\"radio\">\n\t\t\t\t<label data-label=\"Mag\u00e1nszem\u00e9ly \/ Privatperson\" for=\"fld_5147421_1_opt1636136\"><input type=\"radio\" id=\"fld_5147421_1_opt1636136\" data-field=\"fld_5147421\" class=\"fld_5147421_1 option-required\" name=\"fld_5147421\" value=\"Mag\u00e1nszem\u00e9ly \/ Privatperson\"   required=\"required\" data-radio-field=\"fld_5147421_1\" data-type=\"radio\" data-calc-value=\"Mag\u00e1nszem\u00e9ly\" \/>\n\t\t\tMag\u00e1nszem\u00e9ly \/ Privatperson\t\t<\/label>\n\t\t\t\t\t<\/div>\n\t\t\t\t\t\t\t\t\t<div class=\"radio\">\n\t\t\t\t<label data-label=\"Egyes\u00fclet \/ \u00d6nkorm\u00e1nyzat \/ C\u00e9g \/ Verein \/ Selbstvervaltung \/ Unternehmen\" for=\"fld_5147421_1_opt1638563\"><input type=\"radio\" id=\"fld_5147421_1_opt1638563\" data-field=\"fld_5147421\" class=\"fld_5147421_1 option-required\" name=\"fld_5147421\" value=\"Egyes\u00fclet \/ \u00d6nkorm\u00e1nyzat \/ C\u00e9g \/ Verein \/ Selbstvervaltung \/ Unternehmen\"   required=\"required\" data-radio-field=\"fld_5147421_1\" data-type=\"radio\" data-calc-value=\"Egyes\u00fclet \/ \u00d6nkorm\u00e1nyzat \/ C\u00e9g\" \/>\n\t\t\tEgyes\u00fclet \/ \u00d6nkorm\u00e1nyzat \/ C\u00e9g \/ Verein \/ Selbstvervaltung \/ Unternehmen\t\t<\/label>\n\t\t\t\t\t<\/div>\n\t\t\t\t<\/div>\r\n<\/div>\r\n<div data-field-wrapper=\"fld_1470924\" class=\"form-group\" id=\"fld_1470924_1-wrap\">\r\n\t<label id=\"fld_1470924Label\" for=\"fld_1470924_1\" class=\"control-label\">Sz\u00e1ml\u00e1z\u00e1si n\u00e9v \/ Rechnungsname <span aria-hidden=\"true\" role=\"presentation\" class=\"field_required\" style=\"color:#ee0000;\">*<\/span><\/label>\r\n\t<div class=\"\">\r\n\t\t<input   required type=\"text\" data-field=\"fld_1470924\" class=\" form-control\" id=\"fld_1470924_1\" name=\"fld_1470924\" value=\"\" data-type=\"text\" aria-required=\"true\"   aria-labelledby=\"fld_1470924Label\" >\t\t\t<\/div>\r\n<\/div>\r\n<div class=\"\"><h2>Sz\u00e1ml\u00e1z\u00e1si c\u00edm \/ Rechnungsadresse<\/h2>\n<\/div><\/div><\/div><div id=\"CF60d5813bbc708_1-row-3\"  class=\"row \"><div  class=\"col-sm-4  first_col\"><div data-field-wrapper=\"fld_9920847\" class=\"form-group\" id=\"fld_9920847_1-wrap\">\r\n\t<label id=\"fld_9920847Label\" for=\"fld_9920847_1\" class=\"control-label screen-reader-text sr-only\">Ir\u00e1ny\u00edt\u00f3sz\u00e1m \/ Postleitzahl*<\/label>\r\n\t<div class=\"\">\r\n\t\t<input placeholder=\"Ir\u00e1ny\u00edt\u00f3sz\u00e1m \/ Postleitzahl*\"  required type=\"text\" data-field=\"fld_9920847\" class=\" form-control\" id=\"fld_9920847_1\" name=\"fld_9920847\" value=\"\" data-type=\"text\" aria-required=\"true\"   aria-labelledby=\"fld_9920847Label\" >\t\t\t<\/div>\r\n<\/div>\r\n<\/div><div  class=\"col-sm-4 \"><div data-field-wrapper=\"fld_677950\" class=\"form-group\" id=\"fld_677950_1-wrap\">\r\n\t<label id=\"fld_677950Label\" for=\"fld_677950_1\" class=\"control-label screen-reader-text sr-only\">V\u00e1ros \/ Stadt*<\/label>\r\n\t<div class=\"\">\r\n\t\t<input placeholder=\"V\u00e1ros \/ Stadt*\"  required type=\"text\" data-field=\"fld_677950\" class=\" form-control\" id=\"fld_677950_1\" name=\"fld_677950\" value=\"\" data-type=\"text\" aria-required=\"true\"   aria-labelledby=\"fld_677950Label\" >\t\t\t<\/div>\r\n<\/div>\r\n<\/div><div  class=\"col-sm-4  last_col\"><div data-field-wrapper=\"fld_316675\" class=\"form-group\" id=\"fld_316675_1-wrap\">\r\n\t<label id=\"fld_316675Label\" for=\"fld_316675_1\" class=\"control-label screen-reader-text sr-only\">Utca, h\u00e1zsz\u00e1m \/ Strasse, No.*<\/label>\r\n\t<div class=\"\">\r\n\t\t<input placeholder=\"Utca, h\u00e1zsz\u00e1m \/ Strasse, No.*\"  required type=\"text\" data-field=\"fld_316675\" class=\" form-control\" id=\"fld_316675_1\" name=\"fld_316675\" value=\"\" data-type=\"text\" aria-required=\"true\"   aria-labelledby=\"fld_316675Label\" >\t\t\t<\/div>\r\n<\/div>\r\n<\/div><\/div><div id=\"CF60d5813bbc708_1-row-4\"  class=\"row \"><div  class=\"col-sm-12  single\"><div data-field-wrapper=\"fld_2627572\" class=\"form-group\" id=\"fld_2627572_1-wrap\">\r\n\t<label id=\"fld_2627572Label\" for=\"fld_2627572_1\" class=\"control-label\">Sz\u00e1ml\u00e1z\u00e1si e-mail c\u00edm \/ Rechnung e-mail <span aria-hidden=\"true\" role=\"presentation\" class=\"field_required\" style=\"color:#ee0000;\">*<\/span><\/label>\r\n\t<div class=\"\">\r\n\t\t<input   required type=\"email\" data-field=\"fld_2627572\" class=\" form-control\" id=\"fld_2627572_1\" name=\"fld_2627572\" value=\"\" data-type=\"email\" aria-required=\"true\"   aria-labelledby=\"fld_2627572Label\" >\t\t\t<\/div>\r\n<\/div>\r\n<span class=\"caldera-forms-conditional-field\" role=\"region\" aria-live=\"polite\" id=\"conditional_fld_8659658_1\" data-field-id=\"fld_8659658_1\"><\/span><div data-field-wrapper=\"fld_1452972\" class=\"form-group\" id=\"fld_1452972_1-wrap\">\r\n<div class=\"\">\r\n\n<div class=\"checkbox-inline caldera-forms-consent-field\">\n    <input data-parsley-required=\"true\" data-parsley-group=\"fld_1452972_1\" data-parsley-multiple=\"fld_1452972_1\"        type=\"checkbox\" data-label=\"GDPR\"\n        data-field=\"fld_1452972\"\n        id=\"fld_1452972_1\"\n        class=\"fld_1452972_1 option-required\"\n        name=\"fld_1452972\"\n        value=\"1\"\n        data-type=\"checkbox\"\n        data-checkbox-field=\"fld_1452972_1\"\n    >\n    <label for=\"fld_1452972_1\"\n           class=\"caldera-forms-gdpr-field-label\"\n           style=\"display:inline; margin-left: 0.5rem;\"\n    >\n                <p\n            class=\"caldera-forms-consent-field-agreement\"\n        >\n            Hozz\u00e1j\u00e1rul\u00e1somat adom az \u00e1ltalam kit\u00f6lt\u00f6tt \u00e9s a Landesrat r\u00e9sz\u00e9re megk\u00fcld\u00f6tt jelentkez\u00e9si lapon megadott adataim nyilv\u00e1ntart\u00e1s\u00e1hoz-, kezel\u00e9s\u00e9hez. \/ Ich stimme der Erfassung und Verwaltung meiner Daten, die ich ausgef\u00fcllt und an den Landesrat \u00fcbermittelt habe, zu.\n        <\/p>\n        <a href=\"https:\/\/landesrat.hu\/adatkezelesi-tajekoztato-2\/\"\n           target=\"_blank\"\n                title=\"Privacy Policy Page\"\n            class=\"caldera-forms-consent-field-linked_text\"\n            >\n            Adatkezel\u00e9si t\u00e1j\u00e9koztat\u00f3 \/ Datenschutz-Bestimmungen        <\/a>\n    <\/label>\n    <span style=\"color:#ff0000;\">*<\/span>\n<\/div>\n\n<\/div>\r\n<\/div>\r\n<div data-field-wrapper=\"fld_1036075\" class=\"form-group\" id=\"fld_1036075_1-wrap\">\r\n<div class=\"\">\r\n\t<input  class=\"btn btn-default zoldgomb\" type=\"submit\" name=\"fld_1036075\" id=\"fld_1036075_1\" value=\"Jelentkez\u00e9s elk\u00fcld\u00e9se\" data-field=\"fld_1036075\"  >\n<\/div>\r\n<\/div>\r\n\t<input class=\"button_trigger_1\" type=\"hidden\" name=\"fld_1036075\" id=\"fld_1036075_1_btn\" value=\"\" data-field=\"fld_1036075\"  \/>\n<\/div><\/div><div id=\"CF60d5813bbc708_1-row-5\"  class=\"row  last_row\"><div  class=\"col-sm-12  single\"><\/div><\/div><\/form>\r\n<\/div>\r\n<script type=\"text\/javascript\">\r\nif( typeof caldera_conditionals === \"undefined\" ){ var caldera_conditionals = {}; }caldera_conditionals.CF60d5813bbc708_1 = {\"fld_7463343_1\":{\"type\":\"show\",\"group\":{\"rw_czaagnprf\":{\"cl_jylhihyom\":{\"id\":\"cl_jylhihyom\",\"field\":\"fld_4643415\",\"value\":\"Igen\",\"compare\":\"is\",\"parent\":\"rw_czaagnprf\",\"label\":\"Igen\"}}}},\"fld_6955430_1\":{\"type\":\"show\",\"group\":{\"rw_llkbf\":{\"cl_mkxjwcrpn\":{\"id\":\"cl_mkxjwcrpn\",\"field\":\"fld_4643415\",\"value\":\"Nem\",\"compare\":\"is\",\"parent\":\"rw_llkbf\",\"label\":\"Nem\"}}}},\"fld_8659658_1\":{\"type\":\"show\",\"group\":{\"rw_ljhcplxmb\":{\"cl_ffbemcmes\":{\"id\":\"cl_ffbemcmes\",\"field\":\"fld_5147421\",\"value\":\"Egyes\\u00fclet \\\/ \\u00d6nkorm\\u00e1nyzat \\\/ C\\u00e9g \\\/ Verein \\\/ Selbstvervaltung \\\/ Unternehmen\",\"compare\":\"is\",\"parent\":\"rw_ljhcplxmb\",\"label\":\"Egyes\\u00fclet \\\/ \\u00d6nkorm\\u00e1nyzat \\\/ C\\u00e9g \\\/ Verein \\\/ Selbstvervaltung \\\/ Unternehmen\"}}}}};\r\n<\/script>\r\n<script type=\"text\/html\" id=\"conditional-fld_7463343_1-tmpl\">\r\n<div class=\"\"><p>R\u00e9szv\u00e9teli d\u00edj: 30.000 Ft\/f\u0151<\/p>\n<\/div><\/script>\r\n\r\n<script type=\"text\/html\" id=\"conditional-fld_6955430_1-tmpl\">\r\n<div class=\"\"><p>R\u00e9szv\u00e9teli d\u00edj: 60.000 Ft\/f\u0151<\/p>\n<\/div><\/script>\r\n\r\n<script type=\"text\/html\" id=\"conditional-fld_8659658_1-tmpl\">\r\n<div data-field-wrapper=\"fld_8659658\" class=\"form-group\" id=\"fld_8659658_1-wrap\">\r\n\t<label id=\"fld_8659658Label\" for=\"fld_8659658_1\" class=\"control-label\">Ad\u00f3sz\u00e1m <span aria-hidden=\"true\" role=\"presentation\" class=\"field_required\" style=\"color:#ee0000;\">*<\/span><\/label>\r\n\t<div class=\"\">\r\n\t\t<input   required type=\"text\" data-field=\"fld_8659658\" class=\" form-control\" id=\"fld_8659658_1\" name=\"fld_8659658\" value=\"\" data-type=\"text\" aria-required=\"true\"   aria-labelledby=\"fld_8659658Label\" >\t\t\t<\/div>\r\n<\/div>\r\n<\/script>\r\n\n<p>[\/et_pb_text][et_pb_divider show_divider=&#8221;off&#8221; _builder_version=&#8221;4.9.4&#8243; _module_preset=&#8221;default&#8221; min_height=&#8221;50px&#8221;][\/et_pb_divider][\/et_pb_column][\/et_pb_row][\/et_pb_section]<\/p>\n","protected":false},"excerpt":{"rendered":"<p>Volkstanzwoche VI.Landestreffen und Weiterbildung der ungarndeutschen Volkst\u00e4nzer zur St\u00e4rkung der Identit\u00e4t und Traditionspflege im Interesse der fachlichen Weiterentwicklung der Tanzgruppen V\u00e1rosl\u0151d 25-31 Juli 2021. Anmeldefrist: 15 Juli 2021 &nbsp; &nbsp; [&hellip;]<\/p>\n","protected":false},"author":1,"featured_media":0,"parent":0,"menu_order":0,"comment_status":"closed","ping_status":"closed","template":"","meta":{"_et_pb_use_builder":"on","_et_pb_old_content":"","_et_gb_content_width":"","inline_featured_image":false,"footnotes":""},"_links":{"self":[{"href":"https:\/\/landesrat.hu\/de\/wp-json\/wp\/v2\/pages\/5604"}],"collection":[{"href":"https:\/\/landesrat.hu\/de\/wp-json\/wp\/v2\/pages"}],"about":[{"href":"https:\/\/landesrat.hu\/de\/wp-json\/wp\/v2\/types\/page"}],"author":[{"embeddable":true,"href":"https:\/\/landesrat.hu\/de\/wp-json\/wp\/v2\/users\/1"}],"replies":[{"embeddable":true,"href":"https:\/\/landesrat.hu\/de\/wp-json\/wp\/v2\/comments?post=5604"}],"version-history":[{"count":2,"href":"https:\/\/landesrat.hu\/de\/wp-json\/wp\/v2\/pages\/5604\/revisions"}],"predecessor-version":[{"id":5606,"href":"https:\/\/landesrat.hu\/de\/wp-json\/wp\/v2\/pages\/5604\/revisions\/5606"}],"wp:attachment":[{"href":"https:\/\/landesrat.hu\/de\/wp-json\/wp\/v2\/media?parent=5604"}],"curies":[{"name":"wp","href":"https:\/\/api.w.org\/{rel}","templated":true}]}}