{"id":5595,"date":"2021-07-19T20:35:56","date_gmt":"2021-07-19T18:35:56","guid":{"rendered":"https:\/\/landesrat.hu\/tanzsektion-nachrichten\/"},"modified":"2021-09-01T11:13:08","modified_gmt":"2021-09-01T09:13:08","slug":"tanzsektion-nachrichten","status":"publish","type":"page","link":"https:\/\/landesrat.hu\/de\/tanzsektion-nachrichten\/","title":{"rendered":"Tanzsektion Nachrichten"},"content":{"rendered":"<p>[et_pb_section fb_built=&#8221;1&#8243; _builder_version=&#8221;4.9.0&#8243; _module_preset=&#8221;default&#8221; background_color=&#8221;RGBA(0,0,0,0)&#8221; background_enable_image=&#8221;off&#8221; custom_margin=&#8221;0px||0px||false|false&#8221; custom_padding=&#8221;0px||0px||false|false&#8221;][et_pb_row use_custom_gutter=&#8221;on&#8221; gutter_width=&#8221;2&#8243; _builder_version=&#8221;4.9.0&#8243; _module_preset=&#8221;default&#8221; background_color=&#8221;RGBA(0,0,0,0)&#8221; width=&#8221;100%&#8221; custom_padding=&#8221;0px||||false|false&#8221;][et_pb_column type=&#8221;4_4&#8243; _builder_version=&#8221;4.9.0&#8243; _module_preset=&#8221;default&#8221; background_color=&#8221;RGBA(0,0,0,0)&#8221; border_radii=&#8221;on|10px|10px|10px|10px&#8221;][et_pb_text _builder_version=&#8221;4.9.0&#8243; _module_preset=&#8221;default&#8221; header_2_text_color=&#8221;#003978&#8243;]<\/p>\n<h2><strong>Nachrichten<\/strong><\/h2>\n<p>[\/et_pb_text][dgbm_blog_module type=&#8221;3&#8243; include_categories=&#8221;52&#8243; show_thumbnail=&#8221;off&#8221; use_post_excerpt=&#8221;on&#8221; show_categories=&#8221;off&#8221; show_author=&#8221;off&#8221; meta_date=&#8221;Y. m. d.&#8221; show_pagination=&#8221;off&#8221; show_more=&#8221;on&#8221; read_more_text=&#8221;Weiter&#8221; layout=&#8221;full-width&#8221; button_alignment=&#8221;right&#8221; button_bg_color=&#8221;#003978&#8243; button_padding=&#8221;|14px||20px|false|false&#8221; _builder_version=&#8221;4.9.10&#8243; _module_preset=&#8221;default&#8221; title_font_size=&#8221;24px&#8221; title_line_height=&#8221;1.3em&#8221; content_line_height=&#8221;1.7em&#8221; read_more_text_color=&#8221;#FFFFFF&#8221; read_more_line_height=&#8221;1.9em&#8221; date_text_color=&#8221;#4D9859&#8243; date_font_size=&#8221;16px&#8221; date_line_height=&#8221;1.9em&#8221; hover_enabled=&#8221;0&#8243; border_radii_read_more=&#8221;on|25px|25px|25px|25px&#8221; sticky_enabled=&#8221;0&#8243;][\/dgbm_blog_module][\/et_pb_column][\/et_pb_row][\/et_pb_section]<\/p>\n","protected":false},"excerpt":{"rendered":"<p>Nachrichten<div class=\"et_pb_module dgbm_blog_module dgbm_blog_module_0\">\n\t\t\t\t\n\t\t\t\t\n\t\t\t\t\n\t\t\t\t\n\t\t\t\t\n\t\t\t\t\n\t\t\t\t<div class=\"et_pb_module_inner\">\n\t\t\t\t\t<div class=\"dg-blog-module\">\r\n\t\t\t\t\t\t\t<div class=\"dg-blog-inner-wrapper full-width image-top\">\r\n\t\t\t\t\t\t\t\t<div class=\"et_pb_ajax_pagination_container\">\r\n\t\t\t\t\t\t\t\t\t                <article id=\"post-20668\" class=\"dgbm_post_item v2 post-20668 post type-post status-publish format-standard has-post-thumbnail hentry category-landesrat-nachrichten category-tanz-de\" >\r\n                                                                <div class=\"content-wrapper\">\r\n                                                        <h2 class=\"dg_bm_title\"><a href=\"https:\/\/landesrat.hu\/de\/12-landesfestival-der-ungarndeutschen-kindertanzgruppen-in-werischwar-am-30-mai-2026\/\">12. Landesfestival der ungarndeutschen Kindertanzgruppen in Werischwar am 30. Mai<\/a><\/h2>                            <p class=\"post-meta post-meta-position-default\"><span class=\"published\">2026. 03. 17.<\/span><\/p>                            <div class=\"post-content\"><p>\u201eNikolaus Manninger - Wir halten einander an der Hand!\u201d Eine der eindrucksvollsten Ausdrucksformen der...<\/p>\n<\/div>                            <div class=\"dg_read_more_wrapper\"><a class=\"read-more\" href=\"https:\/\/landesrat.hu\/de\/12-landesfestival-der-ungarndeutschen-kindertanzgruppen-in-werischwar-am-30-mai-2026\/\" ><span>Weiter<\/span><\/a><\/div>                            \r\n                        <\/div>\r\n                                    <\/article>\r\n                                <article id=\"post-20643\" class=\"dgbm_post_item v2 post-20643 post type-post status-publish format-standard has-post-thumbnail hentry category-chor-nachrichten category-jugend-nachrichten category-kapellen-nachrichten category-kirchenmusik-nachrichten category-landesrat-nachrichten category-tanz-de\" >\r\n                                                                <div class=\"content-wrapper\">\r\n                                                        <h2 class=\"dg_bm_title\"><a href=\"https:\/\/landesrat.hu\/de\/die-vollversammlung-des-landesrats-zur-neuwahl-der-amtstraeger-2026\/\">Die Vollversammlung des Landesrats zur Neuwahl der Amtstr\u00e4ger 2026<\/a><\/h2>                            <p class=\"post-meta post-meta-position-default\"><span class=\"published\">2026. 03. 11.<\/span><\/p>                            <div class=\"post-content\"><p>Am 1. M\u00e4rz hielt der Landesrat seine Vollversammlung zur Neuwahl der Amtstr\u00e4ger in Totwaschon ab. Die Vollversammlung...<\/p>\n<\/div>                            <div class=\"dg_read_more_wrapper\"><a class=\"read-more\" href=\"https:\/\/landesrat.hu\/de\/die-vollversammlung-des-landesrats-zur-neuwahl-der-amtstraeger-2026\/\" ><span>Weiter<\/span><\/a><\/div>                            \r\n                        <\/div>\r\n                                    <\/article>\r\n                                <article id=\"post-20583\" class=\"dgbm_post_item v2 post-20583 post type-post status-publish format-standard has-post-thumbnail hentry category-chor-nachrichten category-jugend-nachrichten category-kapellen-nachrichten category-kirchenmusik-nachrichten category-landesrat-nachrichten category-tanz-de\" >\r\n                                                                <div class=\"content-wrapper\">\r\n                                                        <h2 class=\"dg_bm_title\"><a href=\"https:\/\/landesrat.hu\/de\/kreative-arbeit-im-inspirierenden-kreis-fachtagung-des-landesrats\/\">Kreative Arbeit im inspirierenden Kreis \u2013 Fachtagung des Landesrats<\/a><\/h2>                            <p class=\"post-meta post-meta-position-default\"><span class=\"published\">2026. 03. 04.<\/span><\/p>                            <div class=\"post-content\"><p>Am 27. und 28. Februar arbeitete der Vorstand des Landesrates in Totwaschon in einem inspirierenden Kreis auch in...<\/p>\n<\/div>                            <div class=\"dg_read_more_wrapper\"><a class=\"read-more\" href=\"https:\/\/landesrat.hu\/de\/kreative-arbeit-im-inspirierenden-kreis-fachtagung-des-landesrats\/\" ><span>Weiter<\/span><\/a><\/div>                            \r\n                        <\/div>\r\n                                    <\/article>\r\n                                <article id=\"post-20199\" class=\"dgbm_post_item v2 post-20199 post type-post status-publish format-standard has-post-thumbnail hentry category-chor-nachrichten category-jugend-nachrichten category-kapellen-nachrichten category-kirchenmusik-nachrichten category-landesrat-nachrichten category-tanz-de\" >\r\n                                                                <div class=\"content-wrapper\">\r\n                                                        <h2 class=\"dg_bm_title\"><a href=\"https:\/\/landesrat.hu\/de\/landeskalender-2026-treffpunkte-fuer-die-ungarndeutschen\/\">Landeskalender 2026 \u2013 Treffpunkte f\u00fcr die Ungarndeutschen<\/a><\/h2>                            <p class=\"post-meta post-meta-position-default\"><span class=\"published\">2026. 02. 08.<\/span><\/p>                            <div class=\"post-content\"><p>Wir erwarten auch im Jahr 2026 alle zu den ereignis- und erlebnisreichen Veranstaltungen des Landesrates! Leben wir...<\/p>\n<\/div>                            <div class=\"dg_read_more_wrapper\"><a class=\"read-more\" href=\"https:\/\/landesrat.hu\/de\/landeskalender-2026-treffpunkte-fuer-die-ungarndeutschen\/\" ><span>Weiter<\/span><\/a><\/div>                            \r\n                        <\/div>\r\n                                    <\/article>\r\n                                <article id=\"post-19854\" class=\"dgbm_post_item v2 post-19854 post type-post status-publish format-standard has-post-thumbnail hentry category-landesrat-nachrichten category-tanz-de\" >\r\n                                                                <div class=\"content-wrapper\">\r\n                                                        <h2 class=\"dg_bm_title\"><a href=\"https:\/\/landesrat.hu\/de\/grossangelegte-galaveranstaltung-beim-volkstanzfestival-der-erwachsenengruppen-in-seksard\/\">Gro\u00dfangelegte Galaveranstaltung beim Volkstanzfestival der Erwachsenengruppen in Seksard<\/a><\/h2>                            <p class=\"post-meta post-meta-position-default\"><span class=\"published\">2025. 11. 20.<\/span><\/p>                            <div class=\"post-content\"><p>Es war ein herzerw\u00e4rmendes Gef\u00fchl zu sehen, wie die Momente aus dem Alltag unserer Vorfahren, die Meilensteine ihres...<\/p>\n<\/div>                            <div class=\"dg_read_more_wrapper\"><a class=\"read-more\" href=\"https:\/\/landesrat.hu\/de\/grossangelegte-galaveranstaltung-beim-volkstanzfestival-der-erwachsenengruppen-in-seksard\/\" ><span>Weiter<\/span><\/a><\/div>                            \r\n                        <\/div>\r\n                                    <\/article>\r\n                                <article id=\"post-19883\" class=\"dgbm_post_item v2 post-19883 post type-post status-publish format-standard has-post-thumbnail hentry category-landesrat-nachrichten category-tanz-de\" >\r\n                                                                <div class=\"content-wrapper\">\r\n                                                        <h2 class=\"dg_bm_title\"><a href=\"https:\/\/landesrat.hu\/de\/unser-erbe-das-in-der-sprache-des-tanzes-zum-leben-erwacht-momente-des-xi-volkstanzfestivals\/\">Unser Erbe, das in der Sprache des Tanzes zum Leben erwacht \u2013 Momente des XI. Volkstanzfestivals<\/a><\/h2>                            <p class=\"post-meta post-meta-position-default\"><span class=\"published\">2025. 11. 20.<\/span><\/p>                            <div class=\"post-content\"><p>Es war ein herzerw\u00e4rmendes Gef\u00fchl zu sehen, wie die Momente des Alltags unserer Vorfahren, die Meilensteine ihres...<\/p>\n<\/div>                            <div class=\"dg_read_more_wrapper\"><a class=\"read-more\" href=\"https:\/\/landesrat.hu\/de\/unser-erbe-das-in-der-sprache-des-tanzes-zum-leben-erwacht-momente-des-xi-volkstanzfestivals\/\" ><span>Weiter<\/span><\/a><\/div>                            \r\n                        <\/div>\r\n                                    <\/article>\r\n                                <article id=\"post-19365\" class=\"dgbm_post_item v2 post-19365 post type-post status-publish format-standard has-post-thumbnail hentry category-landesrat-nachrichten category-tanz-de\" >\r\n                                                                <div class=\"content-wrapper\">\r\n                                                        <h2 class=\"dg_bm_title\"><a href=\"https:\/\/landesrat.hu\/de\/wir-bereiten-uns-auf-eine-grandiose-galavorstellung-volkstanzfestival-15-nov-seksard\/\">Wir bereiten uns auf eine grandiose Galavorstellung &#8211; Volkstanzfestival &#8211; 15 Nov., Seksard<\/a><\/h2>                            <p class=\"post-meta post-meta-position-default\"><span class=\"published\">2025. 11. 06.<\/span><\/p>                            <div class=\"post-content\"><p>Wir bereiten uns auf eine grandiose Galavorstellung am 15. November vor, bei der wir auf der B\u00fchne die Essenz des...<\/p>\n<\/div>                            <div class=\"dg_read_more_wrapper\"><a class=\"read-more\" href=\"https:\/\/landesrat.hu\/de\/wir-bereiten-uns-auf-eine-grandiose-galavorstellung-volkstanzfestival-15-nov-seksard\/\" ><span>Weiter<\/span><\/a><\/div>                            \r\n                        <\/div>\r\n                                    <\/article>\r\n                                <article id=\"post-19352\" class=\"dgbm_post_item v2 post-19352 post type-post status-publish format-standard has-post-thumbnail hentry category-landesrat-nachrichten category-tanz-de\" >\r\n                                                                <div class=\"content-wrapper\">\r\n                                                        <h2 class=\"dg_bm_title\"><a href=\"https:\/\/landesrat.hu\/de\/tolle-qualifikationsergebnisse-der-volkstanzgruppen\/\">Tolle Qualifikationsergebnisse der Volkstanzgruppen<\/a><\/h2>                            <p class=\"post-meta post-meta-position-default\"><span class=\"published\">2025. 10. 28.<\/span><\/p>                            <div class=\"post-content\"><p>Mit wundersch\u00f6nen Choreografien traten die Tanzgruppen bei den Qualifikationsrunden in Tschepele und Petschwar gut...<\/p>\n<\/div>                            <div class=\"dg_read_more_wrapper\"><a class=\"read-more\" href=\"https:\/\/landesrat.hu\/de\/tolle-qualifikationsergebnisse-der-volkstanzgruppen\/\" ><span>Weiter<\/span><\/a><\/div>                            \r\n                        <\/div>\r\n                                    <\/article>\r\n                                <article id=\"post-19280\" class=\"dgbm_post_item v2 post-19280 post type-post status-publish format-standard has-post-thumbnail hentry category-landesrat-nachrichten category-tanz-de\" >\r\n                                                                <div class=\"content-wrapper\">\r\n                                                        <h2 class=\"dg_bm_title\"><a href=\"https:\/\/landesrat.hu\/de\/die-tanzgruppen-auf-der-zielgeraden-qualifikationsrunde-der-tanzgruppen-in-der-region-nord-am-12-oktober-in-tschepele\/\">Die Tanzgruppen auf der Zielgeraden \u2013 Qualifikationsrunde der Tanzgruppen in der Region Nord, am 12. Oktober in Tschepele<\/a><\/h2>                            <p class=\"post-meta post-meta-position-default\"><span class=\"published\">2025. 10. 16.<\/span><\/p>                            <div class=\"post-content\"><p>Stiefel, Hut, Rosmarin \u2026 gest\u00e4rkte Unterr\u00f6cke, Sch\u00fcrzen, Charakterschuhe \u2026 in Ordnung gebracht, f\u00fcr das Wochenende...<\/p>\n<\/div>                            <div class=\"dg_read_more_wrapper\"><a class=\"read-more\" href=\"https:\/\/landesrat.hu\/de\/die-tanzgruppen-auf-der-zielgeraden-qualifikationsrunde-der-tanzgruppen-in-der-region-nord-am-12-oktober-in-tschepele\/\" ><span>Weiter<\/span><\/a><\/div>                            \r\n                        <\/div>\r\n                                    <\/article>\r\n                                <article id=\"post-19265\" class=\"dgbm_post_item v2 post-19265 post type-post status-publish format-standard has-post-thumbnail hentry category-landesrat-nachrichten category-tanz-de\" >\r\n                                                                <div class=\"content-wrapper\">\r\n                                                        <h2 class=\"dg_bm_title\"><a href=\"https:\/\/landesrat.hu\/de\/qualifikationsrunde-der-tanzgruppen-in-der-region-sued\/\">Qualifikationsrunde der Tanzgruppen in der Region S\u00fcd<\/a><\/h2>                            <p class=\"post-meta post-meta-position-default\"><span class=\"published\">2025. 10. 16.<\/span><\/p>                            <div class=\"post-content\"><p>Nach der erfolgreichen Qualifikationsrunde in der Region Nord am Wochenende warten wir gespannt auf den Teil in der...<\/p>\n<\/div>                            <div class=\"dg_read_more_wrapper\"><a class=\"read-more\" href=\"https:\/\/landesrat.hu\/de\/qualifikationsrunde-der-tanzgruppen-in-der-region-sued\/\" ><span>Weiter<\/span><\/a><\/div>                            \r\n                        <\/div>\r\n                                    <\/article>\r\n                                <article id=\"post-19161\" class=\"dgbm_post_item v2 post-19161 post type-post status-publish format-standard has-post-thumbnail hentry category-landesrat-nachrichten category-tanz-de category-unkategorisiert\" >\r\n                                                                <div class=\"content-wrapper\">\r\n                                                        <h2 class=\"dg_bm_title\"><a href=\"https:\/\/landesrat.hu\/de\/die-taenzer-der-ausverkauften-volkstanzwoche-kehrten-mit-aeusserst-wertvollen-fachlichen-erfahrungen-nach-hause-zurueck\/\">Die T\u00e4nzer der ausverkauften Volkstanzwoche kehrten mit \u00e4u\u00dferst wertvollen fachlichen Erfahrungen nach Hause zur\u00fcck<\/a><\/h2>                            <p class=\"post-meta post-meta-position-default\"><span class=\"published\">2025. 08. 23.<\/span><\/p>                            <div class=\"post-content\"><p>Ein einzigartiges, breit gef\u00e4chertes Fachprogramm, hervorragende Referenten, praktische methodische Ratschl\u00e4ge und ein...<\/p>\n<\/div>                            <div class=\"dg_read_more_wrapper\"><a class=\"read-more\" href=\"https:\/\/landesrat.hu\/de\/die-taenzer-der-ausverkauften-volkstanzwoche-kehrten-mit-aeusserst-wertvollen-fachlichen-erfahrungen-nach-hause-zurueck\/\" ><span>Weiter<\/span><\/a><\/div>                            \r\n                        <\/div>\r\n                                    <\/article>\r\n                                <article id=\"post-17957\" class=\"dgbm_post_item v2 post-17957 post type-post status-publish format-standard has-post-thumbnail hentry category-landesrat-nachrichten category-tanz-de\" >\r\n                                                                <div class=\"content-wrapper\">\r\n                                                        <h2 class=\"dg_bm_title\"><a href=\"https:\/\/landesrat.hu\/de\/volkstanzwoche-die-themen-der-tagesseminare-2\/\">Volkstanzwoche &#8211; Die Themen der Tagesseminare<\/a><\/h2>                            <p class=\"post-meta post-meta-position-default\"><span class=\"published\">2025. 06. 10.<\/span><\/p>                            <div class=\"post-content\"><p>Nach dem Erfolg des bei der letztj\u00e4hrigen Volkstanzwoche erprobten Tagesseminar-Systems bieten wir diese flexible...<\/p>\n<\/div>                            <div class=\"dg_read_more_wrapper\"><a class=\"read-more\" href=\"https:\/\/landesrat.hu\/de\/volkstanzwoche-die-themen-der-tagesseminare-2\/\" ><span>Weiter<\/span><\/a><\/div>                            \r\n                        <\/div>\r\n                                    <\/article>\r\n                 \r\n\t\t\t\t\t\t\t\t<\/div>\r\n\t\t\t\t\t\t\t<\/div>\r\n                        <\/div>\n\t\t\t\t<\/div>\n\t\t\t<\/div><\/p>\n","protected":false},"author":1,"featured_media":0,"parent":0,"menu_order":0,"comment_status":"closed","ping_status":"closed","template":"","meta":{"_et_pb_use_builder":"on","_et_pb_old_content":"","_et_gb_content_width":"","inline_featured_image":false,"footnotes":""},"_links":{"self":[{"href":"https:\/\/landesrat.hu\/de\/wp-json\/wp\/v2\/pages\/5595"}],"collection":[{"href":"https:\/\/landesrat.hu\/de\/wp-json\/wp\/v2\/pages"}],"about":[{"href":"https:\/\/landesrat.hu\/de\/wp-json\/wp\/v2\/types\/page"}],"author":[{"embeddable":true,"href":"https:\/\/landesrat.hu\/de\/wp-json\/wp\/v2\/users\/1"}],"replies":[{"embeddable":true,"href":"https:\/\/landesrat.hu\/de\/wp-json\/wp\/v2\/comments?post=5595"}],"version-history":[{"count":3,"href":"https:\/\/landesrat.hu\/de\/wp-json\/wp\/v2\/pages\/5595\/revisions"}],"predecessor-version":[{"id":6497,"href":"https:\/\/landesrat.hu\/de\/wp-json\/wp\/v2\/pages\/5595\/revisions\/6497"}],"wp:attachment":[{"href":"https:\/\/landesrat.hu\/de\/wp-json\/wp\/v2\/media?parent=5595"}],"curies":[{"name":"wp","href":"https:\/\/api.w.org\/{rel}","templated":true}]}}