{"id":5592,"date":"2021-07-19T20:35:09","date_gmt":"2021-07-19T18:35:09","guid":{"rendered":"https:\/\/landesrat.hu\/tanzsektion\/"},"modified":"2023-12-14T19:19:57","modified_gmt":"2023-12-14T18:19:57","slug":"tanzsektion","status":"publish","type":"page","link":"https:\/\/landesrat.hu\/de\/tanzsektion\/","title":{"rendered":"Tanzsektion"},"content":{"rendered":"<p>[et_pb_section fb_built=&#8221;1&#8243; _builder_version=&#8221;4.16&#8243; _module_preset=&#8221;default&#8221; background_color=&#8221;RGBA(0,0,0,0)&#8221; background_enable_image=&#8221;off&#8221; custom_margin=&#8221;0px||0px||false|false&#8221; custom_padding=&#8221;0px||0px||false|false&#8221; global_colors_info=&#8221;{}&#8221; theme_builder_area=&#8221;post_content&#8221;][et_pb_row use_custom_gutter=&#8221;on&#8221; gutter_width=&#8221;2&#8243; _builder_version=&#8221;4.16&#8243; _module_preset=&#8221;default&#8221; background_color=&#8221;RGBA(0,0,0,0)&#8221; width=&#8221;100%&#8221; custom_padding=&#8221;0px||||false|false&#8221; global_colors_info=&#8221;{}&#8221; theme_builder_area=&#8221;post_content&#8221;][et_pb_column type=&#8221;4_4&#8243; _builder_version=&#8221;4.16&#8243; _module_preset=&#8221;default&#8221; background_color=&#8221;RGBA(0,0,0,0)&#8221; border_radii=&#8221;on|10px|10px|10px|10px&#8221; global_colors_info=&#8221;{}&#8221; theme_builder_area=&#8221;post_content&#8221;][et_pb_tabs active_tab_background_color=&#8221;#FCF7EB&#8221; inactive_tab_background_color=&#8221;rgba(252,247,235,0)&#8221; active_tab_text_color=&#8221;#003978&#8243; _builder_version=&#8221;4.17.6&#8243; _module_preset=&#8221;default&#8221; tab_text_color=&#8221;#4D9859&#8243; background_color=&#8221;#FCF7EB&#8221; hover_enabled=&#8221;0&#8243; custom_css_tabs_controls=&#8221;background: rgba(0,0,0,0);||border: none !important;&#8221; custom_css_tab=&#8221;border: none !important;&#8221; border_width_all=&#8221;0px&#8221; global_colors_info=&#8221;{}&#8221; theme_builder_area=&#8221;post_content&#8221; sticky_enabled=&#8221;0&#8243;][et_pb_tab title=&#8221;\u00dcber uns&#8221; _builder_version=&#8221;4.16&#8243; _module_preset=&#8221;default&#8221; global_colors_info=&#8221;{}&#8221; theme_builder_area=&#8221;post_content&#8221;]<\/p>\n<p>Eine der spektakul\u00e4rsten Veranschaulichungen der Traditionspflege ist der auf die Gemeinschaft fokussierende Volkstanz, der die lebendige Volkskunst und zugleich die Volksseele widerspiegelt.<\/p>\n<p>Im \u00fcberwiegenden Teil der ungarndeutschen Ortschaften wirken deutsche Nationalit\u00e4tentanzgruppen mit beachtlichen Mitgliederzahlen. Der Volkstanz vergegenw\u00e4rtigt <strong>die Harmonie des Gesangs, der Musik und der Bewegung<\/strong>, die bei den Tanzgruppen mit dem auf den <strong>gemeinsamen Wurzeln<\/strong> beruhenden erhobenen Zusammengeh\u00f6rigkeitsgef\u00fchl vereint ist.<\/p>\n<p>Der Landesrat unterst\u00fctzt die Pflege der ungarndeutschen Tanzkultur vom Kindes- bis zum hohen Alter. <strong>Die F\u00f6rderung der Kinder-, Jugend- und Erwachsenentanzgruppen<\/strong> ist eine Herzensangelegenheit f\u00fcr den Landesrat. Er\u00a0 unterst\u00fctzt ihre fachliche Entwicklung beziehungsweise spornt sie durch das Qualifikationssystem an.<\/p>\n<p>Die Gruppen, die bei den Qualifikationsveranstaltungen die h\u00f6chste Stufe, die Qualifikation Gold erreichen, erhalten als Anerkennung eine Einladung zum <strong>Landesvolkstanzfestival<\/strong>, um ihre Choreografie einem breitem Publikum zu zeigen. Das Niveau der Produktionen widerspiegelt, dass am Landesfestival 20 bis 30 Gruppen teilnehmen, also um die 800 T\u00e4nzerinnen und T\u00e4nzer.<\/p>\n<p>Die Leitung der Tanzsektion legte fest, dass <strong>bei<\/strong><strong> den Qualifizierungswettbewerben <\/strong><strong>die Gruppen <\/strong><strong>aus<\/strong><strong>s<\/strong><strong>chlie<\/strong><strong>\u00dflich von Musikkapellen begleitet auftreten d\u00fcrfen. <\/strong><\/p>\n<p><strong>Ihr Programm spielt <\/strong>so neben der Pflege der Tanzkultur auch <strong>in der Bewahrung des ungarndeutschen Musikschatzes eine wichtige Rolle<\/strong>. Die Auftritte bieten nicht nur den Tanzgruppen, sondern auch den Kapellen die M\u00f6glichkeit, ihr K\u00f6nnen und Wissen zu erweitern beziehungsweise zu entfalten. Die Juroren messen bei der Bewertung der Produktionen auch den <strong>authentischen Trachten<\/strong> eine wichtige Rolle bei. Dies hat bei der Gesamtbewertung ein Gewicht.<\/p>\n<p>Das Landesfestival bietet einen w\u00fcrdigen Rahmen f\u00fcr die W\u00fcrdigung herausragender Pers\u00f6nlichkeiten und Vorbilder mit dem<strong> Preis \u201e<\/strong><strong>F\u00fc<\/strong><strong>r die Volkstanzkultur\u201d<\/strong>.<\/p>\n<p>[\/et_pb_tab][et_pb_tab title=&#8221;W\u00fcrdentr\u00e4ger&#8221; _builder_version=&#8221;4.16&#8243; _module_preset=&#8221;default&#8221; global_colors_info=&#8221;{}&#8221; theme_builder_area=&#8221;post_content&#8221;]<\/p>\n<div class=\"divi-module-destination\">\u00a0<\/div>\n<p>[\/et_pb_tab][et_pb_tab title=&#8221;Preistr\u00e4ger&#8221; _builder_version=&#8221;4.17.6&#8243; _module_preset=&#8221;default&#8221; hover_enabled=&#8221;0&#8243; global_colors_info=&#8221;{}&#8221; theme_builder_area=&#8221;post_content&#8221; sticky_enabled=&#8221;0&#8243;]<\/p>\n<h2><strong>Der Preis \u201eF\u00fcr die Volkstanzkultur\u201d<\/strong><\/h2>\n<p>Das wichtigste Ziel der Tanzsektion des Landesrates ist, die Bewahrung der Traditionen des ungarndeutschen Tanzes, der Integrit\u00e4t und Originalit\u00e4t der Tanzchoreografien beziehungsweise ihre Verewigung f\u00fcr die Nachwelt. Um die diese T\u00e4tigkeit anzuregen beziehungsweise <strong>die<\/strong> <strong>Tanzkultur pflegende Personen mit wertbewahrender Sichtweise anzuerkennen, wurde ein Preis gegr\u00fcndet.<\/strong><\/p>\n<p>Die Sektion verleiht an Pers\u00f6nlichkeiten, die f\u00fcr den Erhalt der ungarndeutschen Tanzkultur Beispielhaftes leisten den <strong>Preis<\/strong>.<\/p>\n<p><strong>Die Preistr<\/strong><strong>\u00e4ger der Tanzsektion<\/strong><strong>:<\/strong><\/p>\n<p><strong>2023<br \/><\/strong>G\u00e1bor Ag\u00e1rdi \/ Vok\u00e1ny\u30fbWakan<\/p>\n<p><strong>2017<br \/><\/strong>Edina Bunth \/ Biatorb\u00e1gy\u30fbWiehall-Kleinturwall<br \/>Julianna Szab\u00f3 \/ Biatorb\u00e1gy\u30fbWiehall-Kleinturwall<\/p>\n<p><strong>2014<br \/><\/strong>J\u00f3zsef Poller \/ V\u00e9m\u00e9nd\u30fbWemend \u2013\u00a0 Harmonika<\/p>\n<p><strong>2011<br \/><\/strong>Mih\u00e1ly Mausz \/ V\u00e9m\u00e9nd\u30fbWemend<br \/>Antal Schram \/ Mecsekn\u00e1dasd\u30fbNadasch<br \/>Stipo Filakovi\u010d \/ Moh\u00e1cs\u30fbMohatsch<\/p>\n<p><strong>2008<br \/><\/strong>Das Ehepaar Husz\u00e1k \/ Sziget\u00fajfalu\u30fbUjfluch<br \/>Etele Horv\u00e1th \/ V\u00e9m\u00e9nd\u30fbWemend<br \/>Helmut Heil \/ Zs\u00e1mb\u00e9k\u30fbSchambek<\/p>\n<p><strong>2005<br \/><\/strong>Josef Wenczl \/ Pilisv\u00f6r\u00f6sv\u00e1r\u30fbWerischwar<br \/>J\u00e1nos Gl\u00f6ckner \/ B\u00e1tasz\u00e9k\u30fbBadeseck<br \/>Nikolaus Manninger \/ Budapest<\/p>\n<p><strong>2002<br \/><\/strong>Ign\u00e1czn\u00e9 Friedrich \/ Solym\u00e1r\u30fbSchaumar<br \/>Das Ehepaar Z\u00e1gon \/ Veszpr\u00e9m\u30fbWesprim \/ T\u00f6r\u00f6kb\u00e1lint\u30fbGro\u00dfturwall<br \/>M\u00e1ria Keszler \/ Budapest<br \/>J\u00f3zsefn\u00e9 Donovald \/ Bonyh\u00e1d\u30fbBonnhard<br \/>Lajosn\u00e9 Kov\u00e1cs (posthum) \/ Sziget\u00fajfalu\u30fbUjfluch<\/p>\n<p><strong>1999<br \/><\/strong>Gy\u00f6rgy Hidas-Herbst \/ Pilisv\u00f6r\u00f6sv\u00e1r\u30fbWerischwar<br \/>D\u00e1vid und Zsuzsanna Pint\u00e9r<br \/>J\u00e1nos und Erzs\u00e9bet Glockner \/ M\u00f3r\u00e1gy\u30fbMaratz<br \/>Gy\u00f6rgy Mahr \/ Sz\u0171r\u30fbSier<br \/>Istv\u00e1n Brieber \/ Sopron\u30fb\u00d6denburg<br \/>Dr. Elli Kiss \/ Budapest<\/p>\n<p>[\/et_pb_tab][\/et_pb_tabs][dgbm_blog_module type=&#8221;3&#8243; include_categories=&#8221;53&#8243; orderby=&#8221;2&#8243; use_post_excerpt=&#8221;on&#8221; show_categories=&#8221;off&#8221; show_author=&#8221;off&#8221; show_date=&#8221;off&#8221; show_pagination=&#8221;off&#8221; item_in_desktop=&#8221;2&#8243; image_size=&#8221;default_image&#8221; content_padding=&#8221;10px|10px|10px|10px|false|false&#8221; module_class=&#8221;divi-portable-module&#8221; _builder_version=&#8221;4.16&#8243; _module_preset=&#8221;default&#8221; title_text_color=&#8221;#003978&#8243; title_font_size=&#8221;22px&#8221; meta_text_color=&#8221;#4D9859&#8243; content_text_color=&#8221;#666666&#8243; border_radii_post_item=&#8221;on|10px|10px|10px|10px&#8221; box_shadow_style_container=&#8221;preset2&#8243; global_colors_info=&#8221;{}&#8221; theme_builder_area=&#8221;post_content&#8221;][\/dgbm_blog_module][et_pb_code _builder_version=&#8221;4.16&#8243; _module_preset=&#8221;default&#8221; global_colors_info=&#8221;{}&#8221; theme_builder_area=&#8221;post_content&#8221;]<script><!-- [et_pb_line_break_holder] -->(function ($) {<!-- [et_pb_line_break_holder] -->  $(document).ready(function () {<!-- [et_pb_line_break_holder] --> <!-- [et_pb_line_break_holder] -->    \/\/ Option #1: Move Divi Module(s) into a Module<!-- [et_pb_line_break_holder] -->    \/\/ Limit: One Instance per Column<!-- [et_pb_line_break_holder] -->    \/\/ Use following code if you want to move <!-- [et_pb_line_break_holder] -->    \/\/ a module inside another module. Each column with the<!-- [et_pb_line_break_holder] -->    \/\/ class 'parent-column' will append any module(s)<!-- [et_pb_line_break_holder] -->    \/\/ with the class 'divi-portable-module' to the div<!-- [et_pb_line_break_holder] -->    \/\/ with the class 'divi-module-destination'.<!-- [et_pb_line_break_holder] -->    \/\/ Only one instance of 'divi-module-destination' should<!-- [et_pb_line_break_holder] -->    \/\/ be added per column.<!-- [et_pb_line_break_holder] -->    $('.divi-portable-module').each(function () {<!-- [et_pb_line_break_holder] -->      $(this).closest('.parent-column').find('.divi-module-destination').append($(this));<!-- [et_pb_line_break_holder] -->    });<!-- [et_pb_line_break_holder] -->     <!-- [et_pb_line_break_holder] -->    \/\/ Buttons: Insert Button Module(s) into a Module<!-- [et_pb_line_break_holder] -->    \/\/ Adding a custom CSS class to a button module<!-- [et_pb_line_break_holder] -->    \/\/ is applied to the 'a' tag which is a child element<!-- [et_pb_line_break_holder] -->    \/\/ of the module wrapper. This code makes sure to append<!-- [et_pb_line_break_holder] -->    \/\/ the entire button module wrapper (the parent element)<!-- [et_pb_line_break_holder] -->    \/\/ as well. This functionality is the same as option #3 above.<!-- [et_pb_line_break_holder] -->    \/\/ Siimply use the class 'divi-portable-button' on a button module<!-- [et_pb_line_break_holder] -->    \/\/ instead of 'divi-portable-module'.<!-- [et_pb_line_break_holder] -->    $('.divi-portable-button').parent().each(function () {<!-- [et_pb_line_break_holder] -->      $(this).closest('.parent-column').find('.divi-module-destination').append($(this));<!-- [et_pb_line_break_holder] -->    });<!-- [et_pb_line_break_holder] --> <!-- [et_pb_line_break_holder] -->    \/\/ Option #2: Move Divi Row(s) into a Module<!-- [et_pb_line_break_holder] -->    \/\/ Limit: One Instance per Section<!-- [et_pb_line_break_holder] -->    \/\/ Use the following code if you want to move <!-- [et_pb_line_break_holder] -->    \/\/ a row inside a module on more than one section<!-- [et_pb_line_break_holder] -->    \/\/ of a page. Each section with the<!-- [et_pb_line_break_holder] -->    \/\/ class 'parent-section' will append any row(s)<!-- [et_pb_line_break_holder] -->    \/\/ with the class 'divi-portable-row' to the div<!-- [et_pb_line_break_holder] -->    \/\/ with the class 'divi-row-destination'.<!-- [et_pb_line_break_holder] -->    \/\/ Only one instance of 'divi-row-destination' should<!-- [et_pb_line_break_holder] -->    \/\/ be added per section.<!-- [et_pb_line_break_holder] -->    $('.divi-portable-row').each(function () {<!-- [et_pb_line_break_holder] -->      $(this).closest('.parent-section').find('.divi-row-destination').append($(this));<!-- [et_pb_line_break_holder] -->    });<!-- [et_pb_line_break_holder] --> <!-- [et_pb_line_break_holder] -->  });<!-- [et_pb_line_break_holder] -->})(jQuery);<!-- [et_pb_line_break_holder] --><\/script><!-- [et_pb_line_break_holder] --><!-- [et_pb_line_break_holder] --><script><!-- [et_pb_line_break_holder] -->(function ($) {<!-- [et_pb_line_break_holder] -->  $(document).ready(function () {<!-- [et_pb_line_break_holder] --> <!-- [et_pb_line_break_holder] -->    \/\/ Option #1: Move Divi Module(s) into a Module<!-- [et_pb_line_break_holder] -->    \/\/ Limit: One Instance per Column<!-- [et_pb_line_break_holder] -->    \/\/ Use following code if you want to move <!-- [et_pb_line_break_holder] -->    \/\/ a module inside another module. Each column with the<!-- [et_pb_line_break_holder] -->    \/\/ class 'parent-column' will append any module(s)<!-- [et_pb_line_break_holder] -->    \/\/ with the class 'divi-portable-module' to the div<!-- [et_pb_line_break_holder] -->    \/\/ with the class 'divi-module-destination'.<!-- [et_pb_line_break_holder] -->    \/\/ Only one instance of 'divi-module-destination' should<!-- [et_pb_line_break_holder] -->    \/\/ be added per column.<!-- [et_pb_line_break_holder] -->    $('.divi-portable-module2').each(function () {<!-- [et_pb_line_break_holder] -->      $(this).closest('.parent-column').find('.divi-module-destination2').append($(this));<!-- [et_pb_line_break_holder] -->    });<!-- [et_pb_line_break_holder] -->     <!-- [et_pb_line_break_holder] -->    \/\/ Buttons: Insert Button Module(s) into a Module<!-- [et_pb_line_break_holder] -->    \/\/ Adding a custom CSS class to a button module<!-- [et_pb_line_break_holder] -->    \/\/ is applied to the 'a' tag which is a child element<!-- [et_pb_line_break_holder] -->    \/\/ of the module wrapper. This code makes sure to append<!-- [et_pb_line_break_holder] -->    \/\/ the entire button module wrapper (the parent element)<!-- [et_pb_line_break_holder] -->    \/\/ as well. This functionality is the same as option #3 above.<!-- [et_pb_line_break_holder] -->    \/\/ Siimply use the class 'divi-portable-button' on a button module<!-- [et_pb_line_break_holder] -->    \/\/ instead of 'divi-portable-module'.<!-- [et_pb_line_break_holder] -->    $('.divi-portable-button2').parent().each(function () {<!-- [et_pb_line_break_holder] -->      $(this).closest('.parent-column').find('.divi-module-destination2').append($(this));<!-- [et_pb_line_break_holder] -->    });<!-- [et_pb_line_break_holder] --> <!-- [et_pb_line_break_holder] -->    \/\/ Option #2: Move Divi Row(s) into a Module<!-- [et_pb_line_break_holder] -->    \/\/ Limit: One Instance per Section<!-- [et_pb_line_break_holder] -->    \/\/ Use the following code if you want to move <!-- [et_pb_line_break_holder] -->    \/\/ a row inside a module on more than one section<!-- [et_pb_line_break_holder] -->    \/\/ of a page. Each section with the<!-- [et_pb_line_break_holder] -->    \/\/ class 'parent-section' will append any row(s)<!-- [et_pb_line_break_holder] -->    \/\/ with the class 'divi-portable-row' to the div<!-- [et_pb_line_break_holder] -->    \/\/ with the class 'divi-row-destination'.<!-- [et_pb_line_break_holder] -->    \/\/ Only one instance of 'divi-row-destination' should<!-- [et_pb_line_break_holder] -->    \/\/ be added per section.<!-- [et_pb_line_break_holder] -->    $('.divi-portable-row2').each(function () {<!-- [et_pb_line_break_holder] -->      $(this).closest('.parent-section').find('.divi-row-destination2').append($(this));<!-- [et_pb_line_break_holder] -->    });<!-- [et_pb_line_break_holder] --> <!-- [et_pb_line_break_holder] -->  });<!-- [et_pb_line_break_holder] -->})(jQuery);<!-- [et_pb_line_break_holder] --><\/script>[\/et_pb_code][\/et_pb_column][\/et_pb_row][\/et_pb_section]<\/p>\n","protected":false},"excerpt":{"rendered":"<p>Eine der spektakul\u00e4rsten Veranschaulichungen der Traditionspflege ist der auf die Gemeinschaft fokussierende Volkstanz, der die lebendige Volkskunst und zugleich die Volksseele widerspiegelt. Im \u00fcberwiegenden Teil der ungarndeutschen Ortschaften wirken deutsche [&hellip;]<\/p>\n","protected":false},"author":1,"featured_media":0,"parent":0,"menu_order":0,"comment_status":"closed","ping_status":"closed","template":"","meta":{"_et_pb_use_builder":"on","_et_pb_old_content":"","_et_gb_content_width":"","inline_featured_image":false,"footnotes":""},"_links":{"self":[{"href":"https:\/\/landesrat.hu\/de\/wp-json\/wp\/v2\/pages\/5592"}],"collection":[{"href":"https:\/\/landesrat.hu\/de\/wp-json\/wp\/v2\/pages"}],"about":[{"href":"https:\/\/landesrat.hu\/de\/wp-json\/wp\/v2\/types\/page"}],"author":[{"embeddable":true,"href":"https:\/\/landesrat.hu\/de\/wp-json\/wp\/v2\/users\/1"}],"replies":[{"embeddable":true,"href":"https:\/\/landesrat.hu\/de\/wp-json\/wp\/v2\/comments?post=5592"}],"version-history":[{"count":7,"href":"https:\/\/landesrat.hu\/de\/wp-json\/wp\/v2\/pages\/5592\/revisions"}],"predecessor-version":[{"id":13291,"href":"https:\/\/landesrat.hu\/de\/wp-json\/wp\/v2\/pages\/5592\/revisions\/13291"}],"wp:attachment":[{"href":"https:\/\/landesrat.hu\/de\/wp-json\/wp\/v2\/media?parent=5592"}],"curies":[{"name":"wp","href":"https:\/\/api.w.org\/{rel}","templated":true}]}}