{"id":5586,"date":"2021-07-19T20:29:15","date_gmt":"2021-07-19T18:29:15","guid":{"rendered":"https:\/\/landesrat.hu\/ueber-uns\/"},"modified":"2026-02-26T22:08:32","modified_gmt":"2026-02-26T21:08:32","slug":"ueber-uns","status":"publish","type":"page","link":"https:\/\/landesrat.hu\/de\/ueber-uns\/","title":{"rendered":"\u00dcber uns"},"content":{"rendered":"<p>[et_pb_section fb_built=&#8221;1&#8243; _builder_version=&#8221;4.16&#8243; _module_preset=&#8221;default&#8221; background_color=&#8221;RGBA(0,0,0,0)&#8221; custom_padding=&#8221;0px||0px||false|false&#8221; global_colors_info=&#8221;{}&#8221; theme_builder_area=&#8221;post_content&#8221;][et_pb_row _builder_version=&#8221;4.16&#8243; _module_preset=&#8221;default&#8221; background_color=&#8221;RGBA(0,0,0,0)&#8221; width=&#8221;100%&#8221; max_width=&#8221;1206px&#8221; custom_margin=&#8221;0px|0px|0px|0px|false|false&#8221; custom_padding=&#8221;0px|0px|0px|0px|false|false&#8221; hover_enabled=&#8221;0&#8243; global_colors_info=&#8221;{}&#8221; theme_builder_area=&#8221;post_content&#8221; sticky_enabled=&#8221;0&#8243;][et_pb_column type=&#8221;4_4&#8243; _builder_version=&#8221;4.16&#8243; _module_preset=&#8221;default&#8221; global_colors_info=&#8221;{}&#8221; theme_builder_area=&#8221;post_content&#8221;][et_pb_tabs active_tab_background_color=&#8221;#FCF7EB&#8221; inactive_tab_background_color=&#8221;RGBA(0,0,0,0)&#8221; active_tab_text_color=&#8221;#003978&#8243; _builder_version=&#8221;4.17.6&#8243; _module_preset=&#8221;default&#8221; tab_text_color=&#8221;#4D9859&#8243; background_color=&#8221;#FCF7EB&#8221; hover_enabled=&#8221;0&#8243; custom_css_tabs_controls=&#8221;background: rgba(0, 0, 0, 0) !important;||border: none !important;&#8221; custom_css_tab=&#8221;||border: none !important;&#8221; border_width_all=&#8221;0px&#8221; global_colors_info=&#8221;{}&#8221; theme_builder_area=&#8221;post_content&#8221; sticky_enabled=&#8221;0&#8243;][et_pb_tab title=&#8221;\u00dcber uns&#8221; _builder_version=&#8221;4.17.6&#8243; _module_preset=&#8221;default&#8221; hover_enabled=&#8221;0&#8243; global_colors_info=&#8221;{}&#8221; theme_builder_area=&#8221;post_content&#8221; sticky_enabled=&#8221;0&#8243;]<\/p>\n<h1><strong>LANDESRAT, die Gemeinschaft<\/strong><\/h1>\n<p>Das wichtigste Ziel des Landesrates ist die Bewahrung der ungarndeutschen Identit\u00e4t, die Pflege der Muttersprache und des musikalischen Erbes sowie die Weitergabe der kulturellen und religi\u00f6sen Traditionen.<\/p>\n<p>Als eine landesweite Dachorganisation vereint der Landesrat heuer <strong>seit 30 Jahren 297 registrierte Mitgliedsorganisationen<\/strong> \u2013 Erwachsenen-, Jugend- und Kindergruppen \u2013, <strong>etwa 8 500 Mitglieder der deutschen Nationalit\u00e4t.<\/strong> Er gilt mit Recht als die gr\u00f6\u00dfte Zivilorganisation unter den Nationalit\u00e4tenvereinen in Ungarn.<\/p>\n<p>Im Landesrat wird die Nationalit\u00e4tenidentit\u00e4t in der Sprache des Gesangs, der Musik sowie des Tanzes und mit Lebensfreude verbunden den heranwachsenden Generationen weitergegeben, wodurch <strong>der Fortbestand der ungarndeutschen Traditionen und Kultur gesichert wird.<\/strong> Die gemeinschaftsbildende und koh\u00e4sive Rolle der Organisation ist beispielhaft im Leben der Ungarndeutschen. Die traditionspflegenden Programme finden in den verschiedensten Teilen, in von Deutschen bewohnten Ortschaften teil.<\/p>\n<h3><strong><br \/>Der Landesrat baute in den 30 Jahren seiner Geschichte seine Infrastruktur aus:<\/strong><\/h3>\n<p>\u2013 es wurden f\u00fcr die einzelnen T\u00e4tigkeitsbereiche Teilorganisationen wie die Chor-, Musik-, Tanz-, Kirchenmusik- und Jugendsektion gegr\u00fcndet;<\/p>\n<p>\u2013 in dreij\u00e4hriges Rotationssystem werden jedes Jahr Landesfestivals f\u00fcr Kinder- und Erwachsenengruppen organisiert;<\/p>\n<p>\u2013 es wurden Preise gegr\u00fcndet, mit denen die beispielhafte Arbeit leistenden Pers\u00f6nlichkeiten der Gemeinschaft anerkannt werden. Diese Auszeichnungen sind <strong>der Stefan-Kerner-Preis<\/strong> im Chorbereich, <strong>der Johann-Gungl-Preis<\/strong> im Musikbereich und <strong>der Goldener Kranz-Preis<\/strong>\u00a0unter den Tanzgruppen.<\/p>\n<h3><strong><br \/>Veranstaltungen f\u00fcr Identit\u00e4tsst\u00e4rkung und Bewahrung des Kulturerbes:<\/strong><\/h3>\n<p><strong>Harmonikawoche:<\/strong> landesweite Fachwoche f\u00fcr die St\u00e4rkung der deutschen Muttersprache, Musiktraditionen, des Glaubens und der Identit\u00e4t.<\/p>\n<p><strong>Singwoche:<\/strong> Fachwoche f\u00fcr die St\u00e4rkung der ungarndeutschen Gesangstraditionen sowie der Identit\u00e4t.<\/p>\n<p><strong>Volkstanzwoche:<\/strong> landesweites, die Identit\u00e4t st\u00e4rkendes Treffen der deutschen Volkstanzgruppen.<\/p>\n<p><strong>Schwabenjugendtreffen:<\/strong> landesweites Treffen der schw\u00e4bischen Jugendlichen f\u00fcr die St\u00e4rkung der deutschen Identit\u00e4t mit dem Ziel, sie zur aktiven Mitwirkung zu bewegen, damit ein Gemeinschaftsleben erm\u00f6glicht werden kann.<\/p>\n<h3><strong><br \/>Traditionspflegende und eine Glaubensgemeinschaft bildende Veranstaltungen der Generationen:<\/strong><\/h3>\n<p><strong>Treffen der Musiker mit alten Instrumenten:<\/strong> an der Veranstaltung nehmen Musiker teil, die auf typischen alten schw\u00e4bischen Instrumenten spielen k\u00f6nnen. Es ert\u00f6nt die Knopfharmonika, die Mundharmonika, das Zimbal oder die Zither.<\/p>\n<p><strong>Familienmusik:<\/strong> Landestreffen der ungarndeutschen Familienmusiker, damit die Gemeinschaften die zusammenhaltende Kraft und Einheit der Familien durch die Freude am gemeinsamen Musizieren wahrnehmen und sch\u00e4tzen.<\/p>\n<p><strong>Fest der ungarndeutschen Kirchenmusik:<\/strong> die Veranstaltung bietet eine M\u00f6glichkeit, die ungarndeutsche Kirchenmusik wiederzubeleben und das Glaubensleben lebendig zu gestalten. Diese Feier ist ein gro\u00df angelegter Festakt unter der Mitwirkung von Ch\u00f6ren und Kapellen.<\/p>\n<h3><strong><br \/>Landesveranstaltungen im Dienste der Traditionspflege:<\/strong><\/h3>\n<p>Der Landesrat veranstaltet im Rotationssystem jedes Jahr f\u00fcr eine der Sektionen ein Landesfestival. Das Ziel und Ergebnis der Veranstaltungen ist die Motivierung der Gruppen zur niveauvollen Arbeit.<\/p>\n<p><strong>\u2013 Landesqualifikationen und Landesfestival der ungarndeutschen Kindertanzgruppen<\/strong><br \/><strong>\u2013 Landesfestival der ungarndeutschen Jugendch\u00f6re<\/strong><br \/><strong>\u2013 Landesfestival der ungarndeutschen Blaskapellen<\/strong><\/p>\n<p>Der Landesrat legt neben der Traditionspflege und Gemeinschaftsbildung gro\u00dfen Wert auf <strong>die Verwendung der deutschen Muttersprache<\/strong> in den Gemeinschaften und nicht nur bei Veranstaltungen.<\/p>\n<h3><strong><br \/>Weitverzweigte nationale und internationale Kontakte:<\/strong><\/h3>\n<p>Die Organisation betreibt mit ihrer T\u00e4tigkeit einen regen Kulturdialog innerhalb und au\u00dferhalb ihrer Gemeinschaften. Neben seinen inl\u00e4ndischen Veranstaltungen und Netzwerken pflegt der Landesrat auch aktiv seine Kontakte zu den donauschw\u00e4bischen Gemeinschaften in der Welt.<\/p>\n<p>[\/et_pb_tab][et_pb_tab title=&#8221;W\u00fcrdentr\u00e4ger&#8221; _builder_version=&#8221;4.16&#8243; _module_preset=&#8221;default&#8221; global_colors_info=&#8221;{}&#8221; theme_builder_area=&#8221;post_content&#8221;]<\/p>\n<div class=\"divi-module-destination\">\u00a0<\/div>\n<p>[\/et_pb_tab][et_pb_tab title=&#8221; Angaben von \u00f6ffentlichem Interesse&#8221; _builder_version=&#8221;4.17.6&#8243; _module_preset=&#8221;default&#8221; hover_enabled=&#8221;0&#8243; global_colors_info=&#8221;{}&#8221; theme_builder_area=&#8221;post_content&#8221; sticky_enabled=&#8221;0&#8243;]<\/p>\n<p><a href=\"https:\/\/landesrat.hu\/wp-content\/uploads\/2021\/04\/Landesrat_ALAPSZABALY-2015-10-17.pdf\">Grundsatz des Landesrates der ungarndeutschen Ch\u00f6re, Kapelle und Tanzgruppen<\/a><\/p>\n<p><a href=\"https:\/\/landesrat.hu\/wp-content\/uploads\/2021\/04\/Landesrat_2019_evi_penzugyi_beszamolo.pdf\">Vereinfachter Finanzbericht des Landesrates der ungarndeutschen Ch\u00f6re, Kapelle und Tanzgruppen \u00fcber das Gesch\u00e4ftsjahr 2019<\/a><\/p>\n<p>&nbsp;<\/p>\n<p>&nbsp;<\/p>\n<p>&nbsp;<\/p>\n<p>&nbsp;<\/p>\n<p>&nbsp;<\/p>\n<p>&nbsp;<\/p>\n<p>[\/et_pb_tab][\/et_pb_tabs][et_pb_text module_class=&#8221;divi-portable-module&#8221; _builder_version=&#8221;4.17.6&#8243; _module_preset=&#8221;default&#8221; global_colors_info=&#8221;{}&#8221; theme_builder_area=&#8221;post_content&#8221;]<\/p>\n<h2>Landesrat W\u00fcrdentr\u00e4ger<\/h2>\n<p>[\/et_pb_text][dgbm_blog_module type=&#8221;3&#8243; include_categories=&#8221;57&#8243; orderby=&#8221;2&#8243; use_post_excerpt=&#8221;on&#8221; show_categories=&#8221;off&#8221; show_author=&#8221;off&#8221; show_date=&#8221;off&#8221; show_pagination=&#8221;off&#8221; item_in_desktop=&#8221;2&#8243; image_size=&#8221;default_image&#8221; content_padding=&#8221;10px|10px|10px|10px|false|false&#8221; module_class=&#8221;divi-portable-module&#8221; _builder_version=&#8221;4.16&#8243; _module_preset=&#8221;default&#8221; title_text_color=&#8221;#003978&#8243; title_font_size=&#8221;22px&#8221; meta_text_color=&#8221;#4D9859&#8243; content_text_color=&#8221;#666666&#8243; content_font_size=&#8221;17px&#8221; border_radii_post_item=&#8221;on|10px|10px|10px|10px&#8221; box_shadow_style_container=&#8221;preset2&#8243; global_colors_info=&#8221;{}&#8221; theme_builder_area=&#8221;post_content&#8221;][\/dgbm_blog_module][et_pb_text module_class=&#8221;divi-portable-module&#8221; _builder_version=&#8221;4.16&#8243; _module_preset=&#8221;default&#8221; global_colors_info=&#8221;{}&#8221; theme_builder_area=&#8221;post_content&#8221;]<\/p>\n<h2>Chorsektion<\/h2>\n<p>[\/et_pb_text][dgbm_blog_module type=&#8221;3&#8243; include_categories=&#8221;38&#8243; use_post_excerpt=&#8221;on&#8221; show_categories=&#8221;off&#8221; show_author=&#8221;off&#8221; show_date=&#8221;off&#8221; show_pagination=&#8221;off&#8221; space_between=&#8221;14px&#8221; image_size=&#8221;default_image&#8221; content_padding=&#8221;10px|10px|10px|10px|false|false&#8221; module_class=&#8221;divi-portable-module&#8221; _builder_version=&#8221;4.16&#8243; _module_preset=&#8221;default&#8221; title_text_color=&#8221;#003978&#8243; title_font_size=&#8221;22px&#8221; meta_text_color=&#8221;#4D9859&#8243; content_text_color=&#8221;#666666&#8243; content_font_size=&#8221;17px&#8221; border_radii_post_item=&#8221;on|10px|10px|10px|10px&#8221; box_shadow_style_container=&#8221;preset2&#8243; global_colors_info=&#8221;{}&#8221; theme_builder_area=&#8221;post_content&#8221;][\/dgbm_blog_module][et_pb_text module_class=&#8221;divi-portable-module&#8221; _builder_version=&#8221;4.16&#8243; _module_preset=&#8221;default&#8221; global_colors_info=&#8221;{}&#8221; theme_builder_area=&#8221;post_content&#8221;]<\/p>\n<h2>Kapellensektion<\/h2>\n<p>[\/et_pb_text][dgbm_blog_module type=&#8221;3&#8243; include_categories=&#8221;55&#8243; orderby=&#8221;2&#8243; use_post_excerpt=&#8221;on&#8221; show_categories=&#8221;off&#8221; show_author=&#8221;off&#8221; show_date=&#8221;off&#8221; show_pagination=&#8221;off&#8221; space_between=&#8221;14px&#8221; image_size=&#8221;default_image&#8221; content_padding=&#8221;10px|10px|10px|10px|false|false&#8221; module_class=&#8221;divi-portable-module&#8221; _builder_version=&#8221;4.16&#8243; _module_preset=&#8221;default&#8221; title_text_color=&#8221;#003978&#8243; title_font_size=&#8221;22px&#8221; meta_text_color=&#8221;#4D9859&#8243; content_text_color=&#8221;#666666&#8243; content_font_size=&#8221;17px&#8221; border_radii_post_item=&#8221;on|10px|10px|10px|10px&#8221; box_shadow_style_container=&#8221;preset2&#8243; global_colors_info=&#8221;{}&#8221; theme_builder_area=&#8221;post_content&#8221;][\/dgbm_blog_module][et_pb_text module_class=&#8221;divi-portable-module&#8221; _builder_version=&#8221;4.16&#8243; _module_preset=&#8221;default&#8221; global_colors_info=&#8221;{}&#8221; theme_builder_area=&#8221;post_content&#8221;]<\/p>\n<h2>Tanzsektion<\/h2>\n<p>[\/et_pb_text][dgbm_blog_module type=&#8221;3&#8243; include_categories=&#8221;53&#8243; orderby=&#8221;2&#8243; use_post_excerpt=&#8221;on&#8221; show_categories=&#8221;off&#8221; show_author=&#8221;off&#8221; show_date=&#8221;off&#8221; show_pagination=&#8221;off&#8221; space_between=&#8221;14px&#8221; image_size=&#8221;default_image&#8221; content_padding=&#8221;10px|10px|10px|10px|false|false&#8221; module_class=&#8221;divi-portable-module&#8221; _builder_version=&#8221;4.16&#8243; _module_preset=&#8221;default&#8221; title_text_color=&#8221;#003978&#8243; title_font_size=&#8221;22px&#8221; meta_text_color=&#8221;#4D9859&#8243; content_text_color=&#8221;#666666&#8243; content_font_size=&#8221;17px&#8221; border_radii_post_item=&#8221;on|10px|10px|10px|10px&#8221; box_shadow_style_container=&#8221;preset2&#8243; global_colors_info=&#8221;{}&#8221; theme_builder_area=&#8221;post_content&#8221;][\/dgbm_blog_module][et_pb_text module_class=&#8221;divi-portable-module&#8221; _builder_version=&#8221;4.16&#8243; _module_preset=&#8221;default&#8221; global_colors_info=&#8221;{}&#8221; theme_builder_area=&#8221;post_content&#8221;]<\/p>\n<h2>Kirchenmusiksektion<\/h2>\n<p>[\/et_pb_text][dgbm_blog_module type=&#8221;3&#8243; include_categories=&#8221;27&#8243; orderby=&#8221;2&#8243; use_post_excerpt=&#8221;on&#8221; show_categories=&#8221;off&#8221; show_author=&#8221;off&#8221; show_date=&#8221;off&#8221; show_pagination=&#8221;off&#8221; space_between=&#8221;14px&#8221; image_size=&#8221;default_image&#8221; content_padding=&#8221;10px|10px|10px|10px|false|false&#8221; module_class=&#8221;divi-portable-module&#8221; _builder_version=&#8221;4.16&#8243; _module_preset=&#8221;default&#8221; title_text_color=&#8221;#003978&#8243; title_font_size=&#8221;22px&#8221; meta_text_color=&#8221;#4D9859&#8243; content_text_color=&#8221;#666666&#8243; content_font_size=&#8221;17px&#8221; border_radii_post_item=&#8221;on|10px|10px|10px|10px&#8221; box_shadow_style_container=&#8221;preset2&#8243; global_colors_info=&#8221;{}&#8221; theme_builder_area=&#8221;post_content&#8221;][\/dgbm_blog_module][et_pb_text module_class=&#8221;divi-portable-module&#8221; _builder_version=&#8221;4.16&#8243; _module_preset=&#8221;default&#8221; global_colors_info=&#8221;{}&#8221; theme_builder_area=&#8221;post_content&#8221;]<\/p>\n<h2>Jugendsektion<\/h2>\n<p>[\/et_pb_text][dgbm_blog_module type=&#8221;3&#8243; include_categories=&#8221;51&#8243; use_post_excerpt=&#8221;on&#8221; show_categories=&#8221;off&#8221; show_author=&#8221;off&#8221; show_date=&#8221;off&#8221; show_pagination=&#8221;off&#8221; space_between=&#8221;14px&#8221; image_size=&#8221;default_image&#8221; content_padding=&#8221;10px|10px|10px|10px|false|false&#8221; module_class=&#8221;divi-portable-module&#8221; _builder_version=&#8221;4.16&#8243; _module_preset=&#8221;default&#8221; title_text_color=&#8221;#003978&#8243; title_font_size=&#8221;22px&#8221; meta_text_color=&#8221;#4D9859&#8243; content_text_color=&#8221;#666666&#8243; content_font_size=&#8221;17px&#8221; border_radii_post_item=&#8221;on|10px|10px|10px|10px&#8221; box_shadow_style_container=&#8221;preset2&#8243; global_colors_info=&#8221;{}&#8221; theme_builder_area=&#8221;post_content&#8221;][\/dgbm_blog_module][et_pb_text module_class=&#8221;divi-portable-module&#8221; _builder_version=&#8221;4.16&#8243; _module_preset=&#8221;default&#8221; global_colors_info=&#8221;{}&#8221; theme_builder_area=&#8221;post_content&#8221;]<\/p>\n<h2>Kontrollausschuss<\/h2>\n<p>[\/et_pb_text][dgbm_blog_module type=&#8221;3&#8243; include_categories=&#8221;56&#8243; orderby=&#8221;2&#8243; use_post_excerpt=&#8221;on&#8221; show_categories=&#8221;off&#8221; show_author=&#8221;off&#8221; show_date=&#8221;off&#8221; show_pagination=&#8221;off&#8221; space_between=&#8221;14px&#8221; image_size=&#8221;default_image&#8221; content_padding=&#8221;10px|10px|10px|10px|false|false&#8221; module_class=&#8221;divi-portable-module&#8221; _builder_version=&#8221;4.16&#8243; _module_preset=&#8221;default&#8221; title_text_color=&#8221;#003978&#8243; title_font_size=&#8221;22px&#8221; meta_text_color=&#8221;#4D9859&#8243; content_text_color=&#8221;#666666&#8243; content_font_size=&#8221;17px&#8221; border_radii_post_item=&#8221;on|10px|10px|10px|10px&#8221; box_shadow_style_container=&#8221;preset2&#8243; global_colors_info=&#8221;{}&#8221; theme_builder_area=&#8221;post_content&#8221;][\/dgbm_blog_module][et_pb_code _builder_version=&#8221;4.16&#8243; _module_preset=&#8221;default&#8221; global_colors_info=&#8221;{}&#8221; theme_builder_area=&#8221;post_content&#8221;]<script><!-- [et_pb_line_break_holder] -->(function ($) {<!-- [et_pb_line_break_holder] -->  $(document).ready(function () {<!-- [et_pb_line_break_holder] --> <!-- [et_pb_line_break_holder] -->    \/\/ Option #1: Move Divi Module(s) into a Module<!-- [et_pb_line_break_holder] -->    \/\/ Limit: One Instance per Column<!-- [et_pb_line_break_holder] -->    \/\/ Use following code if you want to move <!-- [et_pb_line_break_holder] -->    \/\/ a module inside another module. Each column with the<!-- [et_pb_line_break_holder] -->    \/\/ class 'parent-column' will append any module(s)<!-- [et_pb_line_break_holder] -->    \/\/ with the class 'divi-portable-module' to the div<!-- [et_pb_line_break_holder] -->    \/\/ with the class 'divi-module-destination'.<!-- [et_pb_line_break_holder] -->    \/\/ Only one instance of 'divi-module-destination' should<!-- [et_pb_line_break_holder] -->    \/\/ be added per column.<!-- [et_pb_line_break_holder] -->    $('.divi-portable-module').each(function () {<!-- [et_pb_line_break_holder] -->      $(this).closest('.parent-column').find('.divi-module-destination').append($(this));<!-- [et_pb_line_break_holder] -->    });<!-- [et_pb_line_break_holder] -->     <!-- [et_pb_line_break_holder] -->    \/\/ Buttons: Insert Button Module(s) into a Module<!-- [et_pb_line_break_holder] -->    \/\/ Adding a custom CSS class to a button module<!-- [et_pb_line_break_holder] -->    \/\/ is applied to the 'a' tag which is a child element<!-- [et_pb_line_break_holder] -->    \/\/ of the module wrapper. This code makes sure to append<!-- [et_pb_line_break_holder] -->    \/\/ the entire button module wrapper (the parent element)<!-- [et_pb_line_break_holder] -->    \/\/ as well. This functionality is the same as option #3 above.<!-- [et_pb_line_break_holder] -->    \/\/ Siimply use the class 'divi-portable-button' on a button module<!-- [et_pb_line_break_holder] -->    \/\/ instead of 'divi-portable-module'.<!-- [et_pb_line_break_holder] -->    $('.divi-portable-button').parent().each(function () {<!-- [et_pb_line_break_holder] -->      $(this).closest('.parent-column').find('.divi-module-destination').append($(this));<!-- [et_pb_line_break_holder] -->    });<!-- [et_pb_line_break_holder] --> <!-- [et_pb_line_break_holder] -->    \/\/ Option #2: Move Divi Row(s) into a Module<!-- [et_pb_line_break_holder] -->    \/\/ Limit: One Instance per Section<!-- [et_pb_line_break_holder] -->    \/\/ Use the following code if you want to move <!-- [et_pb_line_break_holder] -->    \/\/ a row inside a module on more than one section<!-- [et_pb_line_break_holder] -->    \/\/ of a page. Each section with the<!-- [et_pb_line_break_holder] -->    \/\/ class 'parent-section' will append any row(s)<!-- [et_pb_line_break_holder] -->    \/\/ with the class 'divi-portable-row' to the div<!-- [et_pb_line_break_holder] -->    \/\/ with the class 'divi-row-destination'.<!-- [et_pb_line_break_holder] -->    \/\/ Only one instance of 'divi-row-destination' should<!-- [et_pb_line_break_holder] -->    \/\/ be added per section.<!-- [et_pb_line_break_holder] -->    $('.divi-portable-row').each(function () {<!-- [et_pb_line_break_holder] -->      $(this).closest('.parent-section').find('.divi-row-destination').append($(this));<!-- [et_pb_line_break_holder] -->    });<!-- [et_pb_line_break_holder] --> <!-- [et_pb_line_break_holder] -->  });<!-- [et_pb_line_break_holder] -->})(jQuery);<!-- [et_pb_line_break_holder] --><\/script><!-- [et_pb_line_break_holder] --><!-- [et_pb_line_break_holder] --><script><!-- [et_pb_line_break_holder] -->(function ($) {<!-- [et_pb_line_break_holder] -->  $(document).ready(function () {<!-- [et_pb_line_break_holder] --> <!-- [et_pb_line_break_holder] -->    \/\/ Option #1: Move Divi Module(s) into a Module<!-- [et_pb_line_break_holder] -->    \/\/ Limit: One Instance per Column<!-- [et_pb_line_break_holder] -->    \/\/ Use following code if you want to move <!-- [et_pb_line_break_holder] -->    \/\/ a module inside another module. Each column with the<!-- [et_pb_line_break_holder] -->    \/\/ class 'parent-column' will append any module(s)<!-- [et_pb_line_break_holder] -->    \/\/ with the class 'divi-portable-module' to the div<!-- [et_pb_line_break_holder] -->    \/\/ with the class 'divi-module-destination'.<!-- [et_pb_line_break_holder] -->    \/\/ Only one instance of 'divi-module-destination' should<!-- [et_pb_line_break_holder] -->    \/\/ be added per column.<!-- [et_pb_line_break_holder] -->    $('.divi-portable-module2').each(function () {<!-- [et_pb_line_break_holder] -->      $(this).closest('.parent-column').find('.divi-module-destination2').append($(this));<!-- [et_pb_line_break_holder] -->    });<!-- [et_pb_line_break_holder] -->     <!-- [et_pb_line_break_holder] -->    \/\/ Buttons: Insert Button Module(s) into a Module<!-- [et_pb_line_break_holder] -->    \/\/ Adding a custom CSS class to a button module<!-- [et_pb_line_break_holder] -->    \/\/ is applied to the 'a' tag which is a child element<!-- [et_pb_line_break_holder] -->    \/\/ of the module wrapper. This code makes sure to append<!-- [et_pb_line_break_holder] -->    \/\/ the entire button module wrapper (the parent element)<!-- [et_pb_line_break_holder] -->    \/\/ as well. This functionality is the same as option #3 above.<!-- [et_pb_line_break_holder] -->    \/\/ Siimply use the class 'divi-portable-button' on a button module<!-- [et_pb_line_break_holder] -->    \/\/ instead of 'divi-portable-module'.<!-- [et_pb_line_break_holder] -->    $('.divi-portable-button2').parent().each(function () {<!-- [et_pb_line_break_holder] -->      $(this).closest('.parent-column').find('.divi-module-destination2').append($(this));<!-- [et_pb_line_break_holder] -->    });<!-- [et_pb_line_break_holder] --> <!-- [et_pb_line_break_holder] -->    \/\/ Option #2: Move Divi Row(s) into a Module<!-- [et_pb_line_break_holder] -->    \/\/ Limit: One Instance per Section<!-- [et_pb_line_break_holder] -->    \/\/ Use the following code if you want to move <!-- [et_pb_line_break_holder] -->    \/\/ a row inside a module on more than one section<!-- [et_pb_line_break_holder] -->    \/\/ of a page. Each section with the<!-- [et_pb_line_break_holder] -->    \/\/ class 'parent-section' will append any row(s)<!-- [et_pb_line_break_holder] -->    \/\/ with the class 'divi-portable-row' to the div<!-- [et_pb_line_break_holder] -->    \/\/ with the class 'divi-row-destination'.<!-- [et_pb_line_break_holder] -->    \/\/ Only one instance of 'divi-row-destination' should<!-- [et_pb_line_break_holder] -->    \/\/ be added per section.<!-- [et_pb_line_break_holder] -->    $('.divi-portable-row2').each(function () {<!-- [et_pb_line_break_holder] -->      $(this).closest('.parent-section').find('.divi-row-destination2').append($(this));<!-- [et_pb_line_break_holder] -->    });<!-- [et_pb_line_break_holder] --> <!-- [et_pb_line_break_holder] -->  });<!-- [et_pb_line_break_holder] -->})(jQuery);<!-- [et_pb_line_break_holder] --><\/script>[\/et_pb_code][\/et_pb_column][\/et_pb_row][\/et_pb_section]<\/p>\n","protected":false},"excerpt":{"rendered":"<p>LANDESRAT, die Gemeinschaft Das wichtigste Ziel des Landesrates ist die Bewahrung der ungarndeutschen Identit\u00e4t, die Pflege der Muttersprache und des musikalischen Erbes sowie die Weitergabe der kulturellen und religi\u00f6sen Traditionen. [&hellip;]<\/p>\n","protected":false},"author":1,"featured_media":0,"parent":0,"menu_order":0,"comment_status":"closed","ping_status":"closed","template":"","meta":{"_et_pb_use_builder":"on","_et_pb_old_content":"","_et_gb_content_width":"","inline_featured_image":false,"footnotes":""},"_links":{"self":[{"href":"https:\/\/landesrat.hu\/de\/wp-json\/wp\/v2\/pages\/5586"}],"collection":[{"href":"https:\/\/landesrat.hu\/de\/wp-json\/wp\/v2\/pages"}],"about":[{"href":"https:\/\/landesrat.hu\/de\/wp-json\/wp\/v2\/types\/page"}],"author":[{"embeddable":true,"href":"https:\/\/landesrat.hu\/de\/wp-json\/wp\/v2\/users\/1"}],"replies":[{"embeddable":true,"href":"https:\/\/landesrat.hu\/de\/wp-json\/wp\/v2\/comments?post=5586"}],"version-history":[{"count":26,"href":"https:\/\/landesrat.hu\/de\/wp-json\/wp\/v2\/pages\/5586\/revisions"}],"predecessor-version":[{"id":20369,"href":"https:\/\/landesrat.hu\/de\/wp-json\/wp\/v2\/pages\/5586\/revisions\/20369"}],"wp:attachment":[{"href":"https:\/\/landesrat.hu\/de\/wp-json\/wp\/v2\/media?parent=5586"}],"curies":[{"name":"wp","href":"https:\/\/api.w.org\/{rel}","templated":true}]}}