{"id":5559,"date":"2021-07-19T19:20:27","date_gmt":"2021-07-19T17:20:27","guid":{"rendered":"https:\/\/landesrat.hu\/jugendsektion-fortbildungen\/"},"modified":"2021-09-22T15:46:23","modified_gmt":"2021-09-22T13:46:23","slug":"jugendsektion-fortbildungen","status":"publish","type":"page","link":"https:\/\/landesrat.hu\/de\/jugendsektion-fortbildungen\/","title":{"rendered":"Jugendsektion Fortbildungen"},"content":{"rendered":"<p>[et_pb_section fb_built=&#8221;1&#8243; _builder_version=&#8221;4.9.0&#8243; _module_preset=&#8221;default&#8221; background_color=&#8221;RGBA(0,0,0,0)&#8221; background_enable_image=&#8221;off&#8221; custom_margin=&#8221;0px||0px||false|false&#8221; custom_padding=&#8221;0px||0px||false|false&#8221;][et_pb_row use_custom_gutter=&#8221;on&#8221; gutter_width=&#8221;2&#8243; _builder_version=&#8221;4.9.0&#8243; _module_preset=&#8221;default&#8221; background_color=&#8221;RGBA(0,0,0,0)&#8221; width=&#8221;100%&#8221; custom_padding=&#8221;0px||||false|false&#8221;][et_pb_column type=&#8221;4_4&#8243; _builder_version=&#8221;4.9.0&#8243; _module_preset=&#8221;default&#8221; background_color=&#8221;RGBA(0,0,0,0)&#8221; border_radii=&#8221;on|10px|10px|10px|10px&#8221;][et_pb_text _builder_version=&#8221;4.9.10&#8243; _module_preset=&#8221;default&#8221; header_2_text_color=&#8221;#003978&#8243; background_color=&#8221;RGBA(0,0,0,0)&#8221; hover_enabled=&#8221;0&#8243; sticky_enabled=&#8221;0&#8243;]<\/p>\n<h2><strong>Fortbildungen<\/strong><\/h2>\n<div class=\"ecs-no-events\">Es sind keine anstehenden Veranstaltungen vorhanden.<\/div>\n<p>\u00c4hnlich wie in den anderen Sektionen regt das Landesrat den <strong>Wissensaustausch<\/strong> <strong>zwischen den Jugendsektionsgruppen<\/strong> an.<\/p>\n<p>2020 fand die erste <strong>Fortbildung <\/strong>der Sektion statt, die zum Forum der fortdauernden Entwicklung und des fachlichen Wissensaustausches wurde.<\/p>\n<p>In die Fortbildung werden neben den fachlichen Leitern des Landesrates auch externe Experten miteinbezogen, damit die Teilnehmer mit umfassendem Fachwissen bereichert werden k\u00f6nnen.<\/p>\n<p>Das wichtigste Ziel der Fortbildungen ist, <strong>die Jugend<\/strong><strong> bei der Deutung und dem Erleben der T<\/strong><strong>r<\/strong><strong>aditionen zur neuen Sichtweise an<\/strong><strong>zu<\/strong><strong>r<\/strong><strong>eg<\/strong><strong>e<\/strong><strong>n<\/strong>.<\/p>\n<p>Die Pflege des geerbten ungarndeutschen Kulturschatzes ist wichtig, aber die ungarndeutsche Identit\u00e4t durch die neugedeuteten, zum Alltag geh\u00f6renden Br\u00e4uche als freudenreiche Freizeitgestaltung zu erleben ist nicht von geringerer Bedeutung.<\/p>\n<p>Beim Heranziehen des Nachwuchses bekommt die Motivation der Gruppenleiter, die Entwicklung ihrer gemeinschaftsbildenden und p\u00e4dagogischen F\u00e4higkeiten eine bedeutende Rolle.<\/p>\n<p>Die Kurse f\u00fcr die Entwicklung der F\u00e4higkeiten helfen die Zielsetzungen des Landesrates zu verwirklichen, sie st\u00e4rken das Gef\u00fchl, dass er auch in der Zukunft in der Tat \u201eDie Gemeinschaft\u201d sein kann. <strong>Eine Gemeinschaft, die in der heutigen chaotischen Welt der Jugend einen Halt gibt beziehungsweise f\u00fcr sie Identit\u00e4t und sinnvollen Zeitvertreib bedeuten kann. <\/strong><\/p>\n<p>Lesen Sie auch unseren Bericht \u00fcber die Fortbildung der Jugendsektion in M\u00e1ny\/Maan bei den Nachrichten. Die Fortbildung wird fortan jedes Jahr im Sektionsprogramm stehen.<\/p>\n<p>&nbsp;<\/p>\n<p>&nbsp;<\/p>\n<p>[\/et_pb_text][\/et_pb_column][\/et_pb_row][\/et_pb_section]<\/p>\n","protected":false},"excerpt":{"rendered":"<p>Fortbildungen <div class=\"ecs-no-events\">Es sind keine anstehenden Veranstaltungen vorhanden.<\/div> \u00c4hnlich wie in den anderen Sektionen regt das Landesrat den Wissensaustausch zwischen den Jugendsektionsgruppen an. 2020 fand die erste Fortbildung der [&hellip;]<\/p>\n","protected":false},"author":1,"featured_media":0,"parent":0,"menu_order":0,"comment_status":"closed","ping_status":"closed","template":"","meta":{"_et_pb_use_builder":"on","_et_pb_old_content":"","_et_gb_content_width":"","inline_featured_image":false,"footnotes":""},"_links":{"self":[{"href":"https:\/\/landesrat.hu\/de\/wp-json\/wp\/v2\/pages\/5559"}],"collection":[{"href":"https:\/\/landesrat.hu\/de\/wp-json\/wp\/v2\/pages"}],"about":[{"href":"https:\/\/landesrat.hu\/de\/wp-json\/wp\/v2\/types\/page"}],"author":[{"embeddable":true,"href":"https:\/\/landesrat.hu\/de\/wp-json\/wp\/v2\/users\/1"}],"replies":[{"embeddable":true,"href":"https:\/\/landesrat.hu\/de\/wp-json\/wp\/v2\/comments?post=5559"}],"version-history":[{"count":3,"href":"https:\/\/landesrat.hu\/de\/wp-json\/wp\/v2\/pages\/5559\/revisions"}],"predecessor-version":[{"id":6839,"href":"https:\/\/landesrat.hu\/de\/wp-json\/wp\/v2\/pages\/5559\/revisions\/6839"}],"wp:attachment":[{"href":"https:\/\/landesrat.hu\/de\/wp-json\/wp\/v2\/media?parent=5559"}],"curies":[{"name":"wp","href":"https:\/\/api.w.org\/{rel}","templated":true}]}}