{"id":5553,"date":"2021-07-19T19:16:09","date_gmt":"2021-07-19T17:16:09","guid":{"rendered":"https:\/\/landesrat.hu\/jugendsektion\/"},"modified":"2021-08-30T14:40:37","modified_gmt":"2021-08-30T12:40:37","slug":"jugendsektion","status":"publish","type":"page","link":"https:\/\/landesrat.hu\/de\/jugendsektion\/","title":{"rendered":"Jugendsektion"},"content":{"rendered":"<p>[et_pb_section fb_built=&#8221;1&#8243; _builder_version=&#8221;4.9.0&#8243; _module_preset=&#8221;default&#8221; background_color=&#8221;RGBA(0,0,0,0)&#8221; background_enable_image=&#8221;off&#8221; custom_margin=&#8221;0px||0px||false|false&#8221; custom_padding=&#8221;0px||0px||false|false&#8221;][et_pb_row use_custom_gutter=&#8221;on&#8221; gutter_width=&#8221;2&#8243; _builder_version=&#8221;4.9.0&#8243; _module_preset=&#8221;default&#8221; background_color=&#8221;RGBA(0,0,0,0)&#8221; width=&#8221;100%&#8221; custom_padding=&#8221;0px||||false|false&#8221;][et_pb_column type=&#8221;4_4&#8243; _builder_version=&#8221;4.9.0&#8243; _module_preset=&#8221;default&#8221; background_color=&#8221;RGBA(0,0,0,0)&#8221; border_radii=&#8221;on|10px|10px|10px|10px&#8221;][et_pb_tabs active_tab_background_color=&#8221;#FCF7EB&#8221; inactive_tab_background_color=&#8221;rgba(252,247,235,0)&#8221; active_tab_text_color=&#8221;#003978&#8243; _builder_version=&#8221;4.9.0&#8243; _module_preset=&#8221;default&#8221; tab_text_color=&#8221;#4D9859&#8243; background_color=&#8221;#FCF7EB&#8221; custom_css_tabs_controls=&#8221;background: rgba(0,0,0,0);||border: none !important;&#8221; custom_css_tab=&#8221;border: none !important;&#8221; border_width_all=&#8221;0px&#8221;][et_pb_tab title=&#8221;\u00dcber uns&#8221; _builder_version=&#8221;4.9.0&#8243; _module_preset=&#8221;default&#8221;]<\/p>\n<h3><strong>\u201eEiner Tradition treu zu sein, bedeutet, der Flamme treu zu sein<\/strong><br \/><strong>und nicht der Asche.&#8221;<\/strong><\/p>\n<\/h3>\n<p>Ein wichtiges Element der T\u00e4tigkeit vom Landesrat ist <strong>d<\/strong><strong>ie F\u00f6rderung der Fortdauer und Weitergabe der ungarndeutschen Traditionen mit Einbezug der j\u00fcngeren Generationen<\/strong>.<\/p>\n<p>Die Jugendsektion wurde 2010 gegr\u00fcndet, um die Wertrettung, die aktive Pflege der Nationalit\u00e4tenkultur zu unterst\u00fctzen und den Musikernachwuchs heranzuziehen.<\/p>\n<p>Das freudvolle gesellige Beisammensein ist der nat\u00fcrliche Anspruch der Menschen.\u00a0 Die Sektion organisiert aktiv, auf der gemeinschaftsbildenden Kraft des Gesangs, Tanzes und der Musik basierend, Begegnungsm\u00f6glichkeiten f\u00fcr die Jugend.<\/p>\n<p>Durch das Kennenlernen der Nationalit\u00e4tentraditionen, der musikalischen Muttersprache sowie Tanzkultur, die Neudeutung der alten Motive kann erreicht werden, dass <strong>die Jugendlichen ihr Erbe in den Alltag eingebaut erleben<\/strong>, die auf diese Weise zur allt\u00e4glichen Gepflogenheit werden beziehungsweise f\u00fcr die Nachwelt erhalten bleiben k\u00f6nnen.<\/p>\n<p>F\u00fcr die Jugendsektion ist es eine Herzensangelegenheit, <strong>die ungarndeutschen Jugendlichen zusammenzuschlie\u00dfen<\/strong> und sie zu integrieren, was der Schl\u00fcssel zum Fortbestand ist. Aus diesem Grund wird jedes Jahr das <strong>Schwabenjugendtreffen<\/strong> organisiert.<\/p>\n<p>Die wichtigsten Zielsetzungen der Treffen und der Veranstaltungen sind:<\/p>\n<p>&#8211; das Erleben der ungarndeutschen kulturellen Identit\u00e4t in der Gemeinschaft;<br \/>&#8211; das Kennenlernen der Arbeit der Amateurgruppen und die fachliche Unterst\u00fctzung ihrer Arbeit durch Erfahrungsaustausch;<br \/>&#8211; das Anregen der \u00fcberdurchschnittlichen Jugendgruppen zur weiteren fachlichen Arbeit;<br \/>&#8211; mit Einbeziehung externer Experten der Jugend neue Impulse geben, damit sie ihr K\u00f6nnen und Wissen in den Bereichen Gesang, Musik und Tanz erweitern;<br \/>&#8211; die Jugend anzuregen, ihre deutsche Muttersprache zu verwenden;<br \/>&#8211; das Anregen zur Zusammenarbeit sowie Kontaktpflege.<\/p>\n<p>Von den Veranstaltungen wird erhofft, dass die Jugendlichen einander besser kennenlernen, <strong>sie sich enger vernetzen<\/strong><strong>, <\/strong><strong>damit<\/strong> <strong>ihre Interessenvertretung <\/strong><strong>verst\u00e4rkt <\/strong><strong>wird <\/strong><strong>beziehungsweise sie <\/strong><strong>sich <\/strong><strong>auch aktiver a<\/strong><strong>m \u00f6ffentlichen Leben<\/strong><strong> beteiligen.<\/strong> Ihre mannigfaltigen Sprachkenntnisse bilden k\u00fcnftig auch <strong>eine<\/strong> <strong>Br\u00fccke bei der Pflege der internationalen Kontakte des Landesrates.<\/strong><\/p>\n<p>Die Jugendsektion f\u00f6rdert den <strong>Wissensaustausch unter den Gruppen<\/strong>. 2020 fand die erste <strong>Fortbildung <\/strong>der Sektion statt, die zum Forum der fortdauernden Entwicklung und des fachlichen Wissensaustausches wurde. Neben den Sektionsleitern des Landesrates werden auch externe Experten eingeladen, damit die Jugend bei der Deutung und dem Erleben der Traditionen zur neuen Sichtweise angeregt wird.<\/p>\n<p>[\/et_pb_tab][et_pb_tab title=&#8221;W\u00fcrdentr\u00e4ger&#8221; _builder_version=&#8221;4.9.0&#8243; _module_preset=&#8221;default&#8221;]<\/p>\n<div class=\"divi-module-destination\">\u00a0<\/div>\n<p>[\/et_pb_tab][\/et_pb_tabs][dgbm_blog_module type=&#8221;3&#8243; include_categories=&#8221;51&#8243; use_post_excerpt=&#8221;on&#8221; show_categories=&#8221;off&#8221; show_author=&#8221;off&#8221; show_date=&#8221;off&#8221; show_pagination=&#8221;off&#8221; item_in_desktop=&#8221;2&#8243; image_size=&#8221;default_image&#8221; content_padding=&#8221;10px|10px|10px|10px|false|false&#8221; module_class=&#8221;divi-portable-module&#8221; _builder_version=&#8221;4.9.0&#8243; _module_preset=&#8221;default&#8221; title_text_color=&#8221;#003978&#8243; title_font_size=&#8221;22px&#8221; meta_text_color=&#8221;#4D9859&#8243; content_text_color=&#8221;#666666&#8243; border_radii_post_item=&#8221;on|10px|10px|10px|10px&#8221; box_shadow_style_container=&#8221;preset2&#8243;][\/dgbm_blog_module][et_pb_code _builder_version=&#8221;4.9.0&#8243; _module_preset=&#8221;default&#8221;]<script><!-- [et_pb_line_break_holder] -->(function ($) {<!-- [et_pb_line_break_holder] -->  $(document).ready(function () {<!-- [et_pb_line_break_holder] --> <!-- [et_pb_line_break_holder] -->    \/\/ Option #1: Move Divi Module(s) into a Module<!-- [et_pb_line_break_holder] -->    \/\/ Limit: One Instance per Column<!-- [et_pb_line_break_holder] -->    \/\/ Use following code if you want to move <!-- [et_pb_line_break_holder] -->    \/\/ a module inside another module. Each column with the<!-- [et_pb_line_break_holder] -->    \/\/ class 'parent-column' will append any module(s)<!-- [et_pb_line_break_holder] -->    \/\/ with the class 'divi-portable-module' to the div<!-- [et_pb_line_break_holder] -->    \/\/ with the class 'divi-module-destination'.<!-- [et_pb_line_break_holder] -->    \/\/ Only one instance of 'divi-module-destination' should<!-- [et_pb_line_break_holder] -->    \/\/ be added per column.<!-- [et_pb_line_break_holder] -->    $('.divi-portable-module').each(function () {<!-- [et_pb_line_break_holder] -->      $(this).closest('.parent-column').find('.divi-module-destination').append($(this));<!-- [et_pb_line_break_holder] -->    });<!-- [et_pb_line_break_holder] -->     <!-- [et_pb_line_break_holder] -->    \/\/ Buttons: Insert Button Module(s) into a Module<!-- [et_pb_line_break_holder] -->    \/\/ Adding a custom CSS class to a button module<!-- [et_pb_line_break_holder] -->    \/\/ is applied to the 'a' tag which is a child element<!-- [et_pb_line_break_holder] -->    \/\/ of the module wrapper. This code makes sure to append<!-- [et_pb_line_break_holder] -->    \/\/ the entire button module wrapper (the parent element)<!-- [et_pb_line_break_holder] -->    \/\/ as well. This functionality is the same as option #3 above.<!-- [et_pb_line_break_holder] -->    \/\/ Siimply use the class 'divi-portable-button' on a button module<!-- [et_pb_line_break_holder] -->    \/\/ instead of 'divi-portable-module'.<!-- [et_pb_line_break_holder] -->    $('.divi-portable-button').parent().each(function () {<!-- [et_pb_line_break_holder] -->      $(this).closest('.parent-column').find('.divi-module-destination').append($(this));<!-- [et_pb_line_break_holder] -->    });<!-- [et_pb_line_break_holder] --> <!-- [et_pb_line_break_holder] -->    \/\/ Option #2: Move Divi Row(s) into a Module<!-- [et_pb_line_break_holder] -->    \/\/ Limit: One Instance per Section<!-- [et_pb_line_break_holder] -->    \/\/ Use the following code if you want to move <!-- [et_pb_line_break_holder] -->    \/\/ a row inside a module on more than one section<!-- [et_pb_line_break_holder] -->    \/\/ of a page. Each section with the<!-- [et_pb_line_break_holder] -->    \/\/ class 'parent-section' will append any row(s)<!-- [et_pb_line_break_holder] -->    \/\/ with the class 'divi-portable-row' to the div<!-- [et_pb_line_break_holder] -->    \/\/ with the class 'divi-row-destination'.<!-- [et_pb_line_break_holder] -->    \/\/ Only one instance of 'divi-row-destination' should<!-- [et_pb_line_break_holder] -->    \/\/ be added per section.<!-- [et_pb_line_break_holder] -->    $('.divi-portable-row').each(function () {<!-- [et_pb_line_break_holder] -->      $(this).closest('.parent-section').find('.divi-row-destination').append($(this));<!-- [et_pb_line_break_holder] -->    });<!-- [et_pb_line_break_holder] --> <!-- [et_pb_line_break_holder] -->  });<!-- [et_pb_line_break_holder] -->})(jQuery);<!-- [et_pb_line_break_holder] --><\/script><!-- [et_pb_line_break_holder] --><!-- [et_pb_line_break_holder] --><script><!-- [et_pb_line_break_holder] -->(function ($) {<!-- [et_pb_line_break_holder] -->  $(document).ready(function () {<!-- [et_pb_line_break_holder] --> <!-- [et_pb_line_break_holder] -->    \/\/ Option #1: Move Divi Module(s) into a Module<!-- [et_pb_line_break_holder] -->    \/\/ Limit: One Instance per Column<!-- [et_pb_line_break_holder] -->    \/\/ Use following code if you want to move <!-- [et_pb_line_break_holder] -->    \/\/ a module inside another module. Each column with the<!-- [et_pb_line_break_holder] -->    \/\/ class 'parent-column' will append any module(s)<!-- [et_pb_line_break_holder] -->    \/\/ with the class 'divi-portable-module' to the div<!-- [et_pb_line_break_holder] -->    \/\/ with the class 'divi-module-destination'.<!-- [et_pb_line_break_holder] -->    \/\/ Only one instance of 'divi-module-destination' should<!-- [et_pb_line_break_holder] -->    \/\/ be added per column.<!-- [et_pb_line_break_holder] -->    $('.divi-portable-module2').each(function () {<!-- [et_pb_line_break_holder] -->      $(this).closest('.parent-column').find('.divi-module-destination2').append($(this));<!-- [et_pb_line_break_holder] -->    });<!-- [et_pb_line_break_holder] -->     <!-- [et_pb_line_break_holder] -->    \/\/ Buttons: Insert Button Module(s) into a Module<!-- [et_pb_line_break_holder] -->    \/\/ Adding a custom CSS class to a button module<!-- [et_pb_line_break_holder] -->    \/\/ is applied to the 'a' tag which is a child element<!-- [et_pb_line_break_holder] -->    \/\/ of the module wrapper. This code makes sure to append<!-- [et_pb_line_break_holder] -->    \/\/ the entire button module wrapper (the parent element)<!-- [et_pb_line_break_holder] -->    \/\/ as well. This functionality is the same as option #3 above.<!-- [et_pb_line_break_holder] -->    \/\/ Siimply use the class 'divi-portable-button' on a button module<!-- [et_pb_line_break_holder] -->    \/\/ instead of 'divi-portable-module'.<!-- [et_pb_line_break_holder] -->    $('.divi-portable-button2').parent().each(function () {<!-- [et_pb_line_break_holder] -->      $(this).closest('.parent-column').find('.divi-module-destination2').append($(this));<!-- [et_pb_line_break_holder] -->    });<!-- [et_pb_line_break_holder] --> <!-- [et_pb_line_break_holder] -->    \/\/ Option #2: Move Divi Row(s) into a Module<!-- [et_pb_line_break_holder] -->    \/\/ Limit: One Instance per Section<!-- [et_pb_line_break_holder] -->    \/\/ Use the following code if you want to move <!-- [et_pb_line_break_holder] -->    \/\/ a row inside a module on more than one section<!-- [et_pb_line_break_holder] -->    \/\/ of a page. Each section with the<!-- [et_pb_line_break_holder] -->    \/\/ class 'parent-section' will append any row(s)<!-- [et_pb_line_break_holder] -->    \/\/ with the class 'divi-portable-row' to the div<!-- [et_pb_line_break_holder] -->    \/\/ with the class 'divi-row-destination'.<!-- [et_pb_line_break_holder] -->    \/\/ Only one instance of 'divi-row-destination' should<!-- [et_pb_line_break_holder] -->    \/\/ be added per section.<!-- [et_pb_line_break_holder] -->    $('.divi-portable-row2').each(function () {<!-- [et_pb_line_break_holder] -->      $(this).closest('.parent-section').find('.divi-row-destination2').append($(this));<!-- [et_pb_line_break_holder] -->    });<!-- [et_pb_line_break_holder] --> <!-- [et_pb_line_break_holder] -->  });<!-- [et_pb_line_break_holder] -->})(jQuery);<!-- [et_pb_line_break_holder] --><\/script>[\/et_pb_code][\/et_pb_column][\/et_pb_row][\/et_pb_section]<\/p>\n","protected":false},"excerpt":{"rendered":"<p>\u201eEiner Tradition treu zu sein, bedeutet, der Flamme treu zu seinund nicht der Asche.&#8221; Ein wichtiges Element der T\u00e4tigkeit vom Landesrat ist die F\u00f6rderung der Fortdauer und Weitergabe der ungarndeutschen [&hellip;]<\/p>\n","protected":false},"author":1,"featured_media":0,"parent":0,"menu_order":0,"comment_status":"closed","ping_status":"closed","template":"","meta":{"_et_pb_use_builder":"on","_et_pb_old_content":"","_et_gb_content_width":"","inline_featured_image":false,"footnotes":""},"_links":{"self":[{"href":"https:\/\/landesrat.hu\/de\/wp-json\/wp\/v2\/pages\/5553"}],"collection":[{"href":"https:\/\/landesrat.hu\/de\/wp-json\/wp\/v2\/pages"}],"about":[{"href":"https:\/\/landesrat.hu\/de\/wp-json\/wp\/v2\/types\/page"}],"author":[{"embeddable":true,"href":"https:\/\/landesrat.hu\/de\/wp-json\/wp\/v2\/users\/1"}],"replies":[{"embeddable":true,"href":"https:\/\/landesrat.hu\/de\/wp-json\/wp\/v2\/comments?post=5553"}],"version-history":[{"count":8,"href":"https:\/\/landesrat.hu\/de\/wp-json\/wp\/v2\/pages\/5553\/revisions"}],"predecessor-version":[{"id":6432,"href":"https:\/\/landesrat.hu\/de\/wp-json\/wp\/v2\/pages\/5553\/revisions\/6432"}],"wp:attachment":[{"href":"https:\/\/landesrat.hu\/de\/wp-json\/wp\/v2\/media?parent=5553"}],"curies":[{"name":"wp","href":"https:\/\/api.w.org\/{rel}","templated":true}]}}