{"id":5547,"date":"2021-07-16T19:17:57","date_gmt":"2021-07-16T17:17:57","guid":{"rendered":"https:\/\/landesrat.hu\/chorsektion-nachrichten\/"},"modified":"2021-09-01T11:11:25","modified_gmt":"2021-09-01T09:11:25","slug":"chorsektion-nachrichten","status":"publish","type":"page","link":"https:\/\/landesrat.hu\/de\/chorsektion-nachrichten\/","title":{"rendered":"Chorsektion Nachrichten"},"content":{"rendered":"<p>[et_pb_section fb_built=&#8221;1&#8243; _builder_version=&#8221;4.9.0&#8243; _module_preset=&#8221;default&#8221; background_color=&#8221;RGBA(0,0,0,0)&#8221; background_enable_image=&#8221;off&#8221; custom_margin=&#8221;0px||0px||false|false&#8221; custom_padding=&#8221;0px||0px||false|false&#8221;][et_pb_row use_custom_gutter=&#8221;on&#8221; gutter_width=&#8221;2&#8243; _builder_version=&#8221;4.9.0&#8243; _module_preset=&#8221;default&#8221; background_color=&#8221;RGBA(0,0,0,0)&#8221; width=&#8221;100%&#8221; custom_padding=&#8221;0px||||false|false&#8221;][et_pb_column type=&#8221;4_4&#8243; _builder_version=&#8221;4.9.0&#8243; _module_preset=&#8221;default&#8221; background_color=&#8221;RGBA(0,0,0,0)&#8221; border_radii=&#8221;on|10px|10px|10px|10px&#8221;][et_pb_text _builder_version=&#8221;4.9.0&#8243; _module_preset=&#8221;default&#8221; header_2_text_color=&#8221;#003978&#8243;]<\/p>\n<h2><strong>Nachrichten<\/strong><\/h2>\n<p>[\/et_pb_text][dgbm_blog_module type=&#8221;3&#8243; include_categories=&#8221;35&#8243; show_thumbnail=&#8221;off&#8221; use_post_excerpt=&#8221;on&#8221; show_categories=&#8221;off&#8221; show_author=&#8221;off&#8221; meta_date=&#8221;Y. m. d.&#8221; show_pagination=&#8221;off&#8221; show_more=&#8221;on&#8221; read_more_text=&#8221;Weiter&#8221; layout=&#8221;full-width&#8221; button_alignment=&#8221;right&#8221; button_bg_color=&#8221;#003978&#8243; button_padding=&#8221;|14px||20px|false|false&#8221; _builder_version=&#8221;4.9.10&#8243; _module_preset=&#8221;default&#8221; title_font_size=&#8221;24px&#8221; title_line_height=&#8221;1.3em&#8221; content_line_height=&#8221;1.6em&#8221; read_more_text_color=&#8221;#FFFFFF&#8221; read_more_line_height=&#8221;1.9em&#8221; date_text_color=&#8221;#4D9859&#8243; date_font_size=&#8221;16px&#8221; date_line_height=&#8221;1.9em&#8221; hover_enabled=&#8221;0&#8243; border_radii_read_more=&#8221;on|25px|25px|25px|25px&#8221; sticky_enabled=&#8221;0&#8243;][\/dgbm_blog_module][\/et_pb_column][\/et_pb_row][\/et_pb_section]<\/p>\n","protected":false},"excerpt":{"rendered":"<p>Nachrichten<div class=\"et_pb_module dgbm_blog_module dgbm_blog_module_0\">\n\t\t\t\t\n\t\t\t\t\n\t\t\t\t\n\t\t\t\t\n\t\t\t\t\n\t\t\t\t\n\t\t\t\t<div class=\"et_pb_module_inner\">\n\t\t\t\t\t<div class=\"dg-blog-module\">\r\n\t\t\t\t\t\t\t<div class=\"dg-blog-inner-wrapper full-width image-top\">\r\n\t\t\t\t\t\t\t\t<div class=\"et_pb_ajax_pagination_container\">\r\n\t\t\t\t\t\t\t\t\t                <article id=\"post-20643\" class=\"dgbm_post_item v2 post-20643 post type-post status-publish format-standard has-post-thumbnail hentry category-chor-nachrichten category-jugend-nachrichten category-kapellen-nachrichten category-kirchenmusik-nachrichten category-landesrat-nachrichten category-tanz-de\" >\r\n                                                                <div class=\"content-wrapper\">\r\n                                                        <h2 class=\"dg_bm_title\"><a href=\"https:\/\/landesrat.hu\/de\/die-vollversammlung-des-landesrats-zur-neuwahl-der-amtstraeger-2026\/\">Die Vollversammlung des Landesrats zur Neuwahl der Amtstr\u00e4ger 2026<\/a><\/h2>                            <p class=\"post-meta post-meta-position-default\"><span class=\"published\">2026. 03. 11.<\/span><\/p>                            <div class=\"post-content\"><p>Am 1. M\u00e4rz hielt der Landesrat seine Vollversammlung zur Neuwahl der Amtstr\u00e4ger in Totwaschon ab. Die Vollversammlung...<\/p>\n<\/div>                            <div class=\"dg_read_more_wrapper\"><a class=\"read-more\" href=\"https:\/\/landesrat.hu\/de\/die-vollversammlung-des-landesrats-zur-neuwahl-der-amtstraeger-2026\/\" ><span>Weiter<\/span><\/a><\/div>                            \r\n                        <\/div>\r\n                                    <\/article>\r\n                                <article id=\"post-20583\" class=\"dgbm_post_item v2 post-20583 post type-post status-publish format-standard has-post-thumbnail hentry category-chor-nachrichten category-jugend-nachrichten category-kapellen-nachrichten category-kirchenmusik-nachrichten category-landesrat-nachrichten category-tanz-de\" >\r\n                                                                <div class=\"content-wrapper\">\r\n                                                        <h2 class=\"dg_bm_title\"><a href=\"https:\/\/landesrat.hu\/de\/kreative-arbeit-im-inspirierenden-kreis-fachtagung-des-landesrats\/\">Kreative Arbeit im inspirierenden Kreis \u2013 Fachtagung des Landesrats<\/a><\/h2>                            <p class=\"post-meta post-meta-position-default\"><span class=\"published\">2026. 03. 04.<\/span><\/p>                            <div class=\"post-content\"><p>Am 27. und 28. Februar arbeitete der Vorstand des Landesrates in Totwaschon in einem inspirierenden Kreis auch in...<\/p>\n<\/div>                            <div class=\"dg_read_more_wrapper\"><a class=\"read-more\" href=\"https:\/\/landesrat.hu\/de\/kreative-arbeit-im-inspirierenden-kreis-fachtagung-des-landesrats\/\" ><span>Weiter<\/span><\/a><\/div>                            \r\n                        <\/div>\r\n                                    <\/article>\r\n                                <article id=\"post-20199\" class=\"dgbm_post_item v2 post-20199 post type-post status-publish format-standard has-post-thumbnail hentry category-chor-nachrichten category-jugend-nachrichten category-kapellen-nachrichten category-kirchenmusik-nachrichten category-landesrat-nachrichten category-tanz-de\" >\r\n                                                                <div class=\"content-wrapper\">\r\n                                                        <h2 class=\"dg_bm_title\"><a href=\"https:\/\/landesrat.hu\/de\/landeskalender-2026-treffpunkte-fuer-die-ungarndeutschen\/\">Landeskalender 2026 \u2013 Treffpunkte f\u00fcr die Ungarndeutschen<\/a><\/h2>                            <p class=\"post-meta post-meta-position-default\"><span class=\"published\">2026. 02. 08.<\/span><\/p>                            <div class=\"post-content\"><p>Wir erwarten auch im Jahr 2026 alle zu den ereignis- und erlebnisreichen Veranstaltungen des Landesrates! Leben wir...<\/p>\n<\/div>                            <div class=\"dg_read_more_wrapper\"><a class=\"read-more\" href=\"https:\/\/landesrat.hu\/de\/landeskalender-2026-treffpunkte-fuer-die-ungarndeutschen\/\" ><span>Weiter<\/span><\/a><\/div>                            \r\n                        <\/div>\r\n                                    <\/article>\r\n                                <article id=\"post-19448\" class=\"dgbm_post_item v2 post-19448 post type-post status-publish format-standard has-post-thumbnail hentry category-chor-nachrichten category-kirchenmusik-nachrichten category-landesrat-nachrichten\" >\r\n                                                                <div class=\"content-wrapper\">\r\n                                                        <h2 class=\"dg_bm_title\"><a href=\"https:\/\/landesrat.hu\/de\/27-kirchenmusik-badeseck-2025\/\">27. Kirchenmusik &#8211; Badeseck 2025<\/a><\/h2>                            <p class=\"post-meta post-meta-position-default\"><span class=\"published\">2025. 10. 30.<\/span><\/p>                            <div class=\"post-content\"><p>In einer wundersch\u00f6nen Umgebung, in der knapp 6000 Einwohner z\u00e4hlenden Gemeinde Badeseck im Komitat Tolnau,...<\/p>\n<\/div>                            <div class=\"dg_read_more_wrapper\"><a class=\"read-more\" href=\"https:\/\/landesrat.hu\/de\/27-kirchenmusik-badeseck-2025\/\" ><span>Weiter<\/span><\/a><\/div>                            \r\n                        <\/div>\r\n                                    <\/article>\r\n                                <article id=\"post-19293\" class=\"dgbm_post_item v2 post-19293 post type-post status-publish format-standard has-post-thumbnail hentry category-chor-nachrichten category-kirchenmusik-nachrichten category-landesrat-nachrichten\" >\r\n                                                                <div class=\"content-wrapper\">\r\n                                                        <h2 class=\"dg_bm_title\"><a href=\"https:\/\/landesrat.hu\/de\/wir-bereiten-uns-auf-ein-erhebendes-ereignis-das-fest-der-ungarndeutschen-kirchenmusikfest\/\">Wir bereiten uns auf ein erhebendes Ereignis, das Fest der ungarndeutschen Kirchenmusikfest!<\/a><\/h2>                            <p class=\"post-meta post-meta-position-default\"><span class=\"published\">2025. 10. 17.<\/span><\/p>                            <div class=\"post-content\"><p>Diesen Samstag k\u00f6nnen wir uns in der r\u00f6misch-katholischen Kirche in Badeseck beim Fest der ungarndeutschen...<\/p>\n<\/div>                            <div class=\"dg_read_more_wrapper\"><a class=\"read-more\" href=\"https:\/\/landesrat.hu\/de\/wir-bereiten-uns-auf-ein-erhebendes-ereignis-das-fest-der-ungarndeutschen-kirchenmusikfest\/\" ><span>Weiter<\/span><\/a><\/div>                            \r\n                        <\/div>\r\n                                    <\/article>\r\n                                <article id=\"post-18823\" class=\"dgbm_post_item v2 post-18823 post type-post status-publish format-standard has-post-thumbnail hentry category-chor-fortbildungen category-chor-nachrichten category-kirchenmusik-fortbildungen category-kirchenmusik-nachrichten category-landesrat-nachrichten\" >\r\n                                                                <div class=\"content-wrapper\">\r\n                                                        <h2 class=\"dg_bm_title\"><a href=\"https:\/\/landesrat.hu\/de\/12-singwoche-alte-melodien-erklangen-in-malerischer-umgebung-in-der-burg-von-petschwar\/\">12. Singwoche \u2013 alte Melodien erklangen in malerischer Umgebung, in der Burg von Petschwar<\/a><\/h2>                            <p class=\"post-meta post-meta-position-default\"><span class=\"published\">2025. 08. 29.<\/span><\/p>                            <div class=\"post-content\"><p>In diesem Jahr fand die Singwoche in der malerischen Umgebung der Burg von Petschwar statt. Die Teilnehmer kamen aus...<\/p>\n<\/div>                            <div class=\"dg_read_more_wrapper\"><a class=\"read-more\" href=\"https:\/\/landesrat.hu\/de\/12-singwoche-alte-melodien-erklangen-in-malerischer-umgebung-in-der-burg-von-petschwar\/\" ><span>Weiter<\/span><\/a><\/div>                            \r\n                        <\/div>\r\n                                    <\/article>\r\n                                <article id=\"post-18208\" class=\"dgbm_post_item v2 post-18208 post type-post status-publish format-standard has-post-thumbnail hentry category-chor-fortbildungen category-chor-nachrichten category-landesrat-nachrichten\" >\r\n                                                                <div class=\"content-wrapper\">\r\n                                                        <h2 class=\"dg_bm_title\"><a href=\"https:\/\/landesrat.hu\/de\/singwoche-abschlusskonzert-petschwarer-burg\/\">Singwoche &#8211; Abschlusskonzert &#8211; Petschwarer Burg<\/a><\/h2>                            <p class=\"post-meta post-meta-position-default\"><span class=\"published\">2025. 07. 07.<\/span><\/p>                            <div class=\"post-content\"><p>Die Leiter und Teilnehmer der Singwoche, einer professionellen Woche f\u00fcr Gesang und Musik und eines Seminars f\u00fcr...<\/p>\n<\/div>                            <div class=\"dg_read_more_wrapper\"><a class=\"read-more\" href=\"https:\/\/landesrat.hu\/de\/singwoche-abschlusskonzert-petschwarer-burg\/\" ><span>Weiter<\/span><\/a><\/div>                            \r\n                        <\/div>\r\n                                    <\/article>\r\n                                <article id=\"post-17973\" class=\"dgbm_post_item v2 post-17973 post type-post status-publish format-standard has-post-thumbnail hentry category-chor-nachrichten category-chor-veranstaltungen category-kirchenmusik-nachrichten category-kirchenmusik-veranstaltungen category-landesrat-nachrichten\" >\r\n                                                                <div class=\"content-wrapper\">\r\n                                                        <h2 class=\"dg_bm_title\"><a href=\"https:\/\/landesrat.hu\/de\/27-kirchenmusikfest-anmeldungfrist-30-juni\/\">27. Kirchenmusikfest &#8211; Anmeldungfrist: 30. Juni<\/a><\/h2>                            <p class=\"post-meta post-meta-position-default\"><span class=\"published\">2025. 06. 14.<\/span><\/p>                            <div class=\"post-content\"><p>Die Kirchenmusiksektion des Landesrates unterst\u00fctzt die Belebung des deutschsprachigen Glaubenslebens, die Bewahrung...<\/p>\n<\/div>                            <div class=\"dg_read_more_wrapper\"><a class=\"read-more\" href=\"https:\/\/landesrat.hu\/de\/27-kirchenmusikfest-anmeldungfrist-30-juni\/\" ><span>Weiter<\/span><\/a><\/div>                            \r\n                        <\/div>\r\n                                    <\/article>\r\n                                <article id=\"post-17763\" class=\"dgbm_post_item v2 post-17763 post type-post status-publish format-standard has-post-thumbnail hentry category-chor-nachrichten category-kapellen-nachrichten category-kirchenmusik-nachrichten category-landesrat-nachrichten\" >\r\n                                                                <div class=\"content-wrapper\">\r\n                                                        <h2 class=\"dg_bm_title\"><a href=\"https:\/\/landesrat.hu\/de\/landesrat-fortbildungen-neue-terminen\/\">Landesrat Fortbildungen &#8211; neue Terminen!<\/a><\/h2>                            <p class=\"post-meta post-meta-position-default\"><span class=\"published\">2025. 03. 19.<\/span><\/p>                            <div class=\"post-content\"><p>Wir informieren Interessierte, dass unsere Fr\u00fchjahrsschulungen zu neuen Terminen stattfinden. 5 Oktober, S\u00f3sk\u00fat \u2013...<\/p>\n<\/div>                            <div class=\"dg_read_more_wrapper\"><a class=\"read-more\" href=\"https:\/\/landesrat.hu\/de\/landesrat-fortbildungen-neue-terminen\/\" ><span>Weiter<\/span><\/a><\/div>                            \r\n                        <\/div>\r\n                                    <\/article>\r\n                                <article id=\"post-17313\" class=\"dgbm_post_item v2 post-17313 post type-post status-publish format-standard has-post-thumbnail hentry category-chor-nachrichten category-kapellen-nachrichten category-kirchenmusik-nachrichten category-landesrat-nachrichten\" >\r\n                                                                <div class=\"content-wrapper\">\r\n                                                        <h2 class=\"dg_bm_title\"><a href=\"https:\/\/landesrat.hu\/de\/inspirierende-fortbildungen-des-landesrates-im-fruehjahr\/\">Inspirierende Fortbildungen des Landesrates im Fr\u00fchjahr<\/a><\/h2>                            <p class=\"post-meta post-meta-position-default\"><span class=\"published\">2025. 03. 06.<\/span><\/p>                            <div class=\"post-content\"><p>Neues Jahr, neue Ziele! Der Januar neigt sich langsam dem Ende zu, und man denkt dar\u00fcber nach, sich ein paar Ziele f\u00fcr...<\/p>\n<\/div>                            <div class=\"dg_read_more_wrapper\"><a class=\"read-more\" href=\"https:\/\/landesrat.hu\/de\/inspirierende-fortbildungen-des-landesrates-im-fruehjahr\/\" ><span>Weiter<\/span><\/a><\/div>                            \r\n                        <\/div>\r\n                                    <\/article>\r\n                                <article id=\"post-16675\" class=\"dgbm_post_item v2 post-16675 post type-post status-publish format-standard has-post-thumbnail hentry category-chor-nachrichten category-chor-veranstaltungen category-landesrat-nachrichten\" >\r\n                                                                <div class=\"content-wrapper\">\r\n                                                        <h2 class=\"dg_bm_title\"><a href=\"https:\/\/landesrat.hu\/de\/ein-festival-mit-den-besten-ungarndeutschen-choeren\/\">Ein Festival mit den besten ungarndeutschen Ch\u00f6ren!<\/a><\/h2>                            <p class=\"post-meta post-meta-position-default\"><span class=\"published\">2024. 11. 17.<\/span><\/p>                            <div class=\"post-content\"><p>Es war ein berauschendes Gef\u00fchl, die besten deutschen Nationalit\u00e4tench\u00f6re Ungarns am 9. November auf dem Chortreffen...<\/p>\n<\/div>                            <div class=\"dg_read_more_wrapper\"><a class=\"read-more\" href=\"https:\/\/landesrat.hu\/de\/ein-festival-mit-den-besten-ungarndeutschen-choeren\/\" ><span>Weiter<\/span><\/a><\/div>                            \r\n                        <\/div>\r\n                                    <\/article>\r\n                                <article id=\"post-15976\" class=\"dgbm_post_item v2 post-15976 post type-post status-publish format-standard has-post-thumbnail hentry category-chor-nachrichten category-landesrat-nachrichten\" >\r\n                                                                <div class=\"content-wrapper\">\r\n                                                        <h2 class=\"dg_bm_title\"><a href=\"https:\/\/landesrat.hu\/de\/ein-grosses-fest-des-gesangs-und-der-musik-erwartet-uns-am-9-november-in-wetschesch\/\">Ein gro\u00dfes Fest des Gesangs und der Musik erwartet uns am 9. November in Wetschesch!<\/a><\/h2>                            <p class=\"post-meta post-meta-position-default\"><span class=\"published\">2024. 10. 31.<\/span><\/p>                            <div class=\"post-content\"><p>Die Auftritte der Ch\u00f6re, die bei den regionalen Chorwettbewerben im Fr\u00fchjahr die zehn h\u00f6chsten Punktzahlen erreicht...<\/p>\n<\/div>                            <div class=\"dg_read_more_wrapper\"><a class=\"read-more\" href=\"https:\/\/landesrat.hu\/de\/ein-grosses-fest-des-gesangs-und-der-musik-erwartet-uns-am-9-november-in-wetschesch\/\" ><span>Weiter<\/span><\/a><\/div>                            \r\n                        <\/div>\r\n                                    <\/article>\r\n                 \r\n\t\t\t\t\t\t\t\t<\/div>\r\n\t\t\t\t\t\t\t<\/div>\r\n                        <\/div>\n\t\t\t\t<\/div>\n\t\t\t<\/div><\/p>\n","protected":false},"author":1,"featured_media":0,"parent":0,"menu_order":0,"comment_status":"closed","ping_status":"closed","template":"","meta":{"_et_pb_use_builder":"on","_et_pb_old_content":"","_et_gb_content_width":"","inline_featured_image":false,"footnotes":""},"_links":{"self":[{"href":"https:\/\/landesrat.hu\/de\/wp-json\/wp\/v2\/pages\/5547"}],"collection":[{"href":"https:\/\/landesrat.hu\/de\/wp-json\/wp\/v2\/pages"}],"about":[{"href":"https:\/\/landesrat.hu\/de\/wp-json\/wp\/v2\/types\/page"}],"author":[{"embeddable":true,"href":"https:\/\/landesrat.hu\/de\/wp-json\/wp\/v2\/users\/1"}],"replies":[{"embeddable":true,"href":"https:\/\/landesrat.hu\/de\/wp-json\/wp\/v2\/comments?post=5547"}],"version-history":[{"count":3,"href":"https:\/\/landesrat.hu\/de\/wp-json\/wp\/v2\/pages\/5547\/revisions"}],"predecessor-version":[{"id":6496,"href":"https:\/\/landesrat.hu\/de\/wp-json\/wp\/v2\/pages\/5547\/revisions\/6496"}],"wp:attachment":[{"href":"https:\/\/landesrat.hu\/de\/wp-json\/wp\/v2\/media?parent=5547"}],"curies":[{"name":"wp","href":"https:\/\/api.w.org\/{rel}","templated":true}]}}