{"id":5541,"date":"2021-07-16T19:17:08","date_gmt":"2021-07-16T17:17:08","guid":{"rendered":"https:\/\/landesrat.hu\/chorsektion\/"},"modified":"2025-03-06T14:36:29","modified_gmt":"2025-03-06T13:36:29","slug":"chorsektion","status":"publish","type":"page","link":"https:\/\/landesrat.hu\/de\/chorsektion\/","title":{"rendered":"Chorsektion"},"content":{"rendered":"<p>[et_pb_section fb_built=&#8221;1&#8243; _builder_version=&#8221;4.16&#8243; _module_preset=&#8221;default&#8221; background_color=&#8221;RGBA(0,0,0,0)&#8221; background_enable_image=&#8221;off&#8221; custom_margin=&#8221;0px||0px||false|false&#8221; custom_padding=&#8221;0px||0px||false|false&#8221; global_colors_info=&#8221;{}&#8221; theme_builder_area=&#8221;post_content&#8221;][et_pb_row use_custom_gutter=&#8221;on&#8221; gutter_width=&#8221;2&#8243; module_id=&#8221;enek-tartalom&#8221; _builder_version=&#8221;4.16&#8243; _module_preset=&#8221;default&#8221; background_color=&#8221;RGBA(0,0,0,0)&#8221; width=&#8221;100%&#8221; custom_margin=&#8221;|auto|7px|auto||&#8221; custom_padding=&#8221;0px||0px||false|false&#8221; global_colors_info=&#8221;{}&#8221; theme_builder_area=&#8221;post_content&#8221;][et_pb_column type=&#8221;4_4&#8243; _builder_version=&#8221;4.16&#8243; _module_preset=&#8221;default&#8221; background_color=&#8221;RGBA(0,0,0,0)&#8221; border_radii=&#8221;on|10px|10px|10px|10px&#8221; global_colors_info=&#8221;{}&#8221; theme_builder_area=&#8221;post_content&#8221;][et_pb_tabs active_tab_background_color=&#8221;#FCF7EB&#8221; inactive_tab_background_color=&#8221;rgba(252,247,235,0)&#8221; active_tab_text_color=&#8221;#003978&#8243; _builder_version=&#8221;4.17.6&#8243; _module_preset=&#8221;default&#8221; tab_text_color=&#8221;#4D9859&#8243; background_color=&#8221;#FCF7EB&#8221; custom_padding=&#8221;||0px|||&#8221; hover_enabled=&#8221;0&#8243; custom_css_tabs_controls=&#8221;background: rgba(0,0,0,0);||border: none !important;&#8221; custom_css_tab=&#8221;border: none !important;&#8221; border_width_all=&#8221;0px&#8221; global_colors_info=&#8221;{}&#8221; theme_builder_area=&#8221;post_content&#8221; sticky_enabled=&#8221;0&#8243;][et_pb_tab title=&#8221;\u00dcber Uns&#8221; _builder_version=&#8221;4.16&#8243; _module_preset=&#8221;default&#8221; global_colors_info=&#8221;{}&#8221; theme_builder_area=&#8221;post_content&#8221;]<\/p>\n<p>Unsere wichtigste Zielsetzung ist die Pflege der ungarndeutschen Gesangtraditionen, <strong>die Bewahrung und Weitergabe des authentischen deutschen Volksliedes, der Volks- sowie Kirchenmusik als Kulturschatz.<\/strong><\/p>\n<p>Das Erleben der heimischen deutschen Identit\u00e4t f\u00f6rdert sehr stark, dass es in Ungarn nahezu keine Ortschaft mit deutschen Wurzeln gibt, in der es nicht mindestens ein Amateurchor g\u00e4be. Diese Gruppen tragen durch das Vortragen von weltlichen und kirchlichen Liedern auch auf Landesebene zum gemeinschaftlichen Erleben der Traditionen bei.<\/p>\n<p>Die Chorsektion engagiert sich f\u00fcr die F\u00f6rderung der fachlichen und gemeinschaftsbildenden T\u00e4tigkeit der Ch\u00f6re. <strong>Sie betreut sowohl die Erwachsenen- als auch die Kinderch\u00f6re in deren Entwicklung.<\/p>\n<p><\/strong><\/p>\n<h3><strong><br \/>Chorqualifikationssystem<\/strong><\/h3>\n<p>Der Landesrat entwickelte nach heimischen und internationalen Mustern ein <strong>Qualifizierungssystem<\/strong>, das die Ch\u00f6re bzw. die Chorleiter zur wertschaffenden und niveauvollen Arbeit motiviert. Es finden <strong>jedes Jahr, in dreij\u00e4hriger Rotation, Landesfestivals f\u00fcr die einzelnen Sektionen<\/strong> &#8211; so f\u00fcr Erwachsenen- als auch Kindergruppen &#8211; statt.<\/p>\n<h3>\u00a0<\/h3>\n<h3>\n<p><strong>Landeschorfestival<\/strong><\/h3>\n<p><strong>Das Landesfestival der ungarndeutschen Ch\u00f6re<\/strong> ist ein wichtiges Ereignis der Chorsektion, das getrennt sowohl f\u00fcr Erwachsenen- als auch f\u00fcr Jugendch\u00f6re veranstaltet wird.<\/p>\n<p>Den Festivals vorangehend messen sich die Ch\u00f6re im Rahmen eines landesweiten Qualifikationswettbewerbs. Die Gruppen, die die Qualifikation Gold erreichen, erhalten als Anerkennung die M\u00f6glichkeit, ihr K\u00f6nnen im Galaprogramm des Festivals zu zeigen.\u00a0<\/p>\n<p>Diese gro\u00dfangelegte Veranstaltung bietet einen ad\u00ad\u00e4quaten Rahmen f\u00fcr die W\u00fcrdigung herausragender Pers\u00f6nlichkeiten, die durch das Sammeln, die Bewahrung und Verewigung des ungarndeutschen Musikschatzes Bleibendes schufen. <strong>Die allverehrten Vorbilder der Gemeinschaft werden mit dem Stefan-Kerner-Preis gew\u00fcrdigt.<\/strong><\/p>\n<p>[\/et_pb_tab][et_pb_tab title=&#8221;W\u00fcrdentr\u00e4ger&#8221; _builder_version=&#8221;4.16&#8243; _module_preset=&#8221;default&#8221; global_colors_info=&#8221;{}&#8221; theme_builder_area=&#8221;post_content&#8221;]<\/p>\n<div class=\"divi-module-destination\"><\/div>\n<p>[\/et_pb_tab][et_pb_tab title=&#8221;Preistr\u00e4ger&#8221; _builder_version=&#8221;4.17.6&#8243; _module_preset=&#8221;default&#8221; hover_enabled=&#8221;0&#8243; global_colors_info=&#8221;{}&#8221; theme_builder_area=&#8221;post_content&#8221; sticky_enabled=&#8221;0&#8243;]<\/p>\n<h2><b> Stefan-Kerner-Preis<\/b><\/h2>\n<p>Eine Gemeinschaft braucht Vorbilder, solche Pers\u00f6nlichkeiten, die mit ihren beispielhaften Leben und Handeln all die grundlegenden Werte in sich tragen, zu denen sich die Gemeinschaft als ihr eigenes bekennt.<\/p>\n<p>Der Landesrat der ungarndeutschen Ch\u00f6re, Kapellen und Tanzgruppen gr\u00fcndete einen Preis mit dem Ziel, die angesehenen Pers\u00f6nlichkeiten der Gemeinschaft zu ehren, die <strong>Herausragendes und Bleibendes mit dem Sammeln, der Bewahrung und Weitergabe des ungarndeutschen Musikschatzes <\/strong>schufen. Die feierliche \u00dcbergabe der Auszeichnung erfolgt im Rahmen des Landesfestivals der ungarndeutschen Ch\u00f6re.<\/p>\n<p><b><img loading=\"lazy\" decoding=\"async\" class=\"wp-image-1511 alignright size-medium\" style=\"padding-top: 25px;\" src=\"https:\/\/landesrat.hu\/wp-content\/uploads\/2021\/02\/Stefan-Kerner-Dij-160x300.jpg\" alt=\"\" width=\"160\" height=\"300\" srcset=\"https:\/\/landesrat.hu\/wp-content\/uploads\/2021\/02\/Stefan-Kerner-Dij-160x300.jpg 160w, https:\/\/landesrat.hu\/wp-content\/uploads\/2021\/02\/Stefan-Kerner-Dij.jpg 309w\" sizes=\"(max-width: 160px) 100vw, 160px\" \/><\/b><\/p>\n<p>Der Preis wurde nach dem in M\u00e1riak\u00e9m\u00e9nd\/Kemend geborenen Kapellmeister Stefan Kerner (1867-1929) benannt. Er trat in den musikalischen Fu\u00dfstapfen der Familie Erkel. Als einer der besten Dirigenten wurde er der Direktor der Oper. Er gilt als ein hervorragender Interpret Mozarts, Beethovens und Wagners Werke.<\/p>\n<p>Der Stefan-Kerner-Preis ist eine Silberplakette, auf der das Portr\u00e4t des K\u00fcnstlers mit folgender Inschrift zu lesen ist:<\/p>\n<p>\u201eStefan Kerner, Direktor der Budapester Oper, M\u00e1riak\u00e9m\u00e9nd 1867, Budapest 1919\u201c<\/p>\n<p>&nbsp;<\/p>\n<div class=\"divi-module-destination2\">\n<h3><b>Die Preistr\u00e4gerinnen und Preistr\u00e4ger der Chorsektion:<\/b><\/h3>\n<p><strong>2024<br \/><\/strong>K\u00e9ry Mih\u00e1ly \/ Budapest<br \/>K\u00e9ryn\u00e9 M\u00e9sz\u00e1ros M\u00e1ria \/ Budapest<br \/>Ilona Marquetant-Wagner \/ Wieselburg-Ungarisch Altenburg <br \/>Sax Norbert \/ Werischwar<\/p>\n<p><strong>2019<\/strong><strong><br \/><\/strong>Josef Emmert \/ V\u00e9m\u00e9nd\u30fbWemend<br \/>Kl\u00e1ra Dr. M\u00e1rkus-Natter N\u00e1d \/ Budapest<\/p>\n<p><strong>2016<\/strong><strong><br \/><\/strong>J\u00f3zsef Bauernhuber \/ Herend<br \/>Ilona Piller-F\u00f3di \/ Ganna<br \/>Zsuzsanna Dr. Nagy-Szab\u00f3 \/ Budapest, 18. Bezirk<br \/>M\u00e1rta Moln\u00e1r \/ Szeksz\u00e1rd\u30fbSeksard<br \/>Lajos Holczinger \/ Mosonmagyar\u00f3v\u00e1r\u30fbWieselburg-Ungarisch-Altenburg<\/p>\n<p><strong>2013<\/strong><strong><br \/><\/strong>Hajnalka Pfeifer-Tak\u00e1cs \/ V\u00e1rosl\u0151d\u30fb Waschludt<br \/>M\u00f3nika Fazekas-Gomb\u00e1r \/ Vecs\u00e9s\u30fbWetschesch<br \/>Krisztina Kov\u00e1cs-F\u00f3di \/ Dorog\u30fbDaurog<\/p>\n<p><strong>2010<\/strong><strong><br \/><\/strong>Istv\u00e1nn\u00e9 Cs\u00e1ky \/ Rendek \u30fbLiebing<br \/>K\u00e1rolyn\u00e9 Mayer \/ Nagytevel\u30fbDeutschtewel<br \/>Magdalena Marlok-Cservenyi \/ Solym\u00e1r\u30fbSchaumar<br \/>Das Ehepaar Jakob und Ilona Roth \/\u00a0 Soroks\u00e1r\u30fbSchorokschar<br \/>J\u00e1nos Jekl \/ Palotabozsok\u30fbBoschok<\/p>\n<p><strong>2007<\/strong><strong><br \/><\/strong>Ferenc Kreisz \/ Taksony\u30fbTaks<br \/>Theresia R\u00f3nai \/ Cik\u00f3\u30fb Ziko<br \/>Theresia Mayer \/ Csolnok\u30fbTscholnok<br \/>Theresia Nagy-Starcz \/ Budakeszi\u30fb Wudige\u00df<br \/>Franz Neubrandt und Piroska Neubrandt \/ Pilisszentiv\u00e1n\u30fbSanktiwan bei Ofen<\/p>\n<p><strong>2004<\/strong><strong><br \/><\/strong>M\u00e1ria und Ferenc Bogn\u00e1r \/ Kisl\u0151d\u30fbKischludt<br \/>J\u00e1nos F\u00f3di \/ Csolnok\u30fbTscholnok<br \/>Martin Rittlinger \/ Palotabozsok\u30fbBoschok<br \/>Ferenc R\u00f3zsa \/ N\u00e9metk\u00e9r\u30fbKier<br \/>Tibor N\u00e9meth \/ Nagym\u00e1nyok\u30fbGro\u00dfmanok<\/p>\n<p><strong>2001<\/strong><strong><br \/><\/strong>Angyalka S\u00e1rk\u00e1ny-Kohlrusz \/ \u00dark\u00fat\u30fbUrkut<br \/>Ilona Benk\u0151-Schell \/ D\u00f6br\u00f6nte\u30fbDewerenten<br \/>Edit Unger \/ R\u00e1baf\u00fczes\u30fbRaabfidisch<br \/>M\u00e4nnertrio aus Sawer<br \/>M\u00e1ty\u00e1s Varga \/ Fels\u0151galla\u30fbObergalla<\/p>\n<p><strong>1998<\/strong><strong><br \/><\/strong>Margit Kelemen \/ Solym\u00e1r\u30fbSchaumar<br \/>M\u00e1ty\u00e1s Szak\u00e1l \/ Buda\u00f6rs\u30fbWudersch<br \/>Peter Rudolf \/ Budapest<br \/>Lajos T\u00f3v\u00e1ri \/ V\u00e1rosl\u0151d\u30fb Waschludt<br \/>Deutscher Nationalit\u00e4tenchor \/ Palotabozsok\u30fbBoschok<\/p>\n<\/div>\n<p>[\/et_pb_tab][\/et_pb_tabs][dgbm_blog_module type=&#8221;3&#8243; include_categories=&#8221;38&#8243; use_post_excerpt=&#8221;on&#8221; show_categories=&#8221;off&#8221; show_author=&#8221;off&#8221; show_date=&#8221;off&#8221; show_pagination=&#8221;off&#8221; item_in_desktop=&#8221;2&#8243; image_size=&#8221;default_image&#8221; container_margin=&#8221;||0px||false|false&#8221; container_padding=&#8221;||0px||false|false&#8221; article_margin=&#8221;||||false|false&#8221; content_padding=&#8221;10px|10px|10px|10px|false|false&#8221; module_class=&#8221;divi-portable-module&#8221; _builder_version=&#8221;4.16&#8243; _module_preset=&#8221;default&#8221; title_text_color=&#8221;#003978&#8243; title_font_size=&#8221;22px&#8221; meta_text_color=&#8221;#4D9859&#8243; content_text_color=&#8221;#666666&#8243; border_radii_post_item=&#8221;on|10px|10px|10px|10px&#8221; box_shadow_style_container=&#8221;preset2&#8243; global_colors_info=&#8221;{}&#8221; theme_builder_area=&#8221;post_content&#8221;][\/dgbm_blog_module][et_pb_code _builder_version=&#8221;4.16&#8243; _module_preset=&#8221;default&#8221; global_colors_info=&#8221;{}&#8221; theme_builder_area=&#8221;post_content&#8221;]<script><!-- [et_pb_line_break_holder] -->(function ($) {<!-- [et_pb_line_break_holder] -->  $(document).ready(function () {<!-- [et_pb_line_break_holder] --> <!-- [et_pb_line_break_holder] -->    \/\/ Option #1: Move Divi Module(s) into a Module<!-- [et_pb_line_break_holder] -->    \/\/ Limit: One Instance per Column<!-- [et_pb_line_break_holder] -->    \/\/ Use following code if you want to move <!-- [et_pb_line_break_holder] -->    \/\/ a module inside another module. Each column with the<!-- [et_pb_line_break_holder] -->    \/\/ class 'parent-column' will append any module(s)<!-- [et_pb_line_break_holder] -->    \/\/ with the class 'divi-portable-module' to the div<!-- [et_pb_line_break_holder] -->    \/\/ with the class 'divi-module-destination'.<!-- [et_pb_line_break_holder] -->    \/\/ Only one instance of 'divi-module-destination' should<!-- [et_pb_line_break_holder] -->    \/\/ be added per column.<!-- [et_pb_line_break_holder] -->    $('.divi-portable-module').each(function () {<!-- [et_pb_line_break_holder] -->      $(this).closest('.parent-column').find('.divi-module-destination').append($(this));<!-- [et_pb_line_break_holder] -->    });<!-- [et_pb_line_break_holder] -->     <!-- [et_pb_line_break_holder] -->    \/\/ Buttons: Insert Button Module(s) into a Module<!-- [et_pb_line_break_holder] -->    \/\/ Adding a custom CSS class to a button module<!-- [et_pb_line_break_holder] -->    \/\/ is applied to the 'a' tag which is a child element<!-- [et_pb_line_break_holder] -->    \/\/ of the module wrapper. This code makes sure to append<!-- [et_pb_line_break_holder] -->    \/\/ the entire button module wrapper (the parent element)<!-- [et_pb_line_break_holder] -->    \/\/ as well. This functionality is the same as option #3 above.<!-- [et_pb_line_break_holder] -->    \/\/ Siimply use the class 'divi-portable-button' on a button module<!-- [et_pb_line_break_holder] -->    \/\/ instead of 'divi-portable-module'.<!-- [et_pb_line_break_holder] -->    $('.divi-portable-button').parent().each(function () {<!-- [et_pb_line_break_holder] -->      $(this).closest('.parent-column').find('.divi-module-destination').append($(this));<!-- [et_pb_line_break_holder] -->    });<!-- [et_pb_line_break_holder] --> <!-- [et_pb_line_break_holder] -->    \/\/ Option #2: Move Divi Row(s) into a Module<!-- [et_pb_line_break_holder] -->    \/\/ Limit: One Instance per Section<!-- [et_pb_line_break_holder] -->    \/\/ Use the following code if you want to move <!-- [et_pb_line_break_holder] -->    \/\/ a row inside a module on more than one section<!-- [et_pb_line_break_holder] -->    \/\/ of a page. Each section with the<!-- [et_pb_line_break_holder] -->    \/\/ class 'parent-section' will append any row(s)<!-- [et_pb_line_break_holder] -->    \/\/ with the class 'divi-portable-row' to the div<!-- [et_pb_line_break_holder] -->    \/\/ with the class 'divi-row-destination'.<!-- [et_pb_line_break_holder] -->    \/\/ Only one instance of 'divi-row-destination' should<!-- [et_pb_line_break_holder] -->    \/\/ be added per section.<!-- [et_pb_line_break_holder] -->    $('.divi-portable-row').each(function () {<!-- [et_pb_line_break_holder] -->      $(this).closest('.parent-section').find('.divi-row-destination').append($(this));<!-- [et_pb_line_break_holder] -->    });<!-- [et_pb_line_break_holder] --> <!-- [et_pb_line_break_holder] -->  });<!-- [et_pb_line_break_holder] -->})(jQuery);<!-- [et_pb_line_break_holder] --><\/script><!-- [et_pb_line_break_holder] --><!-- [et_pb_line_break_holder] --><script><!-- [et_pb_line_break_holder] -->(function ($) {<!-- [et_pb_line_break_holder] -->  $(document).ready(function () {<!-- [et_pb_line_break_holder] --> <!-- [et_pb_line_break_holder] -->    \/\/ Option #1: Move Divi Module(s) into a Module<!-- [et_pb_line_break_holder] -->    \/\/ Limit: One Instance per Column<!-- [et_pb_line_break_holder] -->    \/\/ Use following code if you want to move <!-- [et_pb_line_break_holder] -->    \/\/ a module inside another module. Each column with the<!-- [et_pb_line_break_holder] -->    \/\/ class 'parent-column' will append any module(s)<!-- [et_pb_line_break_holder] -->    \/\/ with the class 'divi-portable-module' to the div<!-- [et_pb_line_break_holder] -->    \/\/ with the class 'divi-module-destination'.<!-- [et_pb_line_break_holder] -->    \/\/ Only one instance of 'divi-module-destination' should<!-- [et_pb_line_break_holder] -->    \/\/ be added per column.<!-- [et_pb_line_break_holder] -->    $('.divi-portable-module2').each(function () {<!-- [et_pb_line_break_holder] -->      $(this).closest('.parent-column').find('.divi-module-destination2').append($(this));<!-- [et_pb_line_break_holder] -->    });<!-- [et_pb_line_break_holder] -->     <!-- [et_pb_line_break_holder] -->    \/\/ Buttons: Insert Button Module(s) into a Module<!-- [et_pb_line_break_holder] -->    \/\/ Adding a custom CSS class to a button module<!-- [et_pb_line_break_holder] -->    \/\/ is applied to the 'a' tag which is a child element<!-- [et_pb_line_break_holder] -->    \/\/ of the module wrapper. This code makes sure to append<!-- [et_pb_line_break_holder] -->    \/\/ the entire button module wrapper (the parent element)<!-- [et_pb_line_break_holder] -->    \/\/ as well. This functionality is the same as option #3 above.<!-- [et_pb_line_break_holder] -->    \/\/ Siimply use the class 'divi-portable-button' on a button module<!-- [et_pb_line_break_holder] -->    \/\/ instead of 'divi-portable-module'.<!-- [et_pb_line_break_holder] -->    $('.divi-portable-button2').parent().each(function () {<!-- [et_pb_line_break_holder] -->      $(this).closest('.parent-column').find('.divi-module-destination2').append($(this));<!-- [et_pb_line_break_holder] -->    });<!-- [et_pb_line_break_holder] --> <!-- [et_pb_line_break_holder] -->    \/\/ Option #2: Move Divi Row(s) into a Module<!-- [et_pb_line_break_holder] -->    \/\/ Limit: One Instance per Section<!-- [et_pb_line_break_holder] -->    \/\/ Use the following code if you want to move <!-- [et_pb_line_break_holder] -->    \/\/ a row inside a module on more than one section<!-- [et_pb_line_break_holder] -->    \/\/ of a page. Each section with the<!-- [et_pb_line_break_holder] -->    \/\/ class 'parent-section' will append any row(s)<!-- [et_pb_line_break_holder] -->    \/\/ with the class 'divi-portable-row' to the div<!-- [et_pb_line_break_holder] -->    \/\/ with the class 'divi-row-destination'.<!-- [et_pb_line_break_holder] -->    \/\/ Only one instance of 'divi-row-destination' should<!-- [et_pb_line_break_holder] -->    \/\/ be added per section.<!-- [et_pb_line_break_holder] -->    $('.divi-portable-row2').each(function () {<!-- [et_pb_line_break_holder] -->      $(this).closest('.parent-section').find('.divi-row-destination2').append($(this));<!-- [et_pb_line_break_holder] -->    });<!-- [et_pb_line_break_holder] --> <!-- [et_pb_line_break_holder] -->  });<!-- [et_pb_line_break_holder] -->})(jQuery);<!-- [et_pb_line_break_holder] --><\/script>[\/et_pb_code][\/et_pb_column][\/et_pb_row][\/et_pb_section]<\/p>\n","protected":false},"excerpt":{"rendered":"<p>Unsere wichtigste Zielsetzung ist die Pflege der ungarndeutschen Gesangtraditionen, die Bewahrung und Weitergabe des authentischen deutschen Volksliedes, der Volks- sowie Kirchenmusik als Kulturschatz. Das Erleben der heimischen deutschen Identit\u00e4t f\u00f6rdert [&hellip;]<\/p>\n","protected":false},"author":1,"featured_media":0,"parent":0,"menu_order":0,"comment_status":"closed","ping_status":"closed","template":"","meta":{"_et_pb_use_builder":"on","_et_pb_old_content":"","_et_gb_content_width":"","inline_featured_image":false,"footnotes":""},"_links":{"self":[{"href":"https:\/\/landesrat.hu\/de\/wp-json\/wp\/v2\/pages\/5541"}],"collection":[{"href":"https:\/\/landesrat.hu\/de\/wp-json\/wp\/v2\/pages"}],"about":[{"href":"https:\/\/landesrat.hu\/de\/wp-json\/wp\/v2\/types\/page"}],"author":[{"embeddable":true,"href":"https:\/\/landesrat.hu\/de\/wp-json\/wp\/v2\/users\/1"}],"replies":[{"embeddable":true,"href":"https:\/\/landesrat.hu\/de\/wp-json\/wp\/v2\/comments?post=5541"}],"version-history":[{"count":27,"href":"https:\/\/landesrat.hu\/de\/wp-json\/wp\/v2\/pages\/5541\/revisions"}],"predecessor-version":[{"id":17424,"href":"https:\/\/landesrat.hu\/de\/wp-json\/wp\/v2\/pages\/5541\/revisions\/17424"}],"wp:attachment":[{"href":"https:\/\/landesrat.hu\/de\/wp-json\/wp\/v2\/media?parent=5541"}],"curies":[{"name":"wp","href":"https:\/\/api.w.org\/{rel}","templated":true}]}}