{"id":5065,"date":"2021-07-06T15:13:02","date_gmt":"2021-07-06T13:13:02","guid":{"rendered":"https:\/\/landesrat.hu\/egyhazzene-szekcio-de\/"},"modified":"2021-09-01T16:48:30","modified_gmt":"2021-09-01T14:48:30","slug":"egyhazzene-szekcio-de","status":"publish","type":"page","link":"https:\/\/landesrat.hu\/de\/egyhazzene-szekcio-de\/","title":{"rendered":"Kirchenmusiksektion"},"content":{"rendered":"<p>[et_pb_section fb_built=&#8221;1&#8243; _builder_version=&#8221;4.9.0&#8243; _module_preset=&#8221;default&#8221; background_color=&#8221;RGBA(0,0,0,0)&#8221; background_enable_image=&#8221;off&#8221; custom_margin=&#8221;0px||0px||false|false&#8221; custom_padding=&#8221;0px||0px||false|false&#8221;][et_pb_row use_custom_gutter=&#8221;on&#8221; gutter_width=&#8221;2&#8243; _builder_version=&#8221;4.9.0&#8243; _module_preset=&#8221;default&#8221; background_color=&#8221;RGBA(0,0,0,0)&#8221; width=&#8221;100%&#8221; custom_padding=&#8221;0px||||false|false&#8221;][et_pb_column type=&#8221;4_4&#8243; _builder_version=&#8221;4.9.0&#8243; _module_preset=&#8221;default&#8221; background_color=&#8221;RGBA(0,0,0,0)&#8221; border_radii=&#8221;on|10px|10px|10px|10px&#8221;][et_pb_tabs active_tab_background_color=&#8221;#FCF7EB&#8221; inactive_tab_background_color=&#8221;rgba(252,247,235,0)&#8221; active_tab_text_color=&#8221;#003978&#8243; _builder_version=&#8221;4.9.0&#8243; _module_preset=&#8221;default&#8221; tab_text_color=&#8221;#4D9859&#8243; background_color=&#8221;#FCF7EB&#8221; custom_css_tabs_controls=&#8221;background: rgba(0,0,0,0);||border: none !important;&#8221; custom_css_tab=&#8221;border: none !important;&#8221; border_width_all=&#8221;0px&#8221;][et_pb_tab title=&#8221;\u00dcber Uns&#8221; _builder_version=&#8221;4.9.0&#8243; _module_preset=&#8221;default&#8221;]<\/p>\n<h3><strong>\u201e<\/strong><strong>Wer singt, betet doppelt.<\/strong><strong>\u201d <\/strong><strong>\/Martin Luther\/<\/strong><\/h3>\n<p>Die in Ungarn lebenden Deutschen \u00fcberlebten die schwierigen historischen Zeiten\u00a0 mithilfe ihrer Muttersprache und ihres starken christlichen Glaubens. Es war ein grundlegendes Bed\u00fcrfnis und eine nat\u00fcrliche Alltagsbegebenheit, dass die Sprache des kirchlichen Lebens deutsch war und die Gl\u00e4ubigen die Messen in ihrer Muttersprache verfolgten. Dies kann heutzutage nur noch organisiert und als Ergebnis bewusster Bem\u00fchungen erfolgen.<\/p>\n<p>Es ist erfreulich zu sehen, dass die heranwachsenden Generationen ihre Traditionen und die Kultur aktiv pflegen, gleichzeitig ist es aber wahrnehmbar, dass die Aus\u00fcbung des Glaubenslebens lange Jahre nicht gen\u00fcgend Gewicht bekam.\u00a0<\/p>\n<p>Diesen Mangel erkannte und dessen nahm sich der Landesrat als landesweite Dachorganisation an: <strong>Er<\/strong> <strong>betrachtet das Wiederbeleben der deutschen Kirchenmusik <\/strong>sowie die<strong> Bewegung der deutschsprachigen Bev\u00f6lkerung zum aktiven Glaubensleben <\/strong>als seine grundlegende Aufgabe. Neben dem Ert\u00f6nen der kirchlichen Melodien ist es dem Landesrat wichtig, dass <strong>der Gebrauch der deutschen Muttersprache im kirchlichen Leben wieder an Raum gewinnt<\/strong>.<\/p>\n<p>Diese Ziele vor Augen haltend <strong>wurde 2006 auf die Initiative von Franz Neubrandt die Kirchenmusiksektion des Landesrates gegr\u00fcndet<\/strong>.<\/p>\n<p>Die wichtigsten Elemente der Bestrebungen der Sektion f\u00fcr die Pflege und Bewahrung der Kirchenmusik sind:<\/p>\n<p>&#8211; die Pflege und Bewahrung der Kirchenlieder und des musikalischen Kulturschatzes sind f\u00fcr sie Herzensangelegenheiten;<br \/>&#8211; die Sektion erforscht, sammelt und dokumentiert die religi\u00f6sen Volkslieder und motiviert die Ch\u00f6re das ebenfalls zu tun;<br \/>&#8211; sie sammelte und listete die in Ungarn ver\u00f6ffentlichten deutschsprachigen kirchlichen Publikationen;<br \/>&#8211; ihre Veranstaltungen bieten die M\u00f6glichkeit zum deutschsprachigen Glaubensleben.<\/p>\n<p>[\/et_pb_tab][et_pb_tab title=&#8221;W\u00fcrdentr\u00e4ger&#8221; _builder_version=&#8221;4.9.0&#8243; _module_preset=&#8221;default&#8221;]<\/p>\n<div class=\"divi-module-destination\"><\/div>\n<p>[\/et_pb_tab][\/et_pb_tabs][dgbm_blog_module type=&#8221;3&#8243; include_categories=&#8221;27&#8243; use_post_excerpt=&#8221;on&#8221; show_categories=&#8221;off&#8221; show_author=&#8221;off&#8221; show_date=&#8221;off&#8221; show_pagination=&#8221;off&#8221; item_in_desktop=&#8221;2&#8243; image_size=&#8221;default_image&#8221; content_padding=&#8221;10px|10px|10px|10px|false|false&#8221; module_class=&#8221;divi-portable-module&#8221; _builder_version=&#8221;4.9.10&#8243; _module_preset=&#8221;default&#8221; title_text_color=&#8221;#003978&#8243; title_font_size=&#8221;22px&#8221; meta_text_color=&#8221;#4D9859&#8243; content_text_color=&#8221;#666666&#8243; hover_enabled=&#8221;0&#8243; border_radii_post_item=&#8221;on|10px|10px|10px|10px&#8221; box_shadow_style_container=&#8221;preset2&#8243; orderby=&#8221;2&#8243; sticky_enabled=&#8221;0&#8243;][\/dgbm_blog_module][et_pb_code _builder_version=&#8221;4.9.0&#8243; _module_preset=&#8221;default&#8221;]<pee><script><!-- [et_pb_line_break_holder] -->(function ($) {<!-- [et_pb_line_break_holder] -->  $(document).ready(function () {<!-- [et_pb_line_break_holder] --><!-- [et_pb_line_break_holder] -->    \/\/ Option #1: Move Divi Module(s) into a Module<!-- [et_pb_line_break_holder] -->    \/\/ Limit: One Instance per Column<!-- [et_pb_line_break_holder] -->    \/\/ Use following code if you want to move <!-- [et_pb_line_break_holder] -->    \/\/ a module inside another module. Each column with the<!-- [et_pb_line_break_holder] -->    \/\/ class 'parent-column' will append any module(s)<!-- [et_pb_line_break_holder] -->    \/\/ with the class 'divi-portable-module' to the div<!-- [et_pb_line_break_holder] -->    \/\/ with the class 'divi-module-destination'.<!-- [et_pb_line_break_holder] -->    \/\/ Only one instance of 'divi-module-destination' should<!-- [et_pb_line_break_holder] -->    \/\/ be added per column.<!-- [et_pb_line_break_holder] -->    $('.divi-portable-module').each(function () {<!-- [et_pb_line_break_holder] -->      $(this).closest('.parent-column').find('.divi-module-destination').append($(this));<!-- [et_pb_line_break_holder] -->    });<!-- [et_pb_line_break_holder] --><!-- [et_pb_line_break_holder] -->    \/\/ Buttons: Insert Button Module(s) into a Module<!-- [et_pb_line_break_holder] -->    \/\/ Adding a custom CSS class to a button module<!-- [et_pb_line_break_holder] -->    \/\/ is applied to the 'a' tag which is a child element<!-- [et_pb_line_break_holder] -->    \/\/ of the module wrapper. This code makes sure to append<!-- [et_pb_line_break_holder] -->    \/\/ the entire button module wrapper (the parent element)<!-- [et_pb_line_break_holder] -->    \/\/ as well. This functionality is the same as option #3 above.<!-- [et_pb_line_break_holder] -->    \/\/ Siimply use the class 'divi-portable-button' on a button module<!-- [et_pb_line_break_holder] -->    \/\/ instead of 'divi-portable-module'.<!-- [et_pb_line_break_holder] -->    $('.divi-portable-button').parent().each(function () {<!-- [et_pb_line_break_holder] -->      $(this).closest('.parent-column').find('.divi-module-destination').append($(this));<!-- [et_pb_line_break_holder] -->    });<!-- [et_pb_line_break_holder] --><!-- [et_pb_line_break_holder] -->    \/\/ Option #2: Move Divi Row(s) into a Module<!-- [et_pb_line_break_holder] -->    \/\/ Limit: One Instance per Section<!-- [et_pb_line_break_holder] -->    \/\/ Use the following code if you want to move <!-- [et_pb_line_break_holder] -->    \/\/ a row inside a module on more than one section<!-- [et_pb_line_break_holder] -->    \/\/ of a page. Each section with the<!-- [et_pb_line_break_holder] -->    \/\/ class 'parent-section' will append any row(s)<!-- [et_pb_line_break_holder] -->    \/\/ with the class 'divi-portable-row' to the div<!-- [et_pb_line_break_holder] -->    \/\/ with the class 'divi-row-destination'.<!-- [et_pb_line_break_holder] -->    \/\/ Only one instance of 'divi-row-destination' should<!-- [et_pb_line_break_holder] -->    \/\/ be added per section.<!-- [et_pb_line_break_holder] -->    $('.divi-portable-row').each(function () {<!-- [et_pb_line_break_holder] -->      $(this).closest('.parent-section').find('.divi-row-destination').append($(this));<!-- [et_pb_line_break_holder] -->    });<!-- [et_pb_line_break_holder] --><!-- [et_pb_line_break_holder] -->  });<!-- [et_pb_line_break_holder] -->})(jQuery);<!-- [et_pb_line_break_holder] --><\/script><\/pee><!-- [et_pb_line_break_holder] --><!-- [et_pb_line_break_holder] --><!-- [et_pb_line_break_holder] --><!-- [et_pb_line_break_holder] --><pee><script><!-- [et_pb_line_break_holder] -->(function ($) {<!-- [et_pb_line_break_holder] -->  $(document).ready(function () {<!-- [et_pb_line_break_holder] --><!-- [et_pb_line_break_holder] -->    \/\/ Option #1: Move Divi Module(s) into a Module<!-- [et_pb_line_break_holder] -->    \/\/ Limit: One Instance per Column<!-- [et_pb_line_break_holder] -->    \/\/ Use following code if you want to move <!-- [et_pb_line_break_holder] -->    \/\/ a module inside another module. Each column with the<!-- [et_pb_line_break_holder] -->    \/\/ class 'parent-column' will append any module(s)<!-- [et_pb_line_break_holder] -->    \/\/ with the class 'divi-portable-module' to the div<!-- [et_pb_line_break_holder] -->    \/\/ with the class 'divi-module-destination'.<!-- [et_pb_line_break_holder] -->    \/\/ Only one instance of 'divi-module-destination' should<!-- [et_pb_line_break_holder] -->    \/\/ be added per column.<!-- [et_pb_line_break_holder] -->    $('.divi-portable-module2').each(function () {<!-- [et_pb_line_break_holder] -->      $(this).closest('.parent-column').find('.divi-module-destination2').append($(this));<!-- [et_pb_line_break_holder] -->    });<!-- [et_pb_line_break_holder] --><!-- [et_pb_line_break_holder] -->    \/\/ Buttons: Insert Button Module(s) into a Module<!-- [et_pb_line_break_holder] -->    \/\/ Adding a custom CSS class to a button module<!-- [et_pb_line_break_holder] -->    \/\/ is applied to the 'a' tag which is a child element<!-- [et_pb_line_break_holder] -->    \/\/ of the module wrapper. This code makes sure to append<!-- [et_pb_line_break_holder] -->    \/\/ the entire button module wrapper (the parent element)<!-- [et_pb_line_break_holder] -->    \/\/ as well. This functionality is the same as option #3 above.<!-- [et_pb_line_break_holder] -->    \/\/ Siimply use the class 'divi-portable-button' on a button module<!-- [et_pb_line_break_holder] -->    \/\/ instead of 'divi-portable-module'.<!-- [et_pb_line_break_holder] -->    $('.divi-portable-button2').parent().each(function () {<!-- [et_pb_line_break_holder] -->      $(this).closest('.parent-column').find('.divi-module-destination2').append($(this));<!-- [et_pb_line_break_holder] -->    });<!-- [et_pb_line_break_holder] --><!-- [et_pb_line_break_holder] -->    \/\/ Option #2: Move Divi Row(s) into a Module<!-- [et_pb_line_break_holder] -->    \/\/ Limit: One Instance per Section<!-- [et_pb_line_break_holder] -->    \/\/ Use the following code if you want to move <!-- [et_pb_line_break_holder] -->    \/\/ a row inside a module on more than one section<!-- [et_pb_line_break_holder] -->    \/\/ of a page. Each section with the<!-- [et_pb_line_break_holder] -->    \/\/ class 'parent-section' will append any row(s)<!-- [et_pb_line_break_holder] -->    \/\/ with the class 'divi-portable-row' to the div<!-- [et_pb_line_break_holder] -->    \/\/ with the class 'divi-row-destination'.<!-- [et_pb_line_break_holder] -->    \/\/ Only one instance of 'divi-row-destination' should<!-- [et_pb_line_break_holder] -->    \/\/ be added per section.<!-- [et_pb_line_break_holder] -->    $('.divi-portable-row2').each(function () {<!-- [et_pb_line_break_holder] -->      $(this).closest('.parent-section').find('.divi-row-destination2').append($(this));<!-- [et_pb_line_break_holder] -->    });<!-- [et_pb_line_break_holder] --><!-- [et_pb_line_break_holder] -->  });<!-- [et_pb_line_break_holder] -->})(jQuery);<!-- [et_pb_line_break_holder] --><\/script><\/pee>[\/et_pb_code][\/et_pb_column][\/et_pb_row][\/et_pb_section]<\/p>\n","protected":false},"excerpt":{"rendered":"<p>\u201eWer singt, betet doppelt.\u201d \/Martin Luther\/ Die in Ungarn lebenden Deutschen \u00fcberlebten die schwierigen historischen Zeiten\u00a0 mithilfe ihrer Muttersprache und ihres starken christlichen Glaubens. Es war ein grundlegendes Bed\u00fcrfnis und [&hellip;]<\/p>\n","protected":false},"author":1,"featured_media":0,"parent":0,"menu_order":0,"comment_status":"closed","ping_status":"closed","template":"","meta":{"_et_pb_use_builder":"on","_et_pb_old_content":"","_et_gb_content_width":"","inline_featured_image":false,"footnotes":""},"_links":{"self":[{"href":"https:\/\/landesrat.hu\/de\/wp-json\/wp\/v2\/pages\/5065"}],"collection":[{"href":"https:\/\/landesrat.hu\/de\/wp-json\/wp\/v2\/pages"}],"about":[{"href":"https:\/\/landesrat.hu\/de\/wp-json\/wp\/v2\/types\/page"}],"author":[{"embeddable":true,"href":"https:\/\/landesrat.hu\/de\/wp-json\/wp\/v2\/users\/1"}],"replies":[{"embeddable":true,"href":"https:\/\/landesrat.hu\/de\/wp-json\/wp\/v2\/comments?post=5065"}],"version-history":[{"count":15,"href":"https:\/\/landesrat.hu\/de\/wp-json\/wp\/v2\/pages\/5065\/revisions"}],"predecessor-version":[{"id":6502,"href":"https:\/\/landesrat.hu\/de\/wp-json\/wp\/v2\/pages\/5065\/revisions\/6502"}],"wp:attachment":[{"href":"https:\/\/landesrat.hu\/de\/wp-json\/wp\/v2\/media?parent=5065"}],"curies":[{"name":"wp","href":"https:\/\/api.w.org\/{rel}","templated":true}]}}